{"id":31490,"date":"2022-03-10T10:52:47","date_gmt":"2022-03-10T08:52:47","guid":{"rendered":"https:\/\/www.radiomarket.fi\/?post_type=product&#038;p=31490"},"modified":"2025-07-11T16:32:37","modified_gmt":"2025-07-11T13:32:37","slug":"ekum0182-philips-cd","status":"publish","type":"product","link":"https:\/\/www.radiomarket.fi\/en\/kohde\/ekum0182-philips-cd\/","title":{"rendered":"EKUM0182 Philips CD AK630\/00B"},"content":{"rendered":"<p>Siistinoloinen p\u00f6yt\u00e4malli. Testattu 7\/2022 ilman \u00e4\u00e4nt\u00e4. Virta tulee ja levy l\u00e4htee py\u00f6rim\u00e4\u00e4n. Ei verkkojohtoa mukana, mutta yleismallin virtajohto sopii.<\/p>","protected":false},"excerpt":{"rendered":"<p>Siistinoloinen p\u00f6yt\u00e4malli. Testattu 7\/2022 ilman \u00e4\u00e4nt\u00e4. Virta tulee ja levy l\u00e4htee py\u00f6rim\u00e4\u00e4n. Ei verkkojohtoa mukana, mutta yleismallin virtajohto sopii.<\/p>","protected":false},"featured_media":0,"template":"","meta":[],"_links":{"self":[{"href":"https:\/\/www.radiomarket.fi\/en\/wp-json\/wp\/v2\/product\/31490"}],"collection":[{"href":"https:\/\/www.radiomarket.fi\/en\/wp-json\/wp\/v2\/product"}],"about":[{"href":"https:\/\/www.radiomarket.fi\/en\/wp-json\/wp\/v2\/types\/product"}],"wp:attachment":[{"href":"https:\/\/www.radiomarket.fi\/en\/wp-json\/wp\/v2\/media?parent=31490"}],"curies":[{"name":"wp","href":"https:\/\/api.w.org\/{rel}","templated":true}]}}