{"id":31510,"date":"2022-03-10T13:10:47","date_gmt":"2022-03-10T11:10:47","guid":{"rendered":"https:\/\/www.radiomarket.fi\/?post_type=product&#038;p=31510"},"modified":"2022-09-12T09:30:17","modified_gmt":"2022-09-12T06:30:17","slug":"ekus0135-philips-n2205-c-kasettisoitin","status":"publish","type":"product","link":"https:\/\/www.radiomarket.fi\/en\/kohde\/ekus0135-philips-n2205-c-kasettisoitin\/","title":{"rendered":"EKUS0135 Philips N2205 C-kasettisoitin"},"content":{"rendered":"<p>Kolhuton. Alkuper\u00e4inen virtajohto ja hyv\u00e4kuntoinen kotelo mukana. Soittaa kasettia v\u00e4\u00e4r\u00e4ll\u00e4 nopeudella. Kelaushihnavika.<\/p>","protected":false},"excerpt":{"rendered":"<p>Kolhuton. Alkuper\u00e4inen virtajohto ja hyv\u00e4kuntoinen kotelo mukana. Soittaa kasettia v\u00e4\u00e4r\u00e4ll\u00e4 nopeudella. Kelaushihnavika.<\/p>","protected":false},"featured_media":31671,"template":"","meta":[],"_links":{"self":[{"href":"https:\/\/www.radiomarket.fi\/en\/wp-json\/wp\/v2\/product\/31510"}],"collection":[{"href":"https:\/\/www.radiomarket.fi\/en\/wp-json\/wp\/v2\/product"}],"about":[{"href":"https:\/\/www.radiomarket.fi\/en\/wp-json\/wp\/v2\/types\/product"}],"wp:featuredmedia":[{"embeddable":true,"href":"https:\/\/www.radiomarket.fi\/en\/wp-json\/wp\/v2\/media\/31671"}],"wp:attachment":[{"href":"https:\/\/www.radiomarket.fi\/en\/wp-json\/wp\/v2\/media?parent=31510"}],"curies":[{"name":"wp","href":"https:\/\/api.w.org\/{rel}","templated":true}]}}