{"id":31524,"date":"2022-03-10T14:02:49","date_gmt":"2022-03-10T12:02:49","guid":{"rendered":"https:\/\/www.radiomarket.fi\/?post_type=product&#038;p=31524"},"modified":"2023-11-08T10:28:07","modified_gmt":"2023-11-08T08:28:07","slug":"ekus0148-luxor-malli-e3w-levysoitin","status":"publish","type":"product","link":"https:\/\/www.radiomarket.fi\/en\/kohde\/ekus0148-luxor-malli-e3w-levysoitin\/","title":{"rendered":"EKUS0148 Luxor Malli E3W levysoitin"},"content":{"rendered":"<p>Finnlux Oy. Rullapalautinmekanismi ei toimi koska py\u00f6r\u00e4kumi kovettunut, levy py\u00f6rii, mekanismi kahisee.<\/p>","protected":false},"excerpt":{"rendered":"<p>Finnlux Oy. Rullapalautinmekanismi ei toimi koska py\u00f6r\u00e4kumi kovettunut, levy py\u00f6rii, mekanismi kahisee.<\/p>","protected":false},"featured_media":31616,"template":"","meta":[],"_links":{"self":[{"href":"https:\/\/www.radiomarket.fi\/en\/wp-json\/wp\/v2\/product\/31524"}],"collection":[{"href":"https:\/\/www.radiomarket.fi\/en\/wp-json\/wp\/v2\/product"}],"about":[{"href":"https:\/\/www.radiomarket.fi\/en\/wp-json\/wp\/v2\/types\/product"}],"wp:featuredmedia":[{"embeddable":true,"href":"https:\/\/www.radiomarket.fi\/en\/wp-json\/wp\/v2\/media\/31616"}],"wp:attachment":[{"href":"https:\/\/www.radiomarket.fi\/en\/wp-json\/wp\/v2\/media?parent=31524"}],"curies":[{"name":"wp","href":"https:\/\/api.w.org\/{rel}","templated":true}]}}