{"id":31526,"date":"2022-03-10T14:23:43","date_gmt":"2022-03-10T12:23:43","guid":{"rendered":"https:\/\/www.radiomarket.fi\/?post_type=product&#038;p=31526"},"modified":"2025-01-27T12:17:13","modified_gmt":"2025-01-27T10:17:13","slug":"lars0050-hornyphon-lord-39b","status":"publish","type":"product","link":"https:\/\/www.radiomarket.fi\/en\/kohde\/lars0050-hornyphon-lord-39b\/","title":{"rendered":"LARS0050 Hornyphon Lord 39B puretaan"},"content":{"rendered":"<p>Alunperin ollut paristokone. P\u00e4\u00e4llep\u00e4in siisti, muutettu j\u00e4lkik\u00e4teen verkkokoneeksi. J\u00e4ljell\u00e4 putket EF9 ja AZ1. Voidaan myyd\u00e4 osina tai kokonaisena.\u00a0 Kotelo vaikuttaa olevan sama kuin Hornyphon Prinz 39 -mallissa, kotelo myyty varaosiksi. Loput osat tulossa takaisin varastoon l\u00e4hiaikoina. Tiedustele tarvitsemiasi osia.<br \/><br \/><strong>Myytyj\u00e4 \/ poistettuja osia ainakin seuraavat:<\/strong><br \/><br \/>Kaksi putkea puuttuu, p\u00e4\u00e4teputki ja sekoittaja.<br \/>Kotelo varaosiksi.<br \/><br \/><br \/><\/p>","protected":false},"excerpt":{"rendered":"<p>Alunperin ollut paristokone. P\u00e4\u00e4llep\u00e4in siisti, muutettu j\u00e4lkik\u00e4teen verkkokoneeksi. J\u00e4ljell\u00e4 putket EF9 ja AZ1. Voidaan myyd\u00e4 osina tai kokonaisena.\u00a0 Kotelo vaikuttaa olevan sama kuin Hornyphon Prinz 39 -mallissa, kotelo myyty varaosiksi. Loput osat tulossa takaisin varastoon l\u00e4hiaikoina. Tiedustele tarvitsemiasi osia.Myytyj\u00e4 \/ poistettuja osia ainakin seuraavat:Kaksi putkea puuttuu, p\u00e4\u00e4teputki ja sekoittaja.Kotelo varaosiksi.<\/p>","protected":false},"featured_media":31743,"template":"","meta":[],"_links":{"self":[{"href":"https:\/\/www.radiomarket.fi\/en\/wp-json\/wp\/v2\/product\/31526"}],"collection":[{"href":"https:\/\/www.radiomarket.fi\/en\/wp-json\/wp\/v2\/product"}],"about":[{"href":"https:\/\/www.radiomarket.fi\/en\/wp-json\/wp\/v2\/types\/product"}],"wp:featuredmedia":[{"embeddable":true,"href":"https:\/\/www.radiomarket.fi\/en\/wp-json\/wp\/v2\/media\/31743"}],"wp:attachment":[{"href":"https:\/\/www.radiomarket.fi\/en\/wp-json\/wp\/v2\/media?parent=31526"}],"curies":[{"name":"wp","href":"https:\/\/api.w.org\/{rel}","templated":true}]}}