{"id":31531,"date":"2022-03-10T14:57:09","date_gmt":"2022-03-10T12:57:09","guid":{"rendered":"https:\/\/www.radiomarket.fi\/?post_type=product&#038;p=31531"},"modified":"2023-11-14T17:39:19","modified_gmt":"2023-11-14T15:39:19","slug":"ekus0150-philips-d6511-kasettisoitin","status":"publish","type":"product","link":"https:\/\/www.radiomarket.fi\/en\/kohde\/ekus0150-philips-d6511-kasettisoitin\/","title":{"rendered":"EKUS0150 Philips D6511 kasettisoitin"},"content":{"rendered":"<p>Ei k\u00e4yt\u00f6n j\u00e4lki\u00e4.<\/p>","protected":false},"excerpt":{"rendered":"<p>Ei k\u00e4yt\u00f6n j\u00e4lki\u00e4.<\/p>","protected":false},"featured_media":31610,"template":"","meta":[],"_links":{"self":[{"href":"https:\/\/www.radiomarket.fi\/en\/wp-json\/wp\/v2\/product\/31531"}],"collection":[{"href":"https:\/\/www.radiomarket.fi\/en\/wp-json\/wp\/v2\/product"}],"about":[{"href":"https:\/\/www.radiomarket.fi\/en\/wp-json\/wp\/v2\/types\/product"}],"wp:featuredmedia":[{"embeddable":true,"href":"https:\/\/www.radiomarket.fi\/en\/wp-json\/wp\/v2\/media\/31610"}],"wp:attachment":[{"href":"https:\/\/www.radiomarket.fi\/en\/wp-json\/wp\/v2\/media?parent=31531"}],"curies":[{"name":"wp","href":"https:\/\/api.w.org\/{rel}","templated":true}]}}