{"id":31533,"date":"2022-03-10T14:59:51","date_gmt":"2022-03-10T12:59:51","guid":{"rendered":"https:\/\/www.radiomarket.fi\/?post_type=product&#038;p=31533"},"modified":"2022-03-13T15:50:45","modified_gmt":"2022-03-13T13:50:45","slug":"ekus0152-luxor-fiesta-type-150-7000-stereoyhdistelma","status":"publish","type":"product","link":"https:\/\/www.radiomarket.fi\/en\/kohde\/ekus0152-luxor-fiesta-type-150-7000-stereoyhdistelma\/","title":{"rendered":"EKUS0152 Luxor Fiesta Type 150 7000 stereoyhdistelm\u00e4"},"content":{"rendered":"<p>N\u00e4ytt\u00e4\u00e4 t\u00e4ydelliselt\u00e4. Kannessa himmeit\u00e4 naarmuja. Radio ULA soi, toimii kasettisoittimet py\u00f6riv\u00e4t heikosti. Levysoitin toimii oikealla LP-nopeudella.<\/p>","protected":false},"excerpt":{"rendered":"<p>N\u00e4ytt\u00e4\u00e4 t\u00e4ydelliselt\u00e4. Kannessa himmeit\u00e4 naarmuja. Radio ULA soi, toimii kasettisoittimet py\u00f6riv\u00e4t heikosti. Levysoitin toimii oikealla LP-nopeudella.<\/p>","protected":false},"featured_media":31606,"template":"","meta":[],"_links":{"self":[{"href":"https:\/\/www.radiomarket.fi\/en\/wp-json\/wp\/v2\/product\/31533"}],"collection":[{"href":"https:\/\/www.radiomarket.fi\/en\/wp-json\/wp\/v2\/product"}],"about":[{"href":"https:\/\/www.radiomarket.fi\/en\/wp-json\/wp\/v2\/types\/product"}],"wp:featuredmedia":[{"embeddable":true,"href":"https:\/\/www.radiomarket.fi\/en\/wp-json\/wp\/v2\/media\/31606"}],"wp:attachment":[{"href":"https:\/\/www.radiomarket.fi\/en\/wp-json\/wp\/v2\/media?parent=31533"}],"curies":[{"name":"wp","href":"https:\/\/api.w.org\/{rel}","templated":true}]}}