{"id":31534,"date":"2022-03-10T15:04:37","date_gmt":"2022-03-10T13:04:37","guid":{"rendered":"https:\/\/www.radiomarket.fi\/?post_type=product&#038;p=31534"},"modified":"2022-03-13T15:44:35","modified_gmt":"2022-03-13T13:44:35","slug":"ekus0153-texo-fm-radio-kotelossa","status":"publish","type":"product","link":"https:\/\/www.radiomarket.fi\/en\/kohde\/ekus0153-texo-fm-radio-kotelossa\/","title":{"rendered":"EKUS0153 Texco T-22 92668 FM Radio laatikossa"},"content":{"rendered":"<p>N\u00e4ytt\u00e4\u00e4 t\u00e4ydelliselt\u00e4.<\/p>","protected":false},"excerpt":{"rendered":"<p>N\u00e4ytt\u00e4\u00e4 t\u00e4ydelliselt\u00e4.<\/p>","protected":false},"featured_media":31602,"template":"","meta":[],"_links":{"self":[{"href":"https:\/\/www.radiomarket.fi\/en\/wp-json\/wp\/v2\/product\/31534"}],"collection":[{"href":"https:\/\/www.radiomarket.fi\/en\/wp-json\/wp\/v2\/product"}],"about":[{"href":"https:\/\/www.radiomarket.fi\/en\/wp-json\/wp\/v2\/types\/product"}],"wp:featuredmedia":[{"embeddable":true,"href":"https:\/\/www.radiomarket.fi\/en\/wp-json\/wp\/v2\/media\/31602"}],"wp:attachment":[{"href":"https:\/\/www.radiomarket.fi\/en\/wp-json\/wp\/v2\/media?parent=31534"}],"curies":[{"name":"wp","href":"https:\/\/api.w.org\/{rel}","templated":true}]}}