{"id":31535,"date":"2022-03-10T15:08:20","date_gmt":"2022-03-10T13:08:20","guid":{"rendered":"https:\/\/www.radiomarket.fi\/?post_type=product&#038;p=31535"},"modified":"2022-11-28T18:10:30","modified_gmt":"2022-11-28T16:10:30","slug":"ekus0154-jvc-dr-e31l-stereoyhdistelma","status":"publish","type":"product","link":"https:\/\/www.radiomarket.fi\/en\/kohde\/ekus0154-jvc-dr-e31l-stereoyhdistelma\/","title":{"rendered":"EKUS0154 JVC DR-E31L stereoyhdistelm\u00e4"},"content":{"rendered":"<p>Py\u00f6ritt\u00e4\u00e4 kasettia.<\/p>","protected":false},"excerpt":{"rendered":"<p>Py\u00f6ritt\u00e4\u00e4 kasettia.<\/p>","protected":false},"featured_media":31601,"template":"","meta":[],"_links":{"self":[{"href":"https:\/\/www.radiomarket.fi\/en\/wp-json\/wp\/v2\/product\/31535"}],"collection":[{"href":"https:\/\/www.radiomarket.fi\/en\/wp-json\/wp\/v2\/product"}],"about":[{"href":"https:\/\/www.radiomarket.fi\/en\/wp-json\/wp\/v2\/types\/product"}],"wp:featuredmedia":[{"embeddable":true,"href":"https:\/\/www.radiomarket.fi\/en\/wp-json\/wp\/v2\/media\/31601"}],"wp:attachment":[{"href":"https:\/\/www.radiomarket.fi\/en\/wp-json\/wp\/v2\/media?parent=31535"}],"curies":[{"name":"wp","href":"https:\/\/api.w.org\/{rel}","templated":true}]}}