{"id":31717,"date":"2022-03-15T22:24:41","date_gmt":"2022-03-15T20:24:41","guid":{"rendered":"https:\/\/www.radiomarket.fi\/?post_type=product&#038;p=31717"},"modified":"2023-07-31T10:11:06","modified_gmt":"2023-07-31T07:11:06","slug":"ekub0155-piirtoheitin-opete-oy","status":"publish","type":"product","link":"https:\/\/www.radiomarket.fi\/en\/kohde\/ekub0155-piirtoheitin-opete-oy\/","title":{"rendered":"EKUB0155 piirtoheitin Opete Oy"},"content":{"rendered":"<p>Pienikokoinen piirtoheitin, toimi kokeiltaessa. Halogenipolttimon s\u00e4ilymist\u00e4 ehj\u00e4n\u00e4 postituksessa ei voida taata.<\/p><p>Laitteessa tunnistekaiverrus Kirkonkyl\u00e4n Ala-aste<\/p>","protected":false},"excerpt":{"rendered":"<p>Pienikokoinen piirtoheitin, toimi kokeiltaessa. Halogenipolttimon s\u00e4ilymist\u00e4 ehj\u00e4n\u00e4 postituksessa ei voida taata.Laitteessa tunnistekaiverrus Kirkonkyl\u00e4n Ala-aste<\/p>","protected":false},"featured_media":30979,"template":"","meta":[],"_links":{"self":[{"href":"https:\/\/www.radiomarket.fi\/en\/wp-json\/wp\/v2\/product\/31717"}],"collection":[{"href":"https:\/\/www.radiomarket.fi\/en\/wp-json\/wp\/v2\/product"}],"about":[{"href":"https:\/\/www.radiomarket.fi\/en\/wp-json\/wp\/v2\/types\/product"}],"wp:featuredmedia":[{"embeddable":true,"href":"https:\/\/www.radiomarket.fi\/en\/wp-json\/wp\/v2\/media\/30979"}],"wp:attachment":[{"href":"https:\/\/www.radiomarket.fi\/en\/wp-json\/wp\/v2\/media?parent=31717"}],"curies":[{"name":"wp","href":"https:\/\/api.w.org\/{rel}","templated":true}]}}