{"id":31718,"date":"2022-03-15T22:25:57","date_gmt":"2022-03-15T20:25:57","guid":{"rendered":"https:\/\/www.radiomarket.fi\/?post_type=product&#038;p=31718"},"modified":"2022-03-17T21:26:26","modified_gmt":"2022-03-17T19:26:26","slug":"ekub0178-rinnakkaisliitantavalitsin","status":"publish","type":"product","link":"https:\/\/www.radiomarket.fi\/en\/kohde\/ekub0178-rinnakkaisliitantavalitsin\/","title":{"rendered":"EKUB0178 rinnakkaisliit\u00e4nt\u00e4valitsin Data Switch"},"content":{"rendered":"<p>Valitse kahdesta kaapelista kytkimell\u00e4. Printterivalitsin. Poistettu k\u00e4yt\u00f6st\u00e4 toimivana. Teippij\u00e4lki\u00e4.<\/p>","protected":false},"excerpt":{"rendered":"<p>Valitse kahdesta kaapelista kytkimell\u00e4. Printterivalitsin. Poistettu k\u00e4yt\u00f6st\u00e4 toimivana. Teippij\u00e4lki\u00e4.<\/p>","protected":false},"featured_media":31762,"template":"","meta":[],"_links":{"self":[{"href":"https:\/\/www.radiomarket.fi\/en\/wp-json\/wp\/v2\/product\/31718"}],"collection":[{"href":"https:\/\/www.radiomarket.fi\/en\/wp-json\/wp\/v2\/product"}],"about":[{"href":"https:\/\/www.radiomarket.fi\/en\/wp-json\/wp\/v2\/types\/product"}],"wp:featuredmedia":[{"embeddable":true,"href":"https:\/\/www.radiomarket.fi\/en\/wp-json\/wp\/v2\/media\/31762"}],"wp:attachment":[{"href":"https:\/\/www.radiomarket.fi\/en\/wp-json\/wp\/v2\/media?parent=31718"}],"curies":[{"name":"wp","href":"https:\/\/api.w.org\/{rel}","templated":true}]}}