{"id":31730,"date":"2024-10-31T12:23:25","date_gmt":"2024-10-31T10:23:25","guid":{"rendered":"https:\/\/www.radiomarket.fi\/?post_type=product&#038;p=31730"},"modified":"2025-09-26T16:37:24","modified_gmt":"2025-09-26T13:37:24","slug":"ekus0673-helkama-radio-ja-tv-tietokanta-cd","status":"publish","type":"product","link":"https:\/\/www.radiomarket.fi\/en\/kohde\/ekus0673-helkama-radio-ja-tv-tietokanta-cd\/","title":{"rendered":"EKUS0673 Helkama radio- ja tv-tietokanta-CD"},"content":{"rendered":"<p>CD sis\u00e4lt\u00e4\u00e4 Helkama tv- ja radiotehtaan arkistosta tallennettuja kytkent\u00e4kaavioita, kuvia ja mainosmateriaalia. Aineisto on tarkoitettu ensisijaisesti radio- ja tv-harrastajien k\u00e4ytt\u00f6\u00f6n. Julkaistu 1.2.2005.<\/p>","protected":false},"excerpt":{"rendered":"<p>CD sis\u00e4lt\u00e4\u00e4 Helkama tv- ja radiotehtaan arkistosta tallennettuja kytkent\u00e4kaavioita, kuvia ja mainosmateriaalia. Aineisto on tarkoitettu ensisijaisesti radio- ja tv-harrastajien k\u00e4ytt\u00f6\u00f6n. Julkaistu 1.2.2005.<\/p>","protected":false},"featured_media":31734,"template":"","meta":[],"_links":{"self":[{"href":"https:\/\/www.radiomarket.fi\/en\/wp-json\/wp\/v2\/product\/31730"}],"collection":[{"href":"https:\/\/www.radiomarket.fi\/en\/wp-json\/wp\/v2\/product"}],"about":[{"href":"https:\/\/www.radiomarket.fi\/en\/wp-json\/wp\/v2\/types\/product"}],"wp:featuredmedia":[{"embeddable":true,"href":"https:\/\/www.radiomarket.fi\/en\/wp-json\/wp\/v2\/media\/31734"}],"wp:attachment":[{"href":"https:\/\/www.radiomarket.fi\/en\/wp-json\/wp\/v2\/media?parent=31730"}],"curies":[{"name":"wp","href":"https:\/\/api.w.org\/{rel}","templated":true}]}}