{"id":31763,"date":"2022-03-17T21:25:58","date_gmt":"2022-03-17T19:25:58","guid":{"rendered":"https:\/\/www.radiomarket.fi\/?post_type=product&#038;p=31763"},"modified":"2022-03-17T21:36:17","modified_gmt":"2022-03-17T19:36:17","slug":"lars0053-philips-n2228-ekus","status":"publish","type":"product","link":"https:\/\/www.radiomarket.fi\/en\/kohde\/lars0053-philips-n2228-ekus\/","title":{"rendered":"LARS0053 Philips N2228 (EKUS)"},"content":{"rendered":"<p>Voidaan myyd\u00e4 kokonaisena tai osina. Pyynn\u00f6st\u00e4 lis\u00e4kuvia.<br \/><br \/><strong>Rikkoontuneita \/ poistettuja osia ainakin seuraavat:<\/strong><br \/><br \/>Ei paristoluukkua.<br \/>Viidennest\u00e4 painonapista puuttuu jotain?<br \/><br \/>Muitakin osia saattaa puuttua, ei tutkittu tarkemmin. Tarkistathan tietojen oikeellisuuden myyj\u00e4lt\u00e4.<br \/><br \/><\/p>","protected":false},"excerpt":{"rendered":"<p>Voidaan myyd\u00e4 kokonaisena tai osina. Pyynn\u00f6st\u00e4 lis\u00e4kuvia.Rikkoontuneita \/ poistettuja osia ainakin seuraavat:Ei paristoluukkua.Viidennest\u00e4 painonapista puuttuu jotain?Muitakin osia saattaa puuttua, ei tutkittu tarkemmin. Tarkistathan tietojen oikeellisuuden myyj\u00e4lt\u00e4.<\/p>","protected":false},"featured_media":31764,"template":"","meta":[],"_links":{"self":[{"href":"https:\/\/www.radiomarket.fi\/en\/wp-json\/wp\/v2\/product\/31763"}],"collection":[{"href":"https:\/\/www.radiomarket.fi\/en\/wp-json\/wp\/v2\/product"}],"about":[{"href":"https:\/\/www.radiomarket.fi\/en\/wp-json\/wp\/v2\/types\/product"}],"wp:featuredmedia":[{"embeddable":true,"href":"https:\/\/www.radiomarket.fi\/en\/wp-json\/wp\/v2\/media\/31764"}],"wp:attachment":[{"href":"https:\/\/www.radiomarket.fi\/en\/wp-json\/wp\/v2\/media?parent=31763"}],"curies":[{"name":"wp","href":"https:\/\/api.w.org\/{rel}","templated":true}]}}