{"id":31767,"date":"2022-03-17T21:36:43","date_gmt":"2022-03-17T19:36:43","guid":{"rendered":"https:\/\/www.radiomarket.fi\/?post_type=product&#038;p=31767"},"modified":"2022-04-29T11:54:29","modified_gmt":"2022-04-29T08:54:29","slug":"lars0055-grundig-party-boy-ekus","status":"publish","type":"product","link":"https:\/\/www.radiomarket.fi\/en\/kohde\/lars0055-grundig-party-boy-ekus\/","title":{"rendered":"LARS0055 Grundig Party Boy 207(?) (EKUS)"},"content":{"rendered":"<p>Voidaan myyd\u00e4 kokonaisena tai osina. Vaikuttaa \u00e4kkiselt\u00e4\u00e4n olevan malli 207. Hinta t\u00e4st\u00e4 saatavien varaosien ajateltu yhteishinta. Varaosiksi esim. painonapit, kahva, antenni(?), Party Boy -logo, koneisto ym.\u00a0 Varaosatilaukset s\u00e4hk\u00f6postilla.<br \/><br \/><strong>Rikkoontuneita \/ poistettuja osia ainakin seuraavat:<\/strong><br \/><br \/>Ei asteikkoa.<br \/>Ei nuppeja.<br \/>Ei paristokotelon luukkua.\u00a0<br \/>Grundig-logo puuttuu.<br \/>Asteikkoa kiert\u00e4v\u00e4ss\u00e4 kiilt\u00e4v\u00e4ss\u00e4 kehyksess\u00e4 on muutamia lommoja tai v\u00e4\u00e4ntymi\u00e4, joita yritetty saada n\u00e4kym\u00e4\u00e4n tuotekuvissa.<br \/><br \/>Muitakin osia saattaa puuttua, ei tutkittu tarkemmin. Tarkistathan tietojen oikeellisuuden myyj\u00e4lt\u00e4.<br \/><br \/><\/p>","protected":false},"excerpt":{"rendered":"<p>Voidaan myyd\u00e4 kokonaisena tai osina. Vaikuttaa \u00e4kkiselt\u00e4\u00e4n olevan malli 207. Hinta t\u00e4st\u00e4 saatavien varaosien ajateltu yhteishinta. Varaosiksi esim. painonapit, kahva, antenni(?), Party Boy -logo, koneisto ym.\u00a0 Varaosatilaukset s\u00e4hk\u00f6postilla.Rikkoontuneita \/ poistettuja osia ainakin seuraavat:Ei asteikkoa.Ei nuppeja.Ei paristokotelon luukkua.\u00a0Grundig-logo puuttuu.Asteikkoa kiert\u00e4v\u00e4ss\u00e4 kiilt\u00e4v\u00e4ss\u00e4 kehyksess\u00e4 on muutamia lommoja tai v\u00e4\u00e4ntymi\u00e4, joita yritetty saada n\u00e4kym\u00e4\u00e4n tuotekuvissa.Muitakin osia saattaa puuttua, ei &hellip;<\/p>\n<p class=\"read-more\"> <a class=\"thunk-readmore button\" href=\"https:\/\/www.radiomarket.fi\/en\/kohde\/lars0055-grundig-party-boy-ekus\/\"> <span class=\"screen-reader-text\">LARS0055 Grundig Party Boy 207(?) (EKUS)<\/span>Read More<\/a><\/p>","protected":false},"featured_media":32290,"template":"","meta":[],"_links":{"self":[{"href":"https:\/\/www.radiomarket.fi\/en\/wp-json\/wp\/v2\/product\/31767"}],"collection":[{"href":"https:\/\/www.radiomarket.fi\/en\/wp-json\/wp\/v2\/product"}],"about":[{"href":"https:\/\/www.radiomarket.fi\/en\/wp-json\/wp\/v2\/types\/product"}],"wp:featuredmedia":[{"embeddable":true,"href":"https:\/\/www.radiomarket.fi\/en\/wp-json\/wp\/v2\/media\/32290"}],"wp:attachment":[{"href":"https:\/\/www.radiomarket.fi\/en\/wp-json\/wp\/v2\/media?parent=31767"}],"curies":[{"name":"wp","href":"https:\/\/api.w.org\/{rel}","templated":true}]}}