{"id":31768,"date":"2022-03-17T21:40:37","date_gmt":"2022-03-17T19:40:37","guid":{"rendered":"https:\/\/www.radiomarket.fi\/?post_type=product&#038;p=31768"},"modified":"2022-03-31T17:59:20","modified_gmt":"2022-03-31T14:59:20","slug":"lars0056-lark-bb-228-ekus","status":"publish","type":"product","link":"https:\/\/www.radiomarket.fi\/en\/kohde\/lars0056-lark-bb-228-ekus\/","title":{"rendered":"LARS0056 Lark BB-228 (EKUS)"},"content":{"rendered":"<p>Voidaan myyd\u00e4 kokonaisena tai osina. Pyynn\u00f6st\u00e4 lis\u00e4kuvia.\u00a0<br \/><br \/><br \/><strong>Rikkoontuneita \/ poistettuja osia ainakin seuraavat:<\/strong><br \/><br \/>&#8211;<br \/><br \/>Muitakin osia saattaa puuttua, ei tutkittu tarkemmin. Tarkistathan tietojen oikeellisuuden myyj\u00e4lt\u00e4.<br \/><br \/><\/p>","protected":false},"excerpt":{"rendered":"<p>Voidaan myyd\u00e4 kokonaisena tai osina. Pyynn\u00f6st\u00e4 lis\u00e4kuvia.\u00a0Rikkoontuneita \/ poistettuja osia ainakin seuraavat:&#8211;Muitakin osia saattaa puuttua, ei tutkittu tarkemmin. Tarkistathan tietojen oikeellisuuden myyj\u00e4lt\u00e4.<\/p>","protected":false},"featured_media":31769,"template":"","meta":[],"_links":{"self":[{"href":"https:\/\/www.radiomarket.fi\/en\/wp-json\/wp\/v2\/product\/31768"}],"collection":[{"href":"https:\/\/www.radiomarket.fi\/en\/wp-json\/wp\/v2\/product"}],"about":[{"href":"https:\/\/www.radiomarket.fi\/en\/wp-json\/wp\/v2\/types\/product"}],"wp:featuredmedia":[{"embeddable":true,"href":"https:\/\/www.radiomarket.fi\/en\/wp-json\/wp\/v2\/media\/31769"}],"wp:attachment":[{"href":"https:\/\/www.radiomarket.fi\/en\/wp-json\/wp\/v2\/media?parent=31768"}],"curies":[{"name":"wp","href":"https:\/\/api.w.org\/{rel}","templated":true}]}}