{"id":31772,"date":"2022-03-17T21:45:34","date_gmt":"2022-03-17T19:45:34","guid":{"rendered":"https:\/\/www.radiomarket.fi\/?post_type=product&#038;p=31772"},"modified":"2022-03-31T18:00:20","modified_gmt":"2022-03-31T15:00:20","slug":"lars0058-maruni-stereo-radio-cassette-recorder-model-number-218-ekus","status":"publish","type":"product","link":"https:\/\/www.radiomarket.fi\/en\/kohde\/lars0058-maruni-stereo-radio-cassette-recorder-model-number-218-ekus\/","title":{"rendered":"LARS0058 Maruni Stereo Radio Cassette Recorder Model Number 218 (EKUS)"},"content":{"rendered":"<p>Volumepotikka rohisee. Lyhyess\u00e4 testiss\u00e4 FM-kuuntelussa kuulostaa hyv\u00e4lt\u00e4. Ei tutkittu tarkemmin. Pyynn\u00f6st\u00e4 lis\u00e4kuvia.<br \/><br \/><strong>Rikkoontuneita \/ poistettuja osia ainakin seuraavat:<\/strong><br \/><br \/>Antenni poikki.<br \/><br \/>Muitakin osia saattaa puuttua, ei tutkittu tarkemmin. Tarkistathan tietojen oikeellisuuden myyj\u00e4lt\u00e4.<br \/><br \/><\/p>","protected":false},"excerpt":{"rendered":"<p>Volumepotikka rohisee. Lyhyess\u00e4 testiss\u00e4 FM-kuuntelussa kuulostaa hyv\u00e4lt\u00e4. Ei tutkittu tarkemmin. Pyynn\u00f6st\u00e4 lis\u00e4kuvia.Rikkoontuneita \/ poistettuja osia ainakin seuraavat:Antenni poikki.Muitakin osia saattaa puuttua, ei tutkittu tarkemmin. Tarkistathan tietojen oikeellisuuden myyj\u00e4lt\u00e4.<\/p>","protected":false},"featured_media":31773,"template":"","meta":[],"_links":{"self":[{"href":"https:\/\/www.radiomarket.fi\/en\/wp-json\/wp\/v2\/product\/31772"}],"collection":[{"href":"https:\/\/www.radiomarket.fi\/en\/wp-json\/wp\/v2\/product"}],"about":[{"href":"https:\/\/www.radiomarket.fi\/en\/wp-json\/wp\/v2\/types\/product"}],"wp:featuredmedia":[{"embeddable":true,"href":"https:\/\/www.radiomarket.fi\/en\/wp-json\/wp\/v2\/media\/31773"}],"wp:attachment":[{"href":"https:\/\/www.radiomarket.fi\/en\/wp-json\/wp\/v2\/media?parent=31772"}],"curies":[{"name":"wp","href":"https:\/\/api.w.org\/{rel}","templated":true}]}}