{"id":31777,"date":"2022-03-17T21:55:25","date_gmt":"2022-03-17T19:55:25","guid":{"rendered":"https:\/\/www.radiomarket.fi\/?post_type=product&#038;p=31777"},"modified":"2022-03-17T21:56:49","modified_gmt":"2022-03-17T19:56:49","slug":"lars0060-sankyo-str-250e-ekus","status":"publish","type":"product","link":"https:\/\/www.radiomarket.fi\/en\/kohde\/lars0060-sankyo-str-250e-ekus\/","title":{"rendered":"LARS0060 Sankyo STR-250E (EKUS)"},"content":{"rendered":"<p>Ei tutkittu tarkemmin. Pyynn\u00f6st\u00e4 lis\u00e4kuvia.<br \/><br \/><strong>Rikkoontuneita \/ poistettuja osia ainakin seuraavat:<\/strong><br \/><br \/>&#8211;<br \/><br \/>Muitakin osia saattaa puuttua, ei tutkittu tarkemmin. Tarkistathan tietojen oikeellisuuden myyj\u00e4lt\u00e4.<br \/><br \/><\/p>","protected":false},"excerpt":{"rendered":"<p>Ei tutkittu tarkemmin. Pyynn\u00f6st\u00e4 lis\u00e4kuvia.Rikkoontuneita \/ poistettuja osia ainakin seuraavat:&#8211;Muitakin osia saattaa puuttua, ei tutkittu tarkemmin. Tarkistathan tietojen oikeellisuuden myyj\u00e4lt\u00e4.<\/p>","protected":false},"featured_media":31779,"template":"","meta":[],"_links":{"self":[{"href":"https:\/\/www.radiomarket.fi\/en\/wp-json\/wp\/v2\/product\/31777"}],"collection":[{"href":"https:\/\/www.radiomarket.fi\/en\/wp-json\/wp\/v2\/product"}],"about":[{"href":"https:\/\/www.radiomarket.fi\/en\/wp-json\/wp\/v2\/types\/product"}],"wp:featuredmedia":[{"embeddable":true,"href":"https:\/\/www.radiomarket.fi\/en\/wp-json\/wp\/v2\/media\/31779"}],"wp:attachment":[{"href":"https:\/\/www.radiomarket.fi\/en\/wp-json\/wp\/v2\/media?parent=31777"}],"curies":[{"name":"wp","href":"https:\/\/api.w.org\/{rel}","templated":true}]}}