{"id":31795,"date":"2022-03-19T18:46:32","date_gmt":"2022-03-19T16:46:32","guid":{"rendered":"https:\/\/www.radiomarket.fi\/?post_type=product&#038;p=31795"},"modified":"2022-06-17T11:12:41","modified_gmt":"2022-06-17T08:12:41","slug":"ekub0183-toshiba-ct-90326-kaukosaadin","status":"publish","type":"product","link":"https:\/\/www.radiomarket.fi\/en\/kohde\/ekub0183-toshiba-ct-90326-kaukosaadin\/","title":{"rendered":"EKUB0183 Toshiba CT-90326 kaukos\u00e4\u00e4din"},"content":{"rendered":"<p>Toshiba television kaukos\u00e4\u00e4din.<\/p><p>Todettu maaliskuussa 2022 toimivaksi.<\/p><p>Toimitus kirjeen\u00e4 yksist\u00e4\u00e4n tilattaessa.<\/p><p>&nbsp;<\/p>","protected":false},"excerpt":{"rendered":"<p>Toshiba television kaukos\u00e4\u00e4din.Todettu maaliskuussa 2022 toimivaksi.Toimitus kirjeen\u00e4 yksist\u00e4\u00e4n tilattaessa.&nbsp;<\/p>","protected":false},"featured_media":31797,"template":"","meta":[],"_links":{"self":[{"href":"https:\/\/www.radiomarket.fi\/en\/wp-json\/wp\/v2\/product\/31795"}],"collection":[{"href":"https:\/\/www.radiomarket.fi\/en\/wp-json\/wp\/v2\/product"}],"about":[{"href":"https:\/\/www.radiomarket.fi\/en\/wp-json\/wp\/v2\/types\/product"}],"wp:featuredmedia":[{"embeddable":true,"href":"https:\/\/www.radiomarket.fi\/en\/wp-json\/wp\/v2\/media\/31797"}],"wp:attachment":[{"href":"https:\/\/www.radiomarket.fi\/en\/wp-json\/wp\/v2\/media?parent=31795"}],"curies":[{"name":"wp","href":"https:\/\/api.w.org\/{rel}","templated":true}]}}