{"id":31846,"date":"2022-03-25T05:00:36","date_gmt":"2022-03-25T03:00:36","guid":{"rendered":"https:\/\/www.radiomarket.fi\/?post_type=product&#038;p=31846"},"modified":"2025-08-26T17:13:03","modified_gmt":"2025-08-26T14:13:03","slug":"lars0065-asa-58x-ekus","status":"publish","type":"product","link":"https:\/\/www.radiomarket.fi\/en\/kohde\/lars0065-asa-58x-ekus\/","title":{"rendered":"LARS0065 ASA 574(?) (EKUS)"},"content":{"rendered":"<p>Mahdollisesti mallin 574 ASA.\u00a0<br \/><br \/><strong>Rikkoontuneita \/ poistettuja osia ainakin seuraavat:<\/strong><br \/><br \/>-Takalevy puuttuu kuvien mukaan, mutta saattaa kuitenkin l\u00f6yty\u00e4 mukaan.<br \/>-etupuolen yl\u00e4reunasta puuttuu valkea koristelista<br \/><br \/>Muitakin osia saattaa puuttua, ei tutkittu tarkemmin. Tarkistathan tietojen oikeellisuuden myyj\u00e4lt\u00e4.<br \/><br \/><\/p>","protected":false},"excerpt":{"rendered":"<p>Mahdollisesti mallin 574 ASA.\u00a0Rikkoontuneita \/ poistettuja osia ainakin seuraavat:-Takalevy puuttuu kuvien mukaan, mutta saattaa kuitenkin l\u00f6yty\u00e4 mukaan.-etupuolen yl\u00e4reunasta puuttuu valkea koristelistaMuitakin osia saattaa puuttua, ei tutkittu tarkemmin. Tarkistathan tietojen oikeellisuuden myyj\u00e4lt\u00e4.<\/p>","protected":false},"featured_media":31847,"template":"","meta":[],"_links":{"self":[{"href":"https:\/\/www.radiomarket.fi\/en\/wp-json\/wp\/v2\/product\/31846"}],"collection":[{"href":"https:\/\/www.radiomarket.fi\/en\/wp-json\/wp\/v2\/product"}],"about":[{"href":"https:\/\/www.radiomarket.fi\/en\/wp-json\/wp\/v2\/types\/product"}],"wp:featuredmedia":[{"embeddable":true,"href":"https:\/\/www.radiomarket.fi\/en\/wp-json\/wp\/v2\/media\/31847"}],"wp:attachment":[{"href":"https:\/\/www.radiomarket.fi\/en\/wp-json\/wp\/v2\/media?parent=31846"}],"curies":[{"name":"wp","href":"https:\/\/api.w.org\/{rel}","templated":true}]}}