{"id":31852,"date":"2022-03-25T05:13:10","date_gmt":"2022-03-25T03:13:10","guid":{"rendered":"https:\/\/www.radiomarket.fi\/?post_type=product&#038;p=31852"},"modified":"2023-05-27T12:01:39","modified_gmt":"2023-05-27T09:01:39","slug":"ekus0675-salora-riviera-1-koneisto-ja-asteikko","status":"publish","type":"product","link":"https:\/\/www.radiomarket.fi\/en\/kohde\/ekus0675-salora-riviera-1-koneisto-ja-asteikko\/","title":{"rendered":"EKUS0675 Salora Riviera 1 koneisto ja asteikko"},"content":{"rendered":"<p>Asteikon alareunassa kulumaj\u00e4lke\u00e4. Kaikki j\u00e4ljell\u00e4 olevat nupit v\u00e4\u00e4ri\u00e4. Myyd\u00e4\u00e4n t\u00e4h\u00e4n hintaan ilman v\u00e4\u00e4ri\u00e4 nuppeja.<br \/><br \/>SALORA RIVIERA 1 on toinen kahdesta rinnakkaismallista, joiden kytkenn\u00e4t ovat samanlaiset. Rinnakkaismalli on SEVILLA 5. RIVIERA 1:n valmistus alkoi 19.9.1966 ja sarjan suuruus oli 2000 kpl. Radioille varattiin sarjanumerot 10001&#8230;12000. (L\u00e4hde: http:\/\/www.salora.name\/radiot\/mallisto\/transistorit\/SALORA_RIVIERA_1.htm)<br \/><br \/>Katso my\u00f6s LARS0066.<br \/><br \/><strong>Rikkoontuneita \/ poistettuja osia ainakin seuraavat:<\/strong><br \/><br \/>-kotelo, kangas, takalevy, kaiuttimet, nupit (kaikki j\u00e4ljell\u00e4 olevat nupit v\u00e4\u00e4ri\u00e4)<br \/><br \/>Muitakin osia saattaa puuttua, ei tutkittu tarkemmin. Tarkistathan tietojen oikeellisuuden myyj\u00e4lt\u00e4.<br \/><br \/><\/p>","protected":false},"excerpt":{"rendered":"<p>Asteikon alareunassa kulumaj\u00e4lke\u00e4. Kaikki j\u00e4ljell\u00e4 olevat nupit v\u00e4\u00e4ri\u00e4. Myyd\u00e4\u00e4n t\u00e4h\u00e4n hintaan ilman v\u00e4\u00e4ri\u00e4 nuppeja.SALORA RIVIERA 1 on toinen kahdesta rinnakkaismallista, joiden kytkenn\u00e4t ovat samanlaiset. Rinnakkaismalli on SEVILLA 5. RIVIERA 1:n valmistus alkoi 19.9.1966 ja sarjan suuruus oli 2000 kpl. Radioille varattiin sarjanumerot 10001&#8230;12000. (L\u00e4hde: http:\/\/www.salora.name\/radiot\/mallisto\/transistorit\/SALORA_RIVIERA_1.htm)Katso my\u00f6s LARS0066.Rikkoontuneita \/ poistettuja osia ainakin seuraavat:-kotelo, kangas, takalevy, kaiuttimet, &hellip;<\/p>\n<p class=\"read-more\"> <a class=\"thunk-readmore button\" href=\"https:\/\/www.radiomarket.fi\/en\/kohde\/ekus0675-salora-riviera-1-koneisto-ja-asteikko\/\"> <span class=\"screen-reader-text\">EKUS0675 Salora Riviera 1 koneisto ja asteikko<\/span>Read More<\/a><\/p>","protected":false},"featured_media":31853,"template":"","meta":[],"_links":{"self":[{"href":"https:\/\/www.radiomarket.fi\/en\/wp-json\/wp\/v2\/product\/31852"}],"collection":[{"href":"https:\/\/www.radiomarket.fi\/en\/wp-json\/wp\/v2\/product"}],"about":[{"href":"https:\/\/www.radiomarket.fi\/en\/wp-json\/wp\/v2\/types\/product"}],"wp:featuredmedia":[{"embeddable":true,"href":"https:\/\/www.radiomarket.fi\/en\/wp-json\/wp\/v2\/media\/31853"}],"wp:attachment":[{"href":"https:\/\/www.radiomarket.fi\/en\/wp-json\/wp\/v2\/media?parent=31852"}],"curies":[{"name":"wp","href":"https:\/\/api.w.org\/{rel}","templated":true}]}}