{"id":31856,"date":"2022-03-25T14:38:59","date_gmt":"2022-03-25T12:38:59","guid":{"rendered":"https:\/\/www.radiomarket.fi\/?post_type=product&#038;p=31856"},"modified":"2022-03-26T17:35:13","modified_gmt":"2022-03-26T15:35:13","slug":"ekun0039-sony-icf-sw35-paristoradio","status":"publish","type":"product","link":"https:\/\/www.radiomarket.fi\/en\/kohde\/ekun0039-sony-icf-sw35-paristoradio\/","title":{"rendered":"EKUN0039 Sony ICF-SW35 paristoradio"},"content":{"rendered":"<p>V\u00e4h\u00e4n k\u00e4ytetty, toimiva FM-vastaanotin, kattaa taajuudet 76-108 MHz. Testattu paristoilla viimeksi 3\/2022. Toimii kolmella 1.5 V LR6\/AA-paristolla tai DC4.5V. FM-alueen lis\u00e4ksi keskipitk\u00e4t ja pitk\u00e4t aallot sek\u00e4 lyhytaaltoalue 2250-26100 kHz (ei aukoton, kattaa yleisradioalueet). Koekuuntelussa t\u00e4ll\u00e4 kuului lyhytaaltol\u00e4hetyksi\u00e4 mm. Filippiineilt\u00e4 ja Turkista vastaanottimen omalla piiska-antennilla. Siisti radio alkuper\u00e4ispakkauksessaan, mukana k\u00e4ytt\u00f6ohje, eurooppalainen takuutodistus ja Sonyn oma englanninkielinen lyhytaalto-opas taajuuksineen 1990-luvun loppupuolelta.<br \/><br \/>Lis\u00e4\u00e4 paristoradioita l\u00f6yd\u00e4t kategoriasta &#8220;paristoradiot&#8221;: https:\/\/www.radiomarket.fi\/osasto\/paristoradiot\/<br \/><br \/>Hakusanat:<br \/><br \/>Maailmanradio<br \/>H\u00e4t\u00e4radio<br \/>Kriisiradio<br \/>Paristok\u00e4ytt\u00f6inen radio<br \/><br \/>Paristot eiv\u00e4t sis\u00e4lly kauppaan.<br \/><br \/><br \/><\/p>","protected":false},"excerpt":{"rendered":"<p>Hakusanat:<\/p>\n<p>Maailmanradio<br \/>H\u00e4t\u00e4radio<br \/>Kriisiradio<br \/>Paristok\u00e4ytt\u00f6inen radio<\/p>","protected":false},"featured_media":31857,"template":"","meta":[],"_links":{"self":[{"href":"https:\/\/www.radiomarket.fi\/en\/wp-json\/wp\/v2\/product\/31856"}],"collection":[{"href":"https:\/\/www.radiomarket.fi\/en\/wp-json\/wp\/v2\/product"}],"about":[{"href":"https:\/\/www.radiomarket.fi\/en\/wp-json\/wp\/v2\/types\/product"}],"wp:featuredmedia":[{"embeddable":true,"href":"https:\/\/www.radiomarket.fi\/en\/wp-json\/wp\/v2\/media\/31857"}],"wp:attachment":[{"href":"https:\/\/www.radiomarket.fi\/en\/wp-json\/wp\/v2\/media?parent=31856"}],"curies":[{"name":"wp","href":"https:\/\/api.w.org\/{rel}","templated":true}]}}