{"id":31875,"date":"2022-03-28T19:05:35","date_gmt":"2022-03-28T16:05:35","guid":{"rendered":"https:\/\/www.radiomarket.fi\/?post_type=product&#038;p=31875"},"modified":"2022-03-28T19:22:50","modified_gmt":"2022-03-28T16:22:50","slug":"ekub0185-mekano-spotron-professional-light-meter","status":"publish","type":"product","link":"https:\/\/www.radiomarket.fi\/en\/kohde\/ekub0185-mekano-spotron-professional-light-meter\/","title":{"rendered":"EKUB0185 Mekano Spotron Professional light meter"},"content":{"rendered":"<p>Valotusmittari valokuvausk\u00e4ytt\u00f6\u00f6n. Toiminut testattaessa viimeksi 1990-luvulla.<\/p>","protected":false},"excerpt":{"rendered":"<p>Valotusmittari valokuvausk\u00e4ytt\u00f6\u00f6n. Toiminut testattaessa viimeksi 1990-luvulla.<\/p>","protected":false},"featured_media":31881,"template":"","meta":[],"_links":{"self":[{"href":"https:\/\/www.radiomarket.fi\/en\/wp-json\/wp\/v2\/product\/31875"}],"collection":[{"href":"https:\/\/www.radiomarket.fi\/en\/wp-json\/wp\/v2\/product"}],"about":[{"href":"https:\/\/www.radiomarket.fi\/en\/wp-json\/wp\/v2\/types\/product"}],"wp:featuredmedia":[{"embeddable":true,"href":"https:\/\/www.radiomarket.fi\/en\/wp-json\/wp\/v2\/media\/31881"}],"wp:attachment":[{"href":"https:\/\/www.radiomarket.fi\/en\/wp-json\/wp\/v2\/media?parent=31875"}],"curies":[{"name":"wp","href":"https:\/\/api.w.org\/{rel}","templated":true}]}}