{"id":31917,"date":"2022-03-28T22:11:50","date_gmt":"2022-03-28T19:11:50","guid":{"rendered":"https:\/\/www.radiomarket.fi\/?post_type=product&#038;p=31917"},"modified":"2023-03-21T17:37:12","modified_gmt":"2023-03-21T15:37:12","slug":"ekus0422-radiot-lehti-4-2016","status":"publish","type":"product","link":"https:\/\/www.radiomarket.fi\/en\/kohde\/ekus0422-radiot-lehti-4-2016\/","title":{"rendered":"EKUS0422 Radiot-lehti 4\/2016"},"content":{"rendered":"<p>Suomen Radiohistoriallinen Seura ry:n julkaisema SRHS-j\u00e4senlehti 4\/2016 (5.12.2016). Seuran j\u00e4senille lehdist\u00e4 50% j\u00e4senalennus, jos haluat j\u00e4senalennuksen, tiedustele haluamiasi numeroita s\u00e4hk\u00f6postitse.<br \/><br \/><strong>T\u00e4ss\u00e4 numerossa:<\/strong><br \/><br \/>Radio- ja television\u00e4yttely KAVI:ssa (Lasse Vihonen)<br \/>Seuran syyskokous pidettiin Kouvolassa (Jalo Ojanper\u00e4)<br \/>L\u00e4hes perinteisin menoin (Teppo Gustafsson)<br \/>Pim-pam-pulla, eli v\u00e4liaikamerkki (Heikki Marttila)<br \/>Korven Radiosta ja sen tekniikasta (Heikki Marttila)<br \/>ULA antennitekniikkaa (Timo Kiiski)<br \/>Muisteluksia voimayhti\u00f6iden radioj\u00e4rjestelmist\u00e4 ja mastoista. Voimayhti\u00f6t VHF-taajuuksilla (Kari Ruokonen)<br \/>Asa Car-Ula \u2013mainos<br \/>RTS-palsta<br \/>Ohjelmistoradio (Timo Kiiski)<br \/>Asa radiomainos<br \/><br \/>Varastosaldoon on laskettu uudet ja k\u00e4ytetyt lehdet. Uudet lehdet myyd\u00e4\u00e4n ensin.\u00a0<\/p>","protected":false},"excerpt":{"rendered":"<p>Suomen Radiohistoriallinen Seura ry:n julkaisema SRHS-j\u00e4senlehti 4\/2016 (5.12.2016). Seuran j\u00e4senille lehdist\u00e4 50% j\u00e4senalennus, jos haluat j\u00e4senalennuksen, tiedustele haluamiasi numeroita s\u00e4hk\u00f6postitse.T\u00e4ss\u00e4 numerossa:Radio- ja television\u00e4yttely KAVI:ssa (Lasse Vihonen)Seuran syyskokous pidettiin Kouvolassa (Jalo Ojanper\u00e4)L\u00e4hes perinteisin menoin (Teppo Gustafsson)Pim-pam-pulla, eli v\u00e4liaikamerkki (Heikki Marttila)Korven Radiosta ja sen tekniikasta (Heikki Marttila)ULA antennitekniikkaa (Timo Kiiski)Muisteluksia voimayhti\u00f6iden radioj\u00e4rjestelmist\u00e4 ja mastoista. Voimayhti\u00f6t VHF-taajuuksilla (Kari &hellip;<\/p>\n<p class=\"read-more\"> <a class=\"thunk-readmore button\" href=\"https:\/\/www.radiomarket.fi\/en\/kohde\/ekus0422-radiot-lehti-4-2016\/\"> <span class=\"screen-reader-text\">EKUS0422 Radiot-lehti 4\/2016<\/span>Read More<\/a><\/p>","protected":false},"featured_media":31918,"template":"","meta":[],"_links":{"self":[{"href":"https:\/\/www.radiomarket.fi\/en\/wp-json\/wp\/v2\/product\/31917"}],"collection":[{"href":"https:\/\/www.radiomarket.fi\/en\/wp-json\/wp\/v2\/product"}],"about":[{"href":"https:\/\/www.radiomarket.fi\/en\/wp-json\/wp\/v2\/types\/product"}],"wp:featuredmedia":[{"embeddable":true,"href":"https:\/\/www.radiomarket.fi\/en\/wp-json\/wp\/v2\/media\/31918"}],"wp:attachment":[{"href":"https:\/\/www.radiomarket.fi\/en\/wp-json\/wp\/v2\/media?parent=31917"}],"curies":[{"name":"wp","href":"https:\/\/api.w.org\/{rel}","templated":true}]}}