{"id":31919,"date":"2022-03-28T22:15:48","date_gmt":"2022-03-28T19:15:48","guid":{"rendered":"https:\/\/www.radiomarket.fi\/?post_type=product&#038;p=31919"},"modified":"2023-03-21T17:38:15","modified_gmt":"2023-03-21T15:38:15","slug":"ekus0423-radiot-lehti-1-2015","status":"publish","type":"product","link":"https:\/\/www.radiomarket.fi\/en\/kohde\/ekus0423-radiot-lehti-1-2015\/","title":{"rendered":"EKUS0423 Radiot-lehti 1\/2015"},"content":{"rendered":"<p>Suomen Radiohistoriallinen Seura ry:n julkaisema SRHS-j\u00e4senlehti 1\/2015 (23.2.2015). B5 -kokoinen lehti. Seuran j\u00e4senille lehdist\u00e4 50% j\u00e4senalennus, jos haluat j\u00e4senalennuksen, tiedustele haluamiasi numeroita s\u00e4hk\u00f6postitse.<br \/><br \/><strong>T\u00e4ss\u00e4 numerossa:<\/strong><br \/><br \/>Matkaradio Telefunken Bajazzo (Raimo K\u00f6n\u00f6nen)<br \/>Verkkoradiot tulivat vuonna 1927 &#8211; ensin USA:han ja vuotta my\u00f6hemmin meillekin (Kari Ruokonen)<br \/>Radioputkil\u00e4hettimet ja CW-avaintaminen, osa 1 (Timo Kiiski)<br \/>Ty\u00f6muistojen keruu (Kauko Viitanen)<br \/>Vanhan radion tarina ja v\u00e4h\u00e4n muuta (Kalevi Horttonen)<br \/>Lahden radioaseman historiaa, osa 3. Lyhytaaltotoimintaa (Heikki Tupala)<br \/>Helvar-Celeston 5219W ja WU (Kauko Viitanen)<br \/>VEF Vefon MD39 (Aimo Haapakoski)<br \/>Antenniasennuksista (Heikki Marttila)<br \/>RTS-palsta<br \/>Suomen DX-liitto<br \/>Pet\u00e4j\u00e4veden radio- ja puhelinmuseo tiedottaa (Ossi Rantapuska)<br \/>Radio- ja puhelinmuseon rompep\u00e4iv\u00e4 Pet\u00e4j\u00e4vedell\u00e4 23.5. ja 8.8.<br \/>Kouvolan ensimm\u00e4inen perinteinen Radiorompep\u00e4iv\u00e4<br \/>Luum\u00e4en desanttiradio (Kari Syrj\u00e4nen)<br \/>Radioputkitaidetta<br \/><br \/>Varastosaldoon on laskettu uudet ja k\u00e4ytetyt lehdet. Uudet lehdet myyd\u00e4\u00e4n ensin.\u00a0<\/p>","protected":false},"excerpt":{"rendered":"<p>Suomen Radiohistoriallinen Seura ry:n julkaisema SRHS-j\u00e4senlehti 1\/2015 (23.2.2015). B5 -kokoinen lehti. Seuran j\u00e4senille lehdist\u00e4 50% j\u00e4senalennus, jos haluat j\u00e4senalennuksen, tiedustele haluamiasi numeroita s\u00e4hk\u00f6postitse.T\u00e4ss\u00e4 numerossa:Matkaradio Telefunken Bajazzo (Raimo K\u00f6n\u00f6nen)Verkkoradiot tulivat vuonna 1927 &#8211; ensin USA:han ja vuotta my\u00f6hemmin meillekin (Kari Ruokonen)Radioputkil\u00e4hettimet ja CW-avaintaminen, osa 1 (Timo Kiiski)Ty\u00f6muistojen keruu (Kauko Viitanen)Vanhan radion tarina ja v\u00e4h\u00e4n muuta (Kalevi &hellip;<\/p>\n<p class=\"read-more\"> <a class=\"thunk-readmore button\" href=\"https:\/\/www.radiomarket.fi\/en\/kohde\/ekus0423-radiot-lehti-1-2015\/\"> <span class=\"screen-reader-text\">EKUS0423 Radiot-lehti 1\/2015<\/span>Read More<\/a><\/p>","protected":false},"featured_media":31920,"template":"","meta":[],"_links":{"self":[{"href":"https:\/\/www.radiomarket.fi\/en\/wp-json\/wp\/v2\/product\/31919"}],"collection":[{"href":"https:\/\/www.radiomarket.fi\/en\/wp-json\/wp\/v2\/product"}],"about":[{"href":"https:\/\/www.radiomarket.fi\/en\/wp-json\/wp\/v2\/types\/product"}],"wp:featuredmedia":[{"embeddable":true,"href":"https:\/\/www.radiomarket.fi\/en\/wp-json\/wp\/v2\/media\/31920"}],"wp:attachment":[{"href":"https:\/\/www.radiomarket.fi\/en\/wp-json\/wp\/v2\/media?parent=31919"}],"curies":[{"name":"wp","href":"https:\/\/api.w.org\/{rel}","templated":true}]}}