{"id":31923,"date":"2022-03-28T22:22:16","date_gmt":"2022-03-28T19:22:16","guid":{"rendered":"https:\/\/www.radiomarket.fi\/?post_type=product&#038;p=31923"},"modified":"2023-03-21T17:39:13","modified_gmt":"2023-03-21T15:39:13","slug":"ekus0425-radiot-lehti-3-2015","status":"publish","type":"product","link":"https:\/\/www.radiomarket.fi\/en\/kohde\/ekus0425-radiot-lehti-3-2015\/","title":{"rendered":"EKUS0425 Radiot-lehti 3\/2015"},"content":{"rendered":"<p>Suomen Radiohistoriallinen Seura ry:n julkaisema SRHS-j\u00e4senlehti 3\/2015 (7.9.2015). B5 -kokoinen lehti. Seuran j\u00e4senille lehdist\u00e4 50% j\u00e4senalennus, jos haluat j\u00e4senalennuksen, tiedustele haluamiasi numeroita s\u00e4hk\u00f6postitse.<br \/><br \/><strong>T\u00e4ss\u00e4 numerossa:<\/strong><br \/><br \/>Elektroniikkaa 1960-luvulta (Pekka Ritam\u00e4ki)<br \/>Ohi syyskuun&#8230; (Teppo Gustafsson)<br \/>Markus-sed\u00e4st\u00e4 (Heikki Marttila)<br \/>Heathkit Grid Dip meter GD-1B (\u00c5ke Nyholm)<br \/>RCA putki 6K8 (Veikko Nurmi)<br \/>Televisio auki!. Vastaanottimia 1957-2005 (Kauko Viitanen)<br \/>T\u00d6P\u00d6\u00e4 j\u00e4ljitt\u00e4m\u00e4ss\u00e4 (Kari Syrj\u00e4nen)<br \/>Piilastuja. Tampereen Teatterin led-mainos (Pekka Ritam\u00e4ki)<br \/>Kirjat kertovat. S\u00e4hk\u00f6kokeita<br \/>Putkia, putkia, radioputkia (Ilmari Nikander, Asa Laine)<br \/>Ker\u00e4ilij\u00f6it\u00e4 ja kokoelmia. Asa Laine (Piia Pietarinen)<br \/>Suomen DX-Liitto<br \/>Vinkkipalsta<br \/><br \/>Varastosaldoon on laskettu uudet ja k\u00e4ytetyt lehdet. Uudet lehdet myyd\u00e4\u00e4n ensin.\u00a0<\/p>","protected":false},"excerpt":{"rendered":"<p>Suomen Radiohistoriallinen Seura ry:n julkaisema SRHS-j\u00e4senlehti 3\/2015 (7.9.2015). B5 -kokoinen lehti. Seuran j\u00e4senille lehdist\u00e4 50% j\u00e4senalennus, jos haluat j\u00e4senalennuksen, tiedustele haluamiasi numeroita s\u00e4hk\u00f6postitse.T\u00e4ss\u00e4 numerossa:Elektroniikkaa 1960-luvulta (Pekka Ritam\u00e4ki)Ohi syyskuun&#8230; (Teppo Gustafsson)Markus-sed\u00e4st\u00e4 (Heikki Marttila)Heathkit Grid Dip meter GD-1B (\u00c5ke Nyholm)RCA putki 6K8 (Veikko Nurmi)Televisio auki!. Vastaanottimia 1957-2005 (Kauko Viitanen)T\u00d6P\u00d6\u00e4 j\u00e4ljitt\u00e4m\u00e4ss\u00e4 (Kari Syrj\u00e4nen)Piilastuja. Tampereen Teatterin led-mainos (Pekka Ritam\u00e4ki)Kirjat &hellip;<\/p>\n<p class=\"read-more\"> <a class=\"thunk-readmore button\" href=\"https:\/\/www.radiomarket.fi\/en\/kohde\/ekus0425-radiot-lehti-3-2015\/\"> <span class=\"screen-reader-text\">EKUS0425 Radiot-lehti 3\/2015<\/span>Read More<\/a><\/p>","protected":false},"featured_media":31924,"template":"","meta":[],"_links":{"self":[{"href":"https:\/\/www.radiomarket.fi\/en\/wp-json\/wp\/v2\/product\/31923"}],"collection":[{"href":"https:\/\/www.radiomarket.fi\/en\/wp-json\/wp\/v2\/product"}],"about":[{"href":"https:\/\/www.radiomarket.fi\/en\/wp-json\/wp\/v2\/types\/product"}],"wp:featuredmedia":[{"embeddable":true,"href":"https:\/\/www.radiomarket.fi\/en\/wp-json\/wp\/v2\/media\/31924"}],"wp:attachment":[{"href":"https:\/\/www.radiomarket.fi\/en\/wp-json\/wp\/v2\/media?parent=31923"}],"curies":[{"name":"wp","href":"https:\/\/api.w.org\/{rel}","templated":true}]}}