{"id":31933,"date":"2022-03-28T22:43:17","date_gmt":"2022-03-28T19:43:17","guid":{"rendered":"https:\/\/www.radiomarket.fi\/?post_type=product&#038;p=31933"},"modified":"2023-03-17T14:31:44","modified_gmt":"2023-03-17T12:31:44","slug":"ekus0430-radiot-lehti-4-2014-kopio","status":"publish","type":"product","link":"https:\/\/www.radiomarket.fi\/en\/kohde\/ekus0430-radiot-lehti-4-2014-kopio\/","title":{"rendered":"EKUS0430 Radiot-lehti 4\/2014"},"content":{"rendered":"<p>Suomen Radiohistoriallinen Seura ry:n julkaisema SRHS-j\u00e4senlehti 4\/2014 (8.12.2014). B5 -kokoinen lehti. Seuran j\u00e4senille lehdist\u00e4 50% j\u00e4senalennus, jos haluat j\u00e4senalennuksen, tiedustele haluamiasi numeroita s\u00e4hk\u00f6postitse.<br \/><br \/><strong>T\u00e4ss\u00e4 numerossa:<br \/><\/strong><br \/>Lahden radioaseman historiaa, osa 2. Uuden Suuraseman rakentaminen (Heikki Tupala)<br \/>SRHS etsii<br \/>V\u00e4rik\u00e4s vuosi (Teppo Gustafsson)<br \/>Suomen radiohistoriallisen seuran syyskokous 25.10.<br \/>SRHS Friedrichshafenin messuilla (Hilve ja Esa Salld\u00e9n)<br \/>Kaiuttimien yl\u00e4ripustusten korjaus (Teppo Gustafsson)<br \/>Seinill\u00e4kin oli korvat (Heikki Marttila)<br \/>Postikorttiradio (Tapio Lukkonen)<br \/>Stella Polaris \u2013tapahtuman radion\u00e4yttely N\u00e4rpi\u00f6ss\u00e4<br \/>S\u00e4hk\u00f6laitteen rakentelukilpailu<br \/>Rupriikki sulkeutui muuton vuoksi (Outi Penninkangas)<br \/>Rompetta Nurmeksessa (Lasse Nirhamo)<br \/>Lahden Radio- ja tv-museo (Heikki Marttila)<br \/>Kirjat kertovat. Matti Otala: Uskalla olla viisas (Timo Kiiski)<br \/>ASA 1179T. Kokemuksia kunnostuksesta (\u00c5ke Nyholm)<br \/>RTS-palsta<br \/>Suomen DX-Liitto<br \/>Radio- ja televisiohistoriallisen seuran palsta<br \/>SRHS toimii ja tiedottaa. Jukka Heinon palkinto Jalo Ojanper\u00e4lle<br \/>Haku p\u00e4\u00e4ll\u00e4<br \/>Perinneradistit retkell\u00e4 (Pentti Pelto)<br \/>Museokierros Virossa (Heikki Marttila)<br \/>Philips- joulumainos<br \/><br \/>Varastosaldoon on laskettu uudet ja k\u00e4ytetyt lehdet. Uudet lehdet myyd\u00e4\u00e4n ensin.\u00a0<\/p>","protected":false},"excerpt":{"rendered":"<p>Suomen Radiohistoriallinen Seura ry:n julkaisema SRHS-j\u00e4senlehti 4\/2014 (8.12.2014). B5 -kokoinen lehti. Seuran j\u00e4senille lehdist\u00e4 50% j\u00e4senalennus, jos haluat j\u00e4senalennuksen, tiedustele haluamiasi numeroita s\u00e4hk\u00f6postitse.T\u00e4ss\u00e4 numerossa:Lahden radioaseman historiaa, osa 2. Uuden Suuraseman rakentaminen (Heikki Tupala)SRHS etsiiV\u00e4rik\u00e4s vuosi (Teppo Gustafsson)Suomen radiohistoriallisen seuran syyskokous 25.10.SRHS Friedrichshafenin messuilla (Hilve ja Esa Salld\u00e9n)Kaiuttimien yl\u00e4ripustusten korjaus (Teppo Gustafsson)Seinill\u00e4kin oli korvat (Heikki Marttila)Postikorttiradio &hellip;<\/p>\n<p class=\"read-more\"> <a class=\"thunk-readmore button\" href=\"https:\/\/www.radiomarket.fi\/en\/kohde\/ekus0430-radiot-lehti-4-2014-kopio\/\"> <span class=\"screen-reader-text\">EKUS0430 Radiot-lehti 4\/2014<\/span>Read More<\/a><\/p>","protected":false},"featured_media":31934,"template":"","meta":[],"_links":{"self":[{"href":"https:\/\/www.radiomarket.fi\/en\/wp-json\/wp\/v2\/product\/31933"}],"collection":[{"href":"https:\/\/www.radiomarket.fi\/en\/wp-json\/wp\/v2\/product"}],"about":[{"href":"https:\/\/www.radiomarket.fi\/en\/wp-json\/wp\/v2\/types\/product"}],"wp:featuredmedia":[{"embeddable":true,"href":"https:\/\/www.radiomarket.fi\/en\/wp-json\/wp\/v2\/media\/31934"}],"wp:attachment":[{"href":"https:\/\/www.radiomarket.fi\/en\/wp-json\/wp\/v2\/media?parent=31933"}],"curies":[{"name":"wp","href":"https:\/\/api.w.org\/{rel}","templated":true}]}}