{"id":31943,"date":"2022-03-28T23:45:53","date_gmt":"2022-03-28T20:45:53","guid":{"rendered":"https:\/\/www.radiomarket.fi\/?post_type=product&#038;p=31943"},"modified":"2023-03-17T14:31:42","modified_gmt":"2023-03-17T12:31:42","slug":"ekus0435-radiot-lehti-1-2012","status":"publish","type":"product","link":"https:\/\/www.radiomarket.fi\/en\/kohde\/ekus0435-radiot-lehti-1-2012\/","title":{"rendered":"EKUS0435 Radiot-lehti 1\/2012"},"content":{"rendered":"<p>Suomen Radiohistoriallinen Seura ry:n julkaisema SRHS-j\u00e4senlehti 1\/2012 (27.2.2012). B5 -kokoinen lehti. Seuran j\u00e4senille lehdist\u00e4 50% j\u00e4senalennus, jos haluat j\u00e4senalennuksen, tiedustele haluamiasi numeroita s\u00e4hk\u00f6postitse.<br \/><br \/><strong>T\u00e4ss\u00e4 numerossa:<br \/><\/strong><strong><br \/><\/strong>Kev\u00e4tkokouskutsu<br \/>Kirjat ovat osa radiohistoriaa (Heikki Marttila)<br \/>Kotimaisia radioita vuoden 1928 radiomessuilla (Kauko Viitanen)<br \/>Aikamerkin historiasta (Heikki Marttila)<br \/>Laajakaistaisia suhinoita (Jukka Heino)<br \/>Lohjalaisia NORA-vastaanottimia (Kari Ruokonen)<br \/>Kirjat kertovat: Teknillinen k\u00e4sikirja (Timo Kiiski)<br \/>Jungmannin radio (Valto Koskinen)<br \/>Museoiden vaiheilta&#8230;: Museon ymp\u00e4rill\u00e4 tapahtuu<br \/>Radioharrastajan palsta: 3.5mm stereo -&gt; 5-piikkinen DIN mono (Teppo Gustafsson)<br \/>Radioharrastajan palsta: Vanha niksi ja sen sovellus (Kauko Viitanen)<br \/>Kippariradion kunnostuksessa oli haastetta kerrakseen (Kari Ruokonen)<br \/>Asa Cosmos levysoitinkoneisto (Timo Haveri)<br \/>RTS-palsta<br \/>Haku p\u00e4\u00e4ll\u00e4<br \/>SRHS toimii ja tiedottaa<br \/>Kouvolan Putkiradiomuseo (ilmoitus)<br \/><strong><br \/><\/strong>Varastosaldoon on laskettu uudet ja k\u00e4ytetyt lehdet. Uudet lehdet myyd\u00e4\u00e4n ensin. Loppuunmyydyksi merkittyjen lehtien yksitt\u00e4isist\u00e4 artikkeleista voi tiedustella kopioita tai skannauksia.<\/p>","protected":false},"excerpt":{"rendered":"<p>Loppuunmyydyksi merkittyjen lehtien yksitt\u00e4isist\u00e4 artikkeleista voi tiedustella kopioita tai skannauksia.<\/p>","protected":false},"featured_media":31944,"template":"","meta":[],"_links":{"self":[{"href":"https:\/\/www.radiomarket.fi\/en\/wp-json\/wp\/v2\/product\/31943"}],"collection":[{"href":"https:\/\/www.radiomarket.fi\/en\/wp-json\/wp\/v2\/product"}],"about":[{"href":"https:\/\/www.radiomarket.fi\/en\/wp-json\/wp\/v2\/types\/product"}],"wp:featuredmedia":[{"embeddable":true,"href":"https:\/\/www.radiomarket.fi\/en\/wp-json\/wp\/v2\/media\/31944"}],"wp:attachment":[{"href":"https:\/\/www.radiomarket.fi\/en\/wp-json\/wp\/v2\/media?parent=31943"}],"curies":[{"name":"wp","href":"https:\/\/api.w.org\/{rel}","templated":true}]}}