{"id":31978,"date":"2022-03-29T14:58:32","date_gmt":"2022-03-29T11:58:32","guid":{"rendered":"https:\/\/www.radiomarket.fi\/?post_type=product&#038;p=31978"},"modified":"2022-03-31T08:27:51","modified_gmt":"2022-03-31T05:27:51","slug":"ekus0449-radiot-lehti-3-2009","status":"publish","type":"product","link":"https:\/\/www.radiomarket.fi\/en\/kohde\/ekus0449-radiot-lehti-3-2009\/","title":{"rendered":"EKUS0449 Radiot-lehti 3\/2009"},"content":{"rendered":"<p>Suomen Radiohistoriallinen Seura ry:n julkaisema SRHS-j\u00e4senlehti 3\/2009 (28.5.2009). B5 -kokoinen lehti. Seuran j\u00e4senille lehdist\u00e4 50% j\u00e4senalennus, jos haluat j\u00e4senalennuksen, tiedustele haluamiasi numeroita s\u00e4hk\u00f6postitse.<br \/><br \/><strong>T\u00e4ss\u00e4 numerossa:<br \/><\/strong><br \/>Syyskokouskutsu Tampereelle<br \/>Yhteisty\u00f6 vauhtiin (Kauko Viitanen)<br \/>Turun ensimm\u00e4inen yleisradioasema (Land\u00e9n Stig)<br \/>Aleksandr Popov keksi radion (Vangonen Iouri)<br \/>Rintamalta Radioteollisuuteen (ins. Bengt L\u00f6nnqvist) (Kauko Viitanen)<br \/>Oulun radiol\u00e4hetystoiminnan historiaa (V. K. Lehtoranta)<br \/>Kotimaisuus valtiksi (1930-luvun alun radiomainoksia)<br \/>Radioharrastajan palsta: Isotest-eristysvastusmittari<br \/>Radioharrastajan palsta: Paperieristeiset kondensaattorit<br \/>Radioharrastajan palsta: Luxor Ambassad\u00f6rin vihellyssuodin (Niemel\u00e4 Lasse)<br \/>Radioharrastajan palsta: Asbestivaara<br \/>Kirjat kertovat: Elektroniikan komponenttiluettelo 1982 (Kiiski Timo)<br \/>Radioamat\u00f6\u00f6rit muistavat talvisodan 70-vuotisp\u00e4iv\u00e4\u00e4<br \/>Valon tuikahduksia ja negatiivista vastusta (M\u00e4kivuoti Juhani)<br \/>Tiedot 1920-luvun radioista<br \/>Helvar-Celeston Trans 14 Export (Nyholm \u00c5ke)<br \/>Helvar CD talkoot<br \/>Haku p\u00e4\u00e4ll\u00e4<br \/>Radiopajan syksy<br \/>SRHS toimii ja tiedottaa<br \/>Kartta Tampereen kokoukseen tuleville<br \/><strong><br \/><\/strong>Varastosaldoon on laskettu uudet ja k\u00e4ytetyt lehdet. Uudet lehdet myyd\u00e4\u00e4n ensin. Loppuunmyydyksi merkittyjen lehtien yksitt\u00e4isist\u00e4 artikkeleista voi tiedustella kopioita tai skannauksia.<\/p>","protected":false},"excerpt":{"rendered":"<p>Loppuunmyydyksi merkittyjen lehtien yksitt\u00e4isist\u00e4 artikkeleista voi tiedustella kopioita tai skannauksia.<\/p>","protected":false},"featured_media":31979,"template":"","meta":[],"_links":{"self":[{"href":"https:\/\/www.radiomarket.fi\/en\/wp-json\/wp\/v2\/product\/31978"}],"collection":[{"href":"https:\/\/www.radiomarket.fi\/en\/wp-json\/wp\/v2\/product"}],"about":[{"href":"https:\/\/www.radiomarket.fi\/en\/wp-json\/wp\/v2\/types\/product"}],"wp:featuredmedia":[{"embeddable":true,"href":"https:\/\/www.radiomarket.fi\/en\/wp-json\/wp\/v2\/media\/31979"}],"wp:attachment":[{"href":"https:\/\/www.radiomarket.fi\/en\/wp-json\/wp\/v2\/media?parent=31978"}],"curies":[{"name":"wp","href":"https:\/\/api.w.org\/{rel}","templated":true}]}}