{"id":32022,"date":"2022-03-29T23:05:16","date_gmt":"2022-03-29T20:05:16","guid":{"rendered":"https:\/\/www.radiomarket.fi\/?post_type=product&#038;p=32022"},"modified":"2022-03-30T22:02:54","modified_gmt":"2022-03-30T19:02:54","slug":"ekus0472-radiot-lehti-3-2003","status":"publish","type":"product","link":"https:\/\/www.radiomarket.fi\/en\/kohde\/ekus0472-radiot-lehti-3-2003\/","title":{"rendered":"EKUS0472 Radiot-lehti 3\/2003"},"content":{"rendered":"<p>Suomen Radiohistoriallinen Seura ry:n julkaisema SRHS-j\u00e4senlehti 3\/2003 (4.10.2003). A5-kokoinen julkaisu. Seuran j\u00e4senille lehdist\u00e4 50% j\u00e4senalennus, tiedustele haluamiasi numeroita s\u00e4hk\u00f6postitse.<br \/><br \/><strong>T\u00e4ss\u00e4 numerossa:<\/strong><br \/><br \/>In Memoriam \u2013 SRHS ry:n kunniaj\u00e4sen Vesa Nurminen<br \/>Toimituksen nurkkap\u00f6yd\u00e4st\u00e4 (RJA)<br \/>Radiomittauksia ATK-aikaan 1970-luvulla (VKL)<br \/>L\u00f6yt\u00f6j\u00e4 vuosien takaa (RJA)<br \/>Mit\u00e4 vanha radio kertoo? (Martti Mela)<br \/>Kuolleita: Osmo Pulkkinen, Holger Jalander<br \/>Str\u00f6mberg \u2013 mies josta tuli tavaramerkki (RJA)<br \/>Kirjat kertovat<br \/>Marsin radiolent\u00e4j\u00e4t (JoRa)<br \/>Radion vika-opas (Jalo Ojanper\u00e4)<br \/>Heathkit-luettelo 1973 (RJA)<br \/>Radiohistorian harrastajan kuvasivu (RJA)<br \/>OI4PM 4.6.2003<br \/>Keksint\u00f6jen historia on ep\u00e4tarkkaa tietoa (Kari Kallio)<br \/>Vinkkilaatikko<br \/>Kompassi k\u00e4\u00e4mityssuunnan osoittajana<br \/>V\u00e4r\u00e4hteleek\u00f6 oskillaaattori?<br \/>Tietokoneet museoon? (Timo Kiiski)<br \/>Sielt\u00e4 t\u00e4\u00e4lt\u00e4<br \/>Kuinka vanha on sana televisio<br \/>Helsingin radion\u00e4yttely 10.-18.9.1949<br \/>Asiantuntemus riehuu valtoimenaan (Jari Lehtinen)<br \/>Titarista radioamat\u00f6\u00f6riksi (Olavi Vihmanen)<br \/>Ulkomaanmatkailua asteikkolasilla (Jalo Ojanper\u00e4)<br \/>Radiomainontaa Amerikassa (Jalo Ojanper\u00e4)<br \/>Marconigram (Timo Kiiski)<br \/>Museojupinaa (EMS)<br \/>Haku p\u00e4\u00e4ll\u00e4 \u2013 hakup\u00e4\u00e4ll\u00e4<br \/>Kokouskutsu syyskokoukseen 25.10.2003<br \/><br \/>Varastosaldoon on laskettu uudet ja k\u00e4ytetyt lehdet. Uudet lehdet myyd\u00e4\u00e4n ensin.\u00a0<\/p>","protected":false},"excerpt":{"rendered":"<p>Suomen Radiohistoriallinen Seura ry:n julkaisema SRHS-j\u00e4senlehti 3\/2003 (4.10.2003). A5-kokoinen julkaisu. Seuran j\u00e4senille lehdist\u00e4 50% j\u00e4senalennus, tiedustele haluamiasi numeroita s\u00e4hk\u00f6postitse.T\u00e4ss\u00e4 numerossa:In Memoriam \u2013 SRHS ry:n kunniaj\u00e4sen Vesa NurminenToimituksen nurkkap\u00f6yd\u00e4st\u00e4 (RJA)Radiomittauksia ATK-aikaan 1970-luvulla (VKL)L\u00f6yt\u00f6j\u00e4 vuosien takaa (RJA)Mit\u00e4 vanha radio kertoo? (Martti Mela)Kuolleita: Osmo Pulkkinen, Holger JalanderStr\u00f6mberg \u2013 mies josta tuli tavaramerkki (RJA)Kirjat kertovatMarsin radiolent\u00e4j\u00e4t (JoRa)Radion vika-opas (Jalo &hellip;<\/p>\n<p class=\"read-more\"> <a class=\"thunk-readmore button\" href=\"https:\/\/www.radiomarket.fi\/en\/kohde\/ekus0472-radiot-lehti-3-2003\/\"> <span class=\"screen-reader-text\">EKUS0472 Radiot-lehti 3\/2003<\/span>Read More<\/a><\/p>","protected":false},"featured_media":0,"template":"","meta":[],"_links":{"self":[{"href":"https:\/\/www.radiomarket.fi\/en\/wp-json\/wp\/v2\/product\/32022"}],"collection":[{"href":"https:\/\/www.radiomarket.fi\/en\/wp-json\/wp\/v2\/product"}],"about":[{"href":"https:\/\/www.radiomarket.fi\/en\/wp-json\/wp\/v2\/types\/product"}],"wp:attachment":[{"href":"https:\/\/www.radiomarket.fi\/en\/wp-json\/wp\/v2\/media?parent=32022"}],"curies":[{"name":"wp","href":"https:\/\/api.w.org\/{rel}","templated":true}]}}