{"id":32025,"date":"2022-03-29T23:17:20","date_gmt":"2022-03-29T20:17:20","guid":{"rendered":"https:\/\/www.radiomarket.fi\/?post_type=product&#038;p=32025"},"modified":"2023-03-17T14:31:41","modified_gmt":"2023-03-17T12:31:41","slug":"ekus0474-radiot-lehti-1-2002","status":"publish","type":"product","link":"https:\/\/www.radiomarket.fi\/en\/kohde\/ekus0474-radiot-lehti-1-2002\/","title":{"rendered":"EKUS0474 Radiot-lehti 1\/2002"},"content":{"rendered":"<p>Suomen Radiohistoriallinen Seura ry:n julkaisema SRHS-j\u00e4senlehti 1\/2002 (5.3.2002). A5-kokoinen julkaisu. Seuran j\u00e4senille lehdist\u00e4 50% j\u00e4senalennus, tiedustele haluamiasi numeroita s\u00e4hk\u00f6postitse.<br \/><br \/><strong>T\u00e4ss\u00e4 numerossa:<\/strong><br \/><br \/>Vanhoista radioista Baabelin torni<br \/>Tervetuloa Kouvolaan kev\u00e4tkokoukseen (RJA)<br \/>Vuokatin v\u00e4r\u00e4htelev\u00e4 masto (Erkki Larkka)<br \/>Antennimastojen tarkastusreissu 14.-19.6.1979 (VKL)<br \/>Nipkow-televisio Keski-Suomessa (JHE)<br \/>Radioamat\u00f6\u00f6ritoiminta Suomessa ennen sotia (Viljo Autio)<br \/>Kirjat kertovat<br \/>Maailman huipulle (RJA)<br \/>Onttolan punaiset pirut (JoRa)<br \/>Sotainvalideja koulutettiin radiohuoltoalalle (Tapani Mauranen)<br \/>Vanhassa vara parempi (Alf Pousar)<br \/>Rakentaisinko kidekoneen? (Pentti Puikkonen)<br \/>Radiokerhon toimintaa (Jalo Ojanper\u00e4)<br \/>Radiokronikkaa 1910\u20261913<br \/>Merkkitavarasta uusi ker\u00e4ilykohde? (EMS)<br \/>Ilmari J\u00e4\u00e4maata koskevia tietoja etsit\u00e4\u00e4n<br \/>Sielt\u00e4 t\u00e4\u00e4lt\u00e4<br \/>Matkailu avartaa (Terho Kananen)<br \/>Elokuvaradio (RS 4\/1929)<br \/>BBC ja tanssimusiikki (RS 4\/1929)<br \/>Langattomalla ohjattu lentokone (RS 9\/1929)<br \/>SRHS ry:n tietopalvelut<br \/>Haku p\u00e4\u00e4ll\u00e4 &#8211; hakup\u00e4\u00e4ll\u00e4<br \/>Vastausl\u00e4hetys on nyt asiakaspalautussopimus<br \/>SRHS sai radioputkia lahjoituksena<br \/>SRHS ry:n kokouskutsu kev\u00e4tkokoukseen 23.3.2002<br \/><br \/>Varastosaldoon on laskettu uudet ja k\u00e4ytetyt lehdet. Uudet lehdet myyd\u00e4\u00e4n ensin.\u00a0<\/p>","protected":false},"excerpt":{"rendered":"<p>Suomen Radiohistoriallinen Seura ry:n julkaisema SRHS-j\u00e4senlehti 1\/2002 (5.3.2002). A5-kokoinen julkaisu. Seuran j\u00e4senille lehdist\u00e4 50% j\u00e4senalennus, tiedustele haluamiasi numeroita s\u00e4hk\u00f6postitse.T\u00e4ss\u00e4 numerossa:Vanhoista radioista Baabelin torniTervetuloa Kouvolaan kev\u00e4tkokoukseen (RJA)Vuokatin v\u00e4r\u00e4htelev\u00e4 masto (Erkki Larkka)Antennimastojen tarkastusreissu 14.-19.6.1979 (VKL)Nipkow-televisio Keski-Suomessa (JHE)Radioamat\u00f6\u00f6ritoiminta Suomessa ennen sotia (Viljo Autio)Kirjat kertovatMaailman huipulle (RJA)Onttolan punaiset pirut (JoRa)Sotainvalideja koulutettiin radiohuoltoalalle (Tapani Mauranen)Vanhassa vara parempi (Alf Pousar)Rakentaisinko kidekoneen? &hellip;<\/p>\n<p class=\"read-more\"> <a class=\"thunk-readmore button\" href=\"https:\/\/www.radiomarket.fi\/en\/kohde\/ekus0474-radiot-lehti-1-2002\/\"> <span class=\"screen-reader-text\">EKUS0474 Radiot-lehti 1\/2002<\/span>Read More<\/a><\/p>","protected":false},"featured_media":0,"template":"","meta":[],"_links":{"self":[{"href":"https:\/\/www.radiomarket.fi\/en\/wp-json\/wp\/v2\/product\/32025"}],"collection":[{"href":"https:\/\/www.radiomarket.fi\/en\/wp-json\/wp\/v2\/product"}],"about":[{"href":"https:\/\/www.radiomarket.fi\/en\/wp-json\/wp\/v2\/types\/product"}],"wp:attachment":[{"href":"https:\/\/www.radiomarket.fi\/en\/wp-json\/wp\/v2\/media?parent=32025"}],"curies":[{"name":"wp","href":"https:\/\/api.w.org\/{rel}","templated":true}]}}