{"id":32029,"date":"2022-03-29T23:56:31","date_gmt":"2022-03-29T20:56:31","guid":{"rendered":"https:\/\/www.radiomarket.fi\/?post_type=product&#038;p=32029"},"modified":"2023-10-17T13:02:53","modified_gmt":"2023-10-17T10:02:53","slug":"ekus0478-radiot-lehti-1-2001","status":"publish","type":"product","link":"https:\/\/www.radiomarket.fi\/en\/kohde\/ekus0478-radiot-lehti-1-2001\/","title":{"rendered":"EKUS0478 Radiot-lehti 1\/2001"},"content":{"rendered":"<p>Suomen Radiohistoriallinen Seura ry:n julkaisema SRHS-j\u00e4senlehti 1\/2001 (5.3.2001). A5-kokoinen julkaisu. Seuran j\u00e4senille lehdist\u00e4 50% j\u00e4senalennus, tiedustele haluamiasi numeroita s\u00e4hk\u00f6postitse.<br \/><br \/><strong>T\u00e4ss\u00e4 numerossa:<\/strong><br \/><br \/>Nokian s\u00e4\u00e4ti\u00f6n tunnustuspalkinto Osmo A. Wiiolle<br \/>\u201dLahti, Suomi\u201d (RJA)<br \/>MV Estonia j\u00e4lkitarkastelussa (VKL)<br \/>Jaakko M\u00e4enanttila on poissa<br \/>Teuvo Py\u00f6k\u00e4ri on poissa<br \/>Radiolampuista transistoreihin (Olavi Vihmanen)<br \/>T\u00fcrin radioaseman historiasta (RJA)<br \/>Antinheimon Aktinot ja muuntajamysteeri (Reijo Halkola)<br \/>NMT &#8211; The Nordic Mobile Telephone (Seppo Tiainen)<br \/>SRHS:n kotisivut avautuvat lukijoille (RJA)<br \/>Kirjat kertovat<br \/>Taskuradiot ja transistorit (RJA)<br \/>S\u00e4hk\u00f6 ja sen k\u00e4ytt\u00f6 (RJA)<br \/>Aiotko puhelinalalle? (RJA)<br \/>Kelasarjat ja niiden k\u00e4ytt\u00f6 (RJA)<br \/>Kansainv\u00e4linen viestityskirja 1931 (RJA)<br \/>Turinaa s\u00e4hk\u00f6tyksest\u00e4 (JHE)<br \/>Uutta radiopajalta (Jalo Ojanper\u00e4)<br \/>Miten SRHS:n tietokannat toimivat? Osa III (JHE)<br \/>Ammatti- ja harrastehuollot<br \/>\u201dP\u00e4\u00e4majan radiokerholla tapahtuu\u201d (Eero Kylli\u00e4inen)<br \/>Katosiko putkista merkinn\u00e4t? (Lasse Nirhamo)<br \/>Krasnaja prospekt &#8211; paraatikadusta k\u00e4rrytieksi (EMS)<br \/>Sielt\u00e4 t\u00e4\u00e4lt\u00e4<br \/>\u00c4\u00e4ni pilvist\u00e4 RS 5-6\/1929)<br \/>Al Caponen puhelin ja hattu (EMS)<br \/>Kev\u00e4tterveisi\u00e4 Pyynikilt\u00e4 (EMS)<br \/>Keinotekoisia ilmah\u00e4iri\u00f6it\u00e4 (RS 7-8\/1929)<br \/>Vinkkilaatikko<br \/>Ongelmallinen asteikkolasin puhdistaminen (Jalo Ojanper\u00e4)<br \/>Merkkaa ty\u00f6kalusi (RJA)<br \/>Stereon kadonnut solisti &#8211; l\u00f6ytyy (Terho Kananen)<br \/>Haku p\u00e4\u00e4ll\u00e4 &#8211; hakup\u00e4\u00e4ll\u00e4<br \/>Ruotsin yleisradiomuseo (RJA)<br \/>Kokouskutsu 24.3.2001 Lahteen, Radiom\u00e4elle<br \/><br \/>Varastosaldoon on laskettu uudet ja k\u00e4ytetyt lehdet. Uudet lehdet myyd\u00e4\u00e4n ensin.\u00a0<\/p>","protected":false},"excerpt":{"rendered":"<p>Suomen Radiohistoriallinen Seura ry:n julkaisema SRHS-j\u00e4senlehti 1\/2001 (5.3.2001). A5-kokoinen julkaisu. Seuran j\u00e4senille lehdist\u00e4 50% j\u00e4senalennus, tiedustele haluamiasi numeroita s\u00e4hk\u00f6postitse.T\u00e4ss\u00e4 numerossa:Nokian s\u00e4\u00e4ti\u00f6n tunnustuspalkinto Osmo A. Wiiolle\u201dLahti, Suomi\u201d (RJA)MV Estonia j\u00e4lkitarkastelussa (VKL)Jaakko M\u00e4enanttila on poissaTeuvo Py\u00f6k\u00e4ri on poissaRadiolampuista transistoreihin (Olavi Vihmanen)T\u00fcrin radioaseman historiasta (RJA)Antinheimon Aktinot ja muuntajamysteeri (Reijo Halkola)NMT &#8211; The Nordic Mobile Telephone (Seppo Tiainen)SRHS:n kotisivut &hellip;<\/p>\n<p class=\"read-more\"> <a class=\"thunk-readmore button\" href=\"https:\/\/www.radiomarket.fi\/en\/kohde\/ekus0478-radiot-lehti-1-2001\/\"> <span class=\"screen-reader-text\">EKUS0478 Radiot-lehti 1\/2001<\/span>Read More<\/a><\/p>","protected":false},"featured_media":42807,"template":"","meta":[],"_links":{"self":[{"href":"https:\/\/www.radiomarket.fi\/en\/wp-json\/wp\/v2\/product\/32029"}],"collection":[{"href":"https:\/\/www.radiomarket.fi\/en\/wp-json\/wp\/v2\/product"}],"about":[{"href":"https:\/\/www.radiomarket.fi\/en\/wp-json\/wp\/v2\/types\/product"}],"wp:featuredmedia":[{"embeddable":true,"href":"https:\/\/www.radiomarket.fi\/en\/wp-json\/wp\/v2\/media\/42807"}],"wp:attachment":[{"href":"https:\/\/www.radiomarket.fi\/en\/wp-json\/wp\/v2\/media?parent=32029"}],"curies":[{"name":"wp","href":"https:\/\/api.w.org\/{rel}","templated":true}]}}