{"id":32034,"date":"2022-03-30T00:06:36","date_gmt":"2022-03-29T21:06:36","guid":{"rendered":"https:\/\/www.radiomarket.fi\/?post_type=product&#038;p=32034"},"modified":"2023-10-17T12:59:43","modified_gmt":"2023-10-17T09:59:43","slug":"ekus0482-radiot-lehti-2-2000","status":"publish","type":"product","link":"https:\/\/www.radiomarket.fi\/en\/kohde\/ekus0482-radiot-lehti-2-2000\/","title":{"rendered":"EKUS0482 Radiot-lehti 2\/2000"},"content":{"rendered":"<p>Suomen Radiohistoriallinen Seura ry:n julkaisema SRHS-j\u00e4senlehti 2\/2000 (15.5.2000). A5-kokoinen julkaisu. Seuran j\u00e4senille lehdist\u00e4 50% j\u00e4senalennus, tiedustele haluamiasi numeroita s\u00e4hk\u00f6postitse.<br \/><br \/><strong>T\u00e4ss\u00e4 numerossa:<\/strong><br \/><br \/>Onnistunut kev\u00e4tkokous Vantaalla (RJA)<br \/>S\u00e4\u00e4nt\u00f6muutokset ja ylim\u00e4\u00e4r\u00e4inen kokous (JHE)<br \/>Ilmailuviestitoiminnan alkuvaiheet (Antti Hurme)<br \/>Ilmailuradiotoiminnasta &#8211; j\u00e4lkimietteit\u00e4 kev\u00e4tkokouksen tiimoilta (VKL)<br \/>Suomen ensimm\u00e4inen radiol\u00e4hetys sata vuotta sitten Kotkassa (Ragnar Backstr\u00f6m)<br \/>Radiopajan opintokerho (Jalo Ojanper\u00e4)<br \/>Rakentelua putkilla (Jalo Ojanper\u00e4)<br \/>Kehitys kehittyy, totesi isois\u00e4 (Esko Kettunen)<br \/>Kuvakierros<br \/>Kirjat kertovat<br \/>Mikrofonista vastaanottimeen<br \/>Aprillip\u00e4iv\u00e4n kirjaluettelo (JHE)<br \/>Sielt\u00e4 t\u00e4\u00e4lt\u00e4<br \/>Uusia suojahilaputkia (RJA)<br \/>Elokuvafilmin k\u00e4ytt\u00e4misest\u00e4 radiol\u00e4hetyksiss\u00e4 (JHE)<br \/>Radioaaltoja syytet\u00e4\u00e4n (JHE)<br \/>Byrd seuraa tapahtumia \u2026 (RS 9\/1928)<br \/>Vinkkilaatikko<br \/>Hattu p\u00e4\u00e4h\u00e4n! (Jalo Ojanper\u00e4)<br \/>Mot radiost\u00f6rningar (Bo Blomberg)<br \/>Haku p\u00e4\u00e4ll\u00e4 &#8211; hakup\u00e4\u00e4ll\u00e4<br \/>Radiorompep\u00e4iv\u00e4<br \/>Nyt kuriiritalkoisiin<br \/>Kokouskutsu ylim\u00e4\u00e4r. kokoukseen 10.6.2000<br \/>Pet\u00e4j\u00e4vedelle<br \/><br \/>Varastosaldoon on laskettu uudet ja k\u00e4ytetyt lehdet. Uudet lehdet myyd\u00e4\u00e4n ensin.\u00a0<\/p>","protected":false},"excerpt":{"rendered":"<p>Suomen Radiohistoriallinen Seura ry:n julkaisema SRHS-j\u00e4senlehti 2\/2000 (15.5.2000). A5-kokoinen julkaisu. Seuran j\u00e4senille lehdist\u00e4 50% j\u00e4senalennus, tiedustele haluamiasi numeroita s\u00e4hk\u00f6postitse.T\u00e4ss\u00e4 numerossa:Onnistunut kev\u00e4tkokous Vantaalla (RJA)S\u00e4\u00e4nt\u00f6muutokset ja ylim\u00e4\u00e4r\u00e4inen kokous (JHE)Ilmailuviestitoiminnan alkuvaiheet (Antti Hurme)Ilmailuradiotoiminnasta &#8211; j\u00e4lkimietteit\u00e4 kev\u00e4tkokouksen tiimoilta (VKL)Suomen ensimm\u00e4inen radiol\u00e4hetys sata vuotta sitten Kotkassa (Ragnar Backstr\u00f6m)Radiopajan opintokerho (Jalo Ojanper\u00e4)Rakentelua putkilla (Jalo Ojanper\u00e4)Kehitys kehittyy, totesi isois\u00e4 (Esko Kettunen)KuvakierrosKirjat kertovatMikrofonista &hellip;<\/p>\n<p class=\"read-more\"> <a class=\"thunk-readmore button\" href=\"https:\/\/www.radiomarket.fi\/en\/kohde\/ekus0482-radiot-lehti-2-2000\/\"> <span class=\"screen-reader-text\">EKUS0482 Radiot-lehti 2\/2000<\/span>Read More<\/a><\/p>","protected":false},"featured_media":42810,"template":"","meta":[],"_links":{"self":[{"href":"https:\/\/www.radiomarket.fi\/en\/wp-json\/wp\/v2\/product\/32034"}],"collection":[{"href":"https:\/\/www.radiomarket.fi\/en\/wp-json\/wp\/v2\/product"}],"about":[{"href":"https:\/\/www.radiomarket.fi\/en\/wp-json\/wp\/v2\/types\/product"}],"wp:featuredmedia":[{"embeddable":true,"href":"https:\/\/www.radiomarket.fi\/en\/wp-json\/wp\/v2\/media\/42810"}],"wp:attachment":[{"href":"https:\/\/www.radiomarket.fi\/en\/wp-json\/wp\/v2\/media?parent=32034"}],"curies":[{"name":"wp","href":"https:\/\/api.w.org\/{rel}","templated":true}]}}