{"id":32036,"date":"2022-03-30T07:37:31","date_gmt":"2022-03-30T04:37:31","guid":{"rendered":"https:\/\/www.radiomarket.fi\/?post_type=product&#038;p=32036"},"modified":"2023-10-17T12:56:05","modified_gmt":"2023-10-17T09:56:05","slug":"ekus0485-radiot-lehti-1-1999","status":"publish","type":"product","link":"https:\/\/www.radiomarket.fi\/en\/kohde\/ekus0485-radiot-lehti-1-1999\/","title":{"rendered":"EKUS0485 Radiot-lehti 1\/1999"},"content":{"rendered":"<p>Suomen Radiohistoriallinen Seura ry:n julkaisema SRHS-j\u00e4senlehti 1\/1999 (8.3.1999). A5-kokoinen julkaisu. Seuran j\u00e4senille lehdist\u00e4 50% j\u00e4senalennus, tiedustele haluamiasi numeroita s\u00e4hk\u00f6postitse.<br \/><br \/><strong>T\u00e4ss\u00e4 numerossa:<\/strong><br \/><br \/>Onko Mikkeliin menij\u00f6it\u00e4<br \/>S\u00e4ilytet\u00e4\u00e4n my\u00f6s korjaustaito (JHE)<br \/>Beam Benders &#8211; II maailmansodan salaper\u00e4iset radios\u00e4teet (VKL)<br \/>Kopioita vailla? (EMS)<br \/>J\u00e4ik\u00f6 itsen\u00e4isyysp\u00e4iv\u00e4 historiaan? (EMS)<br \/>Radioharrastajien osuus maanpuolustuksessa I (RS 10\/1927)<br \/>Radiokoulun palvelusj\u00e4rjestys (RS 1927)<br \/>Kirjat kertovat<br \/>Radiosanasto (RJA)<br \/>Lyhytaaltokirja (RJA)<br \/>R\u00f6hrentaschenbuch (RJA)<br \/>Televisiovastaanottimien mittausnormit (RJA)<br \/>Ker\u00e4ilij\u00e4n nurkkaus: Yrj\u00f6 \u00c4\u00e4ril\u00e4<br \/>Ruma radio (Jalo Ojanper\u00e4)<br \/>SRHS:n tietopalvelut (JHE)<br \/>SRHS:n esittely<br \/>Sielt\u00e4 t\u00e4\u00e4lt\u00e4<br \/>Afganistanin kuningas Aman-Ullah (RS 4\/1928)<br \/>Kehityst\u00e4 majakoilla (JHE)<br \/>Radiomajakkamestarit ja -vartijat (JHE)<br \/>Muistin tukena konsonantit (JHE)<br \/>Tuulimyllyn siivill\u00e4 toimiva (JHE)<br \/>Electron tubes<br \/>L\u00e4hetysohjeita lahjoittajille ym.<br \/>Haku p\u00e4\u00e4ll\u00e4 &#8211; hakup\u00e4\u00e4ll\u00e4<br \/>Kokouskutsu 20.3.1999 Mikkeliin<br \/><br \/>Varastosaldoon on laskettu uudet ja k\u00e4ytetyt lehdet. Uudet lehdet myyd\u00e4\u00e4n ensin.\u00a0<\/p>","protected":false},"excerpt":{"rendered":"<p>Suomen Radiohistoriallinen Seura ry:n julkaisema SRHS-j\u00e4senlehti 1\/1999 (8.3.1999). A5-kokoinen julkaisu. Seuran j\u00e4senille lehdist\u00e4 50% j\u00e4senalennus, tiedustele haluamiasi numeroita s\u00e4hk\u00f6postitse.T\u00e4ss\u00e4 numerossa:Onko Mikkeliin menij\u00f6it\u00e4S\u00e4ilytet\u00e4\u00e4n my\u00f6s korjaustaito (JHE)Beam Benders &#8211; II maailmansodan salaper\u00e4iset radios\u00e4teet (VKL)Kopioita vailla? (EMS)J\u00e4ik\u00f6 itsen\u00e4isyysp\u00e4iv\u00e4 historiaan? (EMS)Radioharrastajien osuus maanpuolustuksessa I (RS 10\/1927)Radiokoulun palvelusj\u00e4rjestys (RS 1927)Kirjat kertovatRadiosanasto (RJA)Lyhytaaltokirja (RJA)R\u00f6hrentaschenbuch (RJA)Televisiovastaanottimien mittausnormit (RJA)Ker\u00e4ilij\u00e4n nurkkaus: Yrj\u00f6 \u00c4\u00e4ril\u00e4Ruma radio &hellip;<\/p>\n<p class=\"read-more\"> <a class=\"thunk-readmore button\" href=\"https:\/\/www.radiomarket.fi\/en\/kohde\/ekus0485-radiot-lehti-1-1999\/\"> <span class=\"screen-reader-text\">EKUS0485 Radiot-lehti 1\/1999<\/span>Read More<\/a><\/p>","protected":false},"featured_media":42815,"template":"","meta":[],"_links":{"self":[{"href":"https:\/\/www.radiomarket.fi\/en\/wp-json\/wp\/v2\/product\/32036"}],"collection":[{"href":"https:\/\/www.radiomarket.fi\/en\/wp-json\/wp\/v2\/product"}],"about":[{"href":"https:\/\/www.radiomarket.fi\/en\/wp-json\/wp\/v2\/types\/product"}],"wp:featuredmedia":[{"embeddable":true,"href":"https:\/\/www.radiomarket.fi\/en\/wp-json\/wp\/v2\/media\/42815"}],"wp:attachment":[{"href":"https:\/\/www.radiomarket.fi\/en\/wp-json\/wp\/v2\/media?parent=32036"}],"curies":[{"name":"wp","href":"https:\/\/api.w.org\/{rel}","templated":true}]}}