{"id":32037,"date":"2022-03-30T07:42:28","date_gmt":"2022-03-30T04:42:28","guid":{"rendered":"https:\/\/www.radiomarket.fi\/?post_type=product&#038;p=32037"},"modified":"2023-10-17T12:56:48","modified_gmt":"2023-10-17T09:56:48","slug":"ekus0486-radiot-lehti-2-1999","status":"publish","type":"product","link":"https:\/\/www.radiomarket.fi\/en\/kohde\/ekus0486-radiot-lehti-2-1999\/","title":{"rendered":"EKUS0486 Radiot-lehti 2\/1999"},"content":{"rendered":"<p>Suomen Radiohistoriallinen Seura ry:n julkaisema SRHS-j\u00e4senlehti 2\/1999 (18.5.1999). A5-kokoinen julkaisu. Seuran j\u00e4senille lehdist\u00e4 50% j\u00e4senalennus, tiedustele haluamiasi numeroita s\u00e4hk\u00f6postitse.<br \/><br \/><strong>T\u00e4ss\u00e4 numerossa:<\/strong><br \/><br \/>Mihin tarvitaan SRHS:n kokoelmaa? (EMS)<br \/>Kev\u00e4tmietteit\u00e4 aamupakkasilla (RJA)<br \/>Jamming \u2013 yleisradioasemien tahallinen h\u00e4irint\u00e4 (VKL)<br \/>Radioharrastajien osuus maanpuolustuksessa II (RS 1927)<br \/>Kirjat kertovat<br \/>ULA-radion avain (RJA)<br \/>Vian etsint\u00e4 ja radion korjaus (RJA)<br \/>The Radio Amateur&#8217;s Handbook 1949 (RJA)<br \/>Sata vuotta Arvi Hauvosen syntym\u00e4st\u00e4<br \/>Raimo Honkanen on poissa (RJA)<br \/>Kev\u00e4tkokouksen antia (RJA)<br \/>Seuran radiopaja valmiina palvelukseen (Jalo Ojanper\u00e4)<br \/>J\u00e4senluettelo 1.4.1999<br \/>SRHS-toimintakertomus, tase ja tuloslaskelma 1998<br \/>Komponenttihinnasto 1.5.1999<br \/>Sielt\u00e4 t\u00e4\u00e4lt\u00e4<br \/>Leikkeit\u00e4<br \/>Haku p\u00e4\u00e4ll\u00e4 &#8211; hakup\u00e4\u00e4ll\u00e4<br \/>Putkivaraston t\u00e4ydennyst\u00e4<br \/><br \/>Varastosaldoon on laskettu uudet ja k\u00e4ytetyt lehdet. Uudet lehdet myyd\u00e4\u00e4n ensin.\u00a0<\/p>","protected":false},"excerpt":{"rendered":"<p>Suomen Radiohistoriallinen Seura ry:n julkaisema SRHS-j\u00e4senlehti 2\/1999 (18.5.1999). A5-kokoinen julkaisu. Seuran j\u00e4senille lehdist\u00e4 50% j\u00e4senalennus, tiedustele haluamiasi numeroita s\u00e4hk\u00f6postitse.T\u00e4ss\u00e4 numerossa:Mihin tarvitaan SRHS:n kokoelmaa? (EMS)Kev\u00e4tmietteit\u00e4 aamupakkasilla (RJA)Jamming \u2013 yleisradioasemien tahallinen h\u00e4irint\u00e4 (VKL)Radioharrastajien osuus maanpuolustuksessa II (RS 1927)Kirjat kertovatULA-radion avain (RJA)Vian etsint\u00e4 ja radion korjaus (RJA)The Radio Amateur&#8217;s Handbook 1949 (RJA)Sata vuotta Arvi Hauvosen syntym\u00e4st\u00e4Raimo Honkanen on &hellip;<\/p>\n<p class=\"read-more\"> <a class=\"thunk-readmore button\" href=\"https:\/\/www.radiomarket.fi\/en\/kohde\/ekus0486-radiot-lehti-2-1999\/\"> <span class=\"screen-reader-text\">EKUS0486 Radiot-lehti 2\/1999<\/span>Read More<\/a><\/p>","protected":false},"featured_media":42814,"template":"","meta":[],"_links":{"self":[{"href":"https:\/\/www.radiomarket.fi\/en\/wp-json\/wp\/v2\/product\/32037"}],"collection":[{"href":"https:\/\/www.radiomarket.fi\/en\/wp-json\/wp\/v2\/product"}],"about":[{"href":"https:\/\/www.radiomarket.fi\/en\/wp-json\/wp\/v2\/types\/product"}],"wp:featuredmedia":[{"embeddable":true,"href":"https:\/\/www.radiomarket.fi\/en\/wp-json\/wp\/v2\/media\/42814"}],"wp:attachment":[{"href":"https:\/\/www.radiomarket.fi\/en\/wp-json\/wp\/v2\/media?parent=32037"}],"curies":[{"name":"wp","href":"https:\/\/api.w.org\/{rel}","templated":true}]}}