{"id":32038,"date":"2022-03-30T07:44:05","date_gmt":"2022-03-30T04:44:05","guid":{"rendered":"https:\/\/www.radiomarket.fi\/?post_type=product&#038;p=32038"},"modified":"2023-10-17T12:57:34","modified_gmt":"2023-10-17T09:57:34","slug":"ekus0487-radiot-lehti-3-1999","status":"publish","type":"product","link":"https:\/\/www.radiomarket.fi\/en\/kohde\/ekus0487-radiot-lehti-3-1999\/","title":{"rendered":"EKUS0487 Radiot-lehti 3\/1999"},"content":{"rendered":"<p>Suomen Radiohistoriallinen Seura ry:n julkaisema SRHS-j\u00e4senlehti 3\/1999 (4.10.1999). A5-kokoinen julkaisu. Seuran j\u00e4senille lehdist\u00e4 50% j\u00e4senalennus, tiedustele haluamiasi numeroita s\u00e4hk\u00f6postitse.<br \/><br \/><strong>T\u00e4ss\u00e4 numerossa:<\/strong><br \/><br \/>Kun isois\u00e4 radion osti (EMS)<br \/>Pelaako yhteys? (RJA)<br \/>Syksyn lehtien putoillessa (RJA)<br \/>Radiot\u00e4htitieteen synty Suomessa (JHE)<br \/>Suora tv-vastaanotin (JHE)<br \/>Ari Karikko on poissa (Salld\u00e9nit)<br \/>Kuopiossa \u00e4\u00e4nentoiston historiaa (EMS)<br \/>ELF-taajuiset radioj\u00e4rjestelm\u00e4t (VKL)<br \/>Radiorompep\u00e4ivien kuvasatoa 5.6.1999 (Elmer Juhantie)<br \/>Radioharrastajien osuus maanpuolustuksessa III (RS)<br \/>Kirjat kertovat<br \/>Sukellusveneell\u00e4 UC-57 Vapaussotaan (JoRa)<br \/>Radiorakentajan kirja I (RJA)<br \/>SRHS ja henkil\u00f6rekisterilaki (JHE)<br \/>Sielt\u00e4 t\u00e4\u00e4lt\u00e4<br \/>PICNIC-matkaradion mainontaa v. 1929<br \/>Laulava hiililapio (JHE)<br \/>Suurin releerausketju (JHE)<br \/>Lahdessa jotain uutta, jotain vanhaa<br \/>Matala profiili petti (EMS)<br \/>Palautetta hajaspektrijuttuun (JoRa)<br \/>Tiet\u00e4\u00e4k\u00f6 kukaan? (JHE)<br \/>Haku p\u00e4\u00e4ll\u00e4 &#8211; hakup\u00e4\u00e4ll\u00e4<br \/>Kokouskutsu 23.10.1999 Jyv\u00e4skyl\u00e4\u00e4n<br \/><br \/>Varastosaldoon on laskettu uudet ja k\u00e4ytetyt lehdet. Uudet lehdet myyd\u00e4\u00e4n ensin.\u00a0<\/p>","protected":false},"excerpt":{"rendered":"<p>Suomen Radiohistoriallinen Seura ry:n julkaisema SRHS-j\u00e4senlehti 3\/1999 (4.10.1999). A5-kokoinen julkaisu. Seuran j\u00e4senille lehdist\u00e4 50% j\u00e4senalennus, tiedustele haluamiasi numeroita s\u00e4hk\u00f6postitse.T\u00e4ss\u00e4 numerossa:Kun isois\u00e4 radion osti (EMS)Pelaako yhteys? (RJA)Syksyn lehtien putoillessa (RJA)Radiot\u00e4htitieteen synty Suomessa (JHE)Suora tv-vastaanotin (JHE)Ari Karikko on poissa (Salld\u00e9nit)Kuopiossa \u00e4\u00e4nentoiston historiaa (EMS)ELF-taajuiset radioj\u00e4rjestelm\u00e4t (VKL)Radiorompep\u00e4ivien kuvasatoa 5.6.1999 (Elmer Juhantie)Radioharrastajien osuus maanpuolustuksessa III (RS)Kirjat kertovatSukellusveneell\u00e4 UC-57 Vapaussotaan (JoRa)Radiorakentajan &hellip;<\/p>\n<p class=\"read-more\"> <a class=\"thunk-readmore button\" href=\"https:\/\/www.radiomarket.fi\/en\/kohde\/ekus0487-radiot-lehti-3-1999\/\"> <span class=\"screen-reader-text\">EKUS0487 Radiot-lehti 3\/1999<\/span>Read More<\/a><\/p>","protected":false},"featured_media":42813,"template":"","meta":[],"_links":{"self":[{"href":"https:\/\/www.radiomarket.fi\/en\/wp-json\/wp\/v2\/product\/32038"}],"collection":[{"href":"https:\/\/www.radiomarket.fi\/en\/wp-json\/wp\/v2\/product"}],"about":[{"href":"https:\/\/www.radiomarket.fi\/en\/wp-json\/wp\/v2\/types\/product"}],"wp:featuredmedia":[{"embeddable":true,"href":"https:\/\/www.radiomarket.fi\/en\/wp-json\/wp\/v2\/media\/42813"}],"wp:attachment":[{"href":"https:\/\/www.radiomarket.fi\/en\/wp-json\/wp\/v2\/media?parent=32038"}],"curies":[{"name":"wp","href":"https:\/\/api.w.org\/{rel}","templated":true}]}}