{"id":32039,"date":"2022-03-30T07:45:59","date_gmt":"2022-03-30T04:45:59","guid":{"rendered":"https:\/\/www.radiomarket.fi\/?post_type=product&#038;p=32039"},"modified":"2023-10-17T12:58:23","modified_gmt":"2023-10-17T09:58:23","slug":"ekus0488-radiot-lehti-4-1999","status":"publish","type":"product","link":"https:\/\/www.radiomarket.fi\/en\/kohde\/ekus0488-radiot-lehti-4-1999\/","title":{"rendered":"EKUS0488 Radiot-lehti 4\/1999"},"content":{"rendered":"<p>Suomen Radiohistoriallinen Seura ry:n julkaisema SRHS-j\u00e4senlehti 4\/1999 (8.12.1999). A5-kokoinen julkaisu. Seuran j\u00e4senille lehdist\u00e4 50% j\u00e4senalennus, tiedustele haluamiasi numeroita s\u00e4hk\u00f6postitse.<br \/><br \/><strong>T\u00e4ss\u00e4 numerossa:<\/strong><br \/><br \/>Sata vuotta Suomen ensimm\u00e4isest\u00e4 radiol\u00e4hetyksest\u00e4<br \/>Radioteknillinen seura ry 70-vuotias (RJA)<br \/>Kehittyv\u00e4n radion vuosisata (RJA)<br \/>Maailman korkeimman radiomaston nousu ja tuho (VKL)<br \/>Bernhard System, Sodanaikainen ilmailun navigointij\u00e4rjestelm\u00e4 (Marko Leikola)<br \/>SRHS:n syyskokous Jyv\u00e4skyl\u00e4ss\u00e4 (RJA)<br \/>Elektroniputki, sen ominaisuudet ja k\u00e4ytt\u00f6 I (T.K. Laakso)<br \/>Kirjat kertovat<br \/>Sampo-kirja (RJA)<br \/>Radioaalto- ja antennisanasto (RJA)<br \/>SRHS:n toimintasuunnitelma v. 2000<br \/>Tulo- ja menoarvio v. 2000<br \/>Elektroniputkien pikahistoriaa (JHE)<br \/>Sielt\u00e4 t\u00e4\u00e4lt\u00e4<br \/>Mainossanomia v. 1928 (RS 3\/1928)<br \/>Kysymys (JHE)<br \/>Radion suojeluspyhimys (JHE)<br \/>SRHS:n esineit\u00e4 (JHE)<br \/>Haku p\u00e4\u00e4ll\u00e4 &#8211; hakup\u00e4\u00e4ll\u00e4<br \/>Digitan huutokauppa 20.11.1999<br \/><br \/>Varastosaldoon on laskettu uudet ja k\u00e4ytetyt lehdet. Uudet lehdet myyd\u00e4\u00e4n ensin.\u00a0<\/p>","protected":false},"excerpt":{"rendered":"<p>Suomen Radiohistoriallinen Seura ry:n julkaisema SRHS-j\u00e4senlehti 4\/1999 (8.12.1999). A5-kokoinen julkaisu. Seuran j\u00e4senille lehdist\u00e4 50% j\u00e4senalennus, tiedustele haluamiasi numeroita s\u00e4hk\u00f6postitse.T\u00e4ss\u00e4 numerossa:Sata vuotta Suomen ensimm\u00e4isest\u00e4 radiol\u00e4hetyksest\u00e4Radioteknillinen seura ry 70-vuotias (RJA)Kehittyv\u00e4n radion vuosisata (RJA)Maailman korkeimman radiomaston nousu ja tuho (VKL)Bernhard System, Sodanaikainen ilmailun navigointij\u00e4rjestelm\u00e4 (Marko Leikola)SRHS:n syyskokous Jyv\u00e4skyl\u00e4ss\u00e4 (RJA)Elektroniputki, sen ominaisuudet ja k\u00e4ytt\u00f6 I (T.K. Laakso)Kirjat kertovatSampo-kirja (RJA)Radioaalto- &hellip;<\/p>\n<p class=\"read-more\"> <a class=\"thunk-readmore button\" href=\"https:\/\/www.radiomarket.fi\/en\/kohde\/ekus0488-radiot-lehti-4-1999\/\"> <span class=\"screen-reader-text\">EKUS0488 Radiot-lehti 4\/1999<\/span>Read More<\/a><\/p>","protected":false},"featured_media":42812,"template":"","meta":[],"_links":{"self":[{"href":"https:\/\/www.radiomarket.fi\/en\/wp-json\/wp\/v2\/product\/32039"}],"collection":[{"href":"https:\/\/www.radiomarket.fi\/en\/wp-json\/wp\/v2\/product"}],"about":[{"href":"https:\/\/www.radiomarket.fi\/en\/wp-json\/wp\/v2\/types\/product"}],"wp:featuredmedia":[{"embeddable":true,"href":"https:\/\/www.radiomarket.fi\/en\/wp-json\/wp\/v2\/media\/42812"}],"wp:attachment":[{"href":"https:\/\/www.radiomarket.fi\/en\/wp-json\/wp\/v2\/media?parent=32039"}],"curies":[{"name":"wp","href":"https:\/\/api.w.org\/{rel}","templated":true}]}}