{"id":32051,"date":"2022-03-30T08:25:53","date_gmt":"2022-03-30T05:25:53","guid":{"rendered":"https:\/\/www.radiomarket.fi\/?post_type=product&#038;p=32051"},"modified":"2024-03-30T10:41:49","modified_gmt":"2024-03-30T08:41:49","slug":"ekus0676-radiot-lehti-4-1996","status":"publish","type":"product","link":"https:\/\/www.radiomarket.fi\/en\/kohde\/ekus0676-radiot-lehti-4-1996\/","title":{"rendered":"EKUS0676 Radiot-lehti 4\/1996"},"content":{"rendered":"<p>Suomen Radiohistoriallinen Seura ry:n julkaisema SRHS-tiedote 4\/1996 (10.12.1996). A5-kokoinen julkaisu. Seuran j\u00e4senille lehdist\u00e4 50% j\u00e4senalennus, tiedustele haluamiasi numeroita s\u00e4hk\u00f6postitse.<br \/><br \/><strong>T\u00e4ss\u00e4 numerossa:<br \/><\/strong><br \/>Onnistunut syyskokous<br \/>Positiivista takaisinkytkent\u00e4\u00e4 (RJA)<br \/>Kipin\u00e4radion kehitys II (Liisa Heikkil\u00e4)<br \/>Kirjat kertovat<br \/>Harrastelijan radiokirja 1950 (RJA)<br \/>Savun h\u00e4vetty\u00e4 tarkastamme kytkenn\u00e4n (KKO)<br \/>SRHS oli mukana<br \/>Yleisradion historiassa<br \/>Marconi Meeting Point<br \/>Yleisradion tekniikan p\u00e4iv\u00e4t<br \/>Kuolleita: Kyynelradio- ja johdinautoveteraani Heikki Kyykoski (Reijo Halkola)<br \/>Tutustumme \u201dKorkin\u201d radiokokoelmaan<br \/>SRHS kokoontui YLEn Isossa Pajassa<br \/>Hitler-radion (Timo Halen)<br \/>Vinkkilaatikko auki<br \/>S\u00e4\u00e4t\u00f6kondensaattorin puhdistus (RS 30-luku)<br \/>K\u00e4ytt\u00e4k\u00e4\u00e4 kaapelikenki\u00e4 (RS 30-luku)<br \/>E88CC &#8211; eikun &#8230;<br \/>Haku p\u00e4\u00e4ll\u00e4 &#8211; hakup\u00e4\u00e4ll\u00e4<br \/>Opas uuteen aikaan &#8211; GPS, ilmoitus<br \/><br \/>Varastosaldoon on laskettu uudet ja k\u00e4ytetyt lehdet. Uudet lehdet myyd\u00e4\u00e4n ensin.\u00a0<\/p>","protected":false},"excerpt":{"rendered":"<p>Loppuunmyydyksi merkittyjen lehtien yksitt\u00e4isist\u00e4 artikkeleista voi tiedustella kopioita tai skannauksia.<\/p>","protected":false},"featured_media":42800,"template":"","meta":[],"_links":{"self":[{"href":"https:\/\/www.radiomarket.fi\/en\/wp-json\/wp\/v2\/product\/32051"}],"collection":[{"href":"https:\/\/www.radiomarket.fi\/en\/wp-json\/wp\/v2\/product"}],"about":[{"href":"https:\/\/www.radiomarket.fi\/en\/wp-json\/wp\/v2\/types\/product"}],"wp:featuredmedia":[{"embeddable":true,"href":"https:\/\/www.radiomarket.fi\/en\/wp-json\/wp\/v2\/media\/42800"}],"wp:attachment":[{"href":"https:\/\/www.radiomarket.fi\/en\/wp-json\/wp\/v2\/media?parent=32051"}],"curies":[{"name":"wp","href":"https:\/\/api.w.org\/{rel}","templated":true}]}}