{"id":32054,"date":"2023-10-17T08:31:42","date_gmt":"2023-10-17T05:31:42","guid":{"rendered":"https:\/\/www.radiomarket.fi\/?post_type=product&#038;p=32054"},"modified":"2025-04-09T11:29:23","modified_gmt":"2025-04-09T08:29:23","slug":"ekus0678-radiot-lehti-2-1995","status":"publish","type":"product","link":"https:\/\/www.radiomarket.fi\/en\/kohde\/ekus0678-radiot-lehti-2-1995\/","title":{"rendered":"EKUS0678 Radiot-lehti 2\/1995"},"content":{"rendered":"<p>Suomen Radiohistoriallinen Seura ry:n julkaisema SRHS-tiedote 2\/1995 (2.5.1995). A5-kokoinen julkaisu. Seuran j\u00e4senille lehdist\u00e4 50% j\u00e4senalennus, tiedustele haluamiasi numeroita s\u00e4hk\u00f6postitse.<br \/><br \/><strong>T\u00e4ss\u00e4 numerossa:<br \/><\/strong><br \/>Sihteerin sivu (EMS)<br \/>Riihim\u00e4en viestimuseosta vanhoihin radioihin (RJA)<br \/>Miten SRHS:n tietokannat toimivat? Osa II (JHE)<br \/>Uutisia SRHS:n tietokannoista (JHE)<br \/>SRHS:n tietopalvelu (JHE)<br \/>SRHS:n esittely<br \/>Merkkipaaluja radion historiassa<br \/>Kirjat kertovat<br \/>T.K.Laakso, Radiokirja (RJA)<br \/>Riihim\u00e4en kokous (RJA)<br \/>Niit\u00e4 n\u00e4it\u00e4, sielt\u00e4 t\u00e4\u00e4lt\u00e4<br \/>Haku p\u00e4\u00e4ll\u00e4 &#8211; hakup\u00e4\u00e4ll\u00e4<br \/>Tapahtumia Suomen suvessa<br \/>Vinkkilaatikko auki<br \/>Lehteilev\u00e4 asteikkomaali (EMS)<br \/>Hyv\u00e4 kosketus (RJA)<br \/>K\u00e4yt\u00e4nn\u00f6llinen ty\u00f6kalu (RJA)<br \/>Avajaiskutsu Pet\u00e4j\u00e4veden vanhojen viestilaitteiden n\u00e4yttelyyn 13.5.1995<br \/><br \/>Varastosaldoon on laskettu uudet ja k\u00e4ytetyt lehdet. Uudet lehdet myyd\u00e4\u00e4n ensin. Loppuunmyydyksi merkittyjen lehtien yksitt\u00e4isist\u00e4 artikkeleista voi tiedustella kopioita tai skannauksia.<\/p>","protected":false},"excerpt":{"rendered":"<p>Loppuunmyydyksi merkittyjen lehtien yksitt\u00e4isist\u00e4 artikkeleista voi tiedustella kopioita tai skannauksia.<\/p>","protected":false},"featured_media":32088,"template":"","meta":[],"_links":{"self":[{"href":"https:\/\/www.radiomarket.fi\/en\/wp-json\/wp\/v2\/product\/32054"}],"collection":[{"href":"https:\/\/www.radiomarket.fi\/en\/wp-json\/wp\/v2\/product"}],"about":[{"href":"https:\/\/www.radiomarket.fi\/en\/wp-json\/wp\/v2\/types\/product"}],"wp:featuredmedia":[{"embeddable":true,"href":"https:\/\/www.radiomarket.fi\/en\/wp-json\/wp\/v2\/media\/32088"}],"wp:attachment":[{"href":"https:\/\/www.radiomarket.fi\/en\/wp-json\/wp\/v2\/media?parent=32054"}],"curies":[{"name":"wp","href":"https:\/\/api.w.org\/{rel}","templated":true}]}}