{"id":32057,"date":"2023-10-17T08:35:42","date_gmt":"2023-10-17T05:35:42","guid":{"rendered":"https:\/\/www.radiomarket.fi\/?post_type=product&#038;p=32057"},"modified":"2025-04-09T11:28:55","modified_gmt":"2025-04-09T08:28:55","slug":"ekus0684-radiot-lehti-4-1994","status":"publish","type":"product","link":"https:\/\/www.radiomarket.fi\/en\/kohde\/ekus0684-radiot-lehti-4-1994\/","title":{"rendered":"EKUS0684 Radiot-lehti 4\/1994"},"content":{"rendered":"<p>Suomen Radiohistoriallinen Seura ry:n julkaisema SRHS-tiedote 4\/1994 (30.12.1994). A5-kokoinen julkaisu. Seuran j\u00e4senille lehdist\u00e4 50% j\u00e4senalennus, tiedustele haluamiasi numeroita s\u00e4hk\u00f6postitse.<br \/><br \/><strong>T\u00e4ss\u00e4 numerossa:<br \/><\/strong><br \/>Sihteerin sivu (EMS)<br \/>Tinanappeja ja s\u00e4hink\u00e4isi\u00e4 (RJA)<br \/>Yleismittariharvinaisuus (JJA)<br \/>Haku p\u00e4\u00e4ll\u00e4 &#8211; hakup\u00e4\u00e4ll\u00e4<br \/>Kirjat kertovat<br \/>Loikkarit (JJA)<br \/>Radiokirja 1949 (RJA)<br \/>Kuvakulmia, kev\u00e4t ja syksy 1994<br \/>Philips-radioiden laitekoodit<br \/>Romua ehostamaan<br \/>Kuka tuntee radion<br \/>Radiohistorian roskatynn\u00f6rist\u00e4 (Romulus)<br \/>Kun grammari radion voitti<br \/>Mik\u00e4 on elefantinkorva<br \/>Wehrmacht Eigentum<br \/>Korpikuusen kyyneleit\u00e4<br \/>Vinkkilaatikko auki<br \/>Asteikkonaru ei ved\u00e4 (RJA)<br \/>Radioputken merkinn\u00e4t kuluneet (EMS)<br \/>Mietelause (Remus)<br \/>SRHS myy<br \/><br \/>Varastosaldoon on laskettu uudet ja k\u00e4ytetyt lehdet. Uudet lehdet myyd\u00e4\u00e4n ensin.\u00a0<\/p>","protected":false},"excerpt":{"rendered":"<p>Suomen Radiohistoriallinen Seura ry:n julkaisema SRHS-tiedote 4\/1994 (30.12.1994). A5-kokoinen julkaisu. Seuran j\u00e4senille lehdist\u00e4 50% j\u00e4senalennus, tiedustele haluamiasi numeroita s\u00e4hk\u00f6postitse.T\u00e4ss\u00e4 numerossa:Sihteerin sivu (EMS)Tinanappeja ja s\u00e4hink\u00e4isi\u00e4 (RJA)Yleismittariharvinaisuus (JJA)Haku p\u00e4\u00e4ll\u00e4 &#8211; hakup\u00e4\u00e4ll\u00e4Kirjat kertovatLoikkarit (JJA)Radiokirja 1949 (RJA)Kuvakulmia, kev\u00e4t ja syksy 1994Philips-radioiden laitekooditRomua ehostamaanKuka tuntee radionRadiohistorian roskatynn\u00f6rist\u00e4 (Romulus)Kun grammari radion voittiMik\u00e4 on elefantinkorvaWehrmacht EigentumKorpikuusen kyyneleit\u00e4Vinkkilaatikko aukiAsteikkonaru ei ved\u00e4 (RJA)Radioputken merkinn\u00e4t &hellip;<\/p>\n<p class=\"read-more\"> <a class=\"thunk-readmore button\" href=\"https:\/\/www.radiomarket.fi\/en\/kohde\/ekus0684-radiot-lehti-4-1994\/\"> <span class=\"screen-reader-text\">EKUS0684 Radiot-lehti 4\/1994<\/span>Read More<\/a><\/p>","protected":false},"featured_media":32070,"template":"","meta":[],"_links":{"self":[{"href":"https:\/\/www.radiomarket.fi\/en\/wp-json\/wp\/v2\/product\/32057"}],"collection":[{"href":"https:\/\/www.radiomarket.fi\/en\/wp-json\/wp\/v2\/product"}],"about":[{"href":"https:\/\/www.radiomarket.fi\/en\/wp-json\/wp\/v2\/types\/product"}],"wp:featuredmedia":[{"embeddable":true,"href":"https:\/\/www.radiomarket.fi\/en\/wp-json\/wp\/v2\/media\/32070"}],"wp:attachment":[{"href":"https:\/\/www.radiomarket.fi\/en\/wp-json\/wp\/v2\/media?parent=32057"}],"curies":[{"name":"wp","href":"https:\/\/api.w.org\/{rel}","templated":true}]}}