{"id":32060,"date":"2023-10-17T08:43:23","date_gmt":"2023-10-17T05:43:23","guid":{"rendered":"https:\/\/www.radiomarket.fi\/?post_type=product&#038;p=32060"},"modified":"2025-04-09T11:28:18","modified_gmt":"2025-04-09T08:28:18","slug":"ekus0685-radiot-lehti-1-1993","status":"publish","type":"product","link":"https:\/\/www.radiomarket.fi\/en\/kohde\/ekus0685-radiot-lehti-1-1993\/","title":{"rendered":"EKUS0685 Radiot-lehti 1\/1993"},"content":{"rendered":"<p>Suomen Radiohistoriallinen Seura ry:n julkaisema SRHS-tiedote 1\/1993 (5.3.1993). A5-kokoinen julkaisu. Seuran j\u00e4senille lehdist\u00e4 50% j\u00e4senalennus, tiedustele haluamiasi numeroita s\u00e4hk\u00f6postitse.<br \/><br \/><strong>T\u00e4ss\u00e4 numerossa:<br \/><\/strong><br \/>Kokous Lahdessa 27.3.1993<br \/>Antiikkiradiokokoelma myynniss\u00e4<br \/>Mietteit\u00e4 SRHS:n tietokannoista 6.1.1993 (JHE)<br \/>Miten luen SRHS:n lyhennetty\u00e4 esinetietokantalistausta<br \/>Ulkopuolisiakin avustuksia tulee tietokantaan (JHE)<br \/>Saa tiedottaa ja juoruta (EMS)<br \/>Telefunkon (JJA)<br \/>Telefunkenin putken RE11 historiaa (JJA)<br \/>Keuruun ensimm\u00e4isten radiovastaanottimien vaikutus<br \/>Kyselyj\u00e4: Helvarin putket<br \/>Incocnito?<br \/>Kyyneleest\u00e4 kilowattiin (JJA)<br \/>Kaskuja: Kumpi ompi parempi<br \/>Suomessa mainostetut ja s\u00e4ilyneet radioputkilla varustetut yleisradiovastaanottimet (JJA)<br \/>Kiinnostaako j\u00e4senyys (EMS)<br \/>Vanhojen radiolaitteiden luettelointi k\u00e4yntiin (EMS)<br \/><br \/>Varastosaldoon on laskettu uudet ja k\u00e4ytetyt lehdet. Uudet lehdet myyd\u00e4\u00e4n ensin.\u00a0<\/p>","protected":false},"excerpt":{"rendered":"<p>Suomen Radiohistoriallinen Seura ry:n julkaisema SRHS-tiedote 1\/1993 (5.3.1993). A5-kokoinen julkaisu. Seuran j\u00e4senille lehdist\u00e4 50% j\u00e4senalennus, tiedustele haluamiasi numeroita s\u00e4hk\u00f6postitse.T\u00e4ss\u00e4 numerossa:Kokous Lahdessa 27.3.1993Antiikkiradiokokoelma myynniss\u00e4Mietteit\u00e4 SRHS:n tietokannoista 6.1.1993 (JHE)Miten luen SRHS:n lyhennetty\u00e4 esinetietokantalistaustaUlkopuolisiakin avustuksia tulee tietokantaan (JHE)Saa tiedottaa ja juoruta (EMS)Telefunkon (JJA)Telefunkenin putken RE11 historiaa (JJA)Keuruun ensimm\u00e4isten radiovastaanottimien vaikutusKyselyj\u00e4: Helvarin putketIncocnito?Kyyneleest\u00e4 kilowattiin (JJA)Kaskuja: Kumpi ompi parempiSuomessa mainostetut &hellip;<\/p>\n<p class=\"read-more\"> <a class=\"thunk-readmore button\" href=\"https:\/\/www.radiomarket.fi\/en\/kohde\/ekus0685-radiot-lehti-1-1993\/\"> <span class=\"screen-reader-text\">EKUS0685 Radiot-lehti 1\/1993<\/span>Read More<\/a><\/p>","protected":false},"featured_media":42799,"template":"","meta":[],"_links":{"self":[{"href":"https:\/\/www.radiomarket.fi\/en\/wp-json\/wp\/v2\/product\/32060"}],"collection":[{"href":"https:\/\/www.radiomarket.fi\/en\/wp-json\/wp\/v2\/product"}],"about":[{"href":"https:\/\/www.radiomarket.fi\/en\/wp-json\/wp\/v2\/types\/product"}],"wp:featuredmedia":[{"embeddable":true,"href":"https:\/\/www.radiomarket.fi\/en\/wp-json\/wp\/v2\/media\/42799"}],"wp:attachment":[{"href":"https:\/\/www.radiomarket.fi\/en\/wp-json\/wp\/v2\/media?parent=32060"}],"curies":[{"name":"wp","href":"https:\/\/api.w.org\/{rel}","templated":true}]}}