{"id":32143,"date":"2022-04-12T20:01:10","date_gmt":"2022-04-12T17:01:10","guid":{"rendered":"https:\/\/www.radiomarket.fi\/?post_type=product&#038;p=32143"},"modified":"2022-11-23T17:01:23","modified_gmt":"2022-11-23T15:01:23","slug":"ekum0190-aeg-mr4104-poytaradio","status":"publish","type":"product","link":"https:\/\/www.radiomarket.fi\/en\/kohde\/ekum0190-aeg-mr4104-poytaradio\/","title":{"rendered":"EKUM0190 AEG MR4104 p\u00f6yt\u00e4radio"},"content":{"rendered":"<p>P\u00e4\u00e4llisin puolin virheet\u00f6n, mutta ei toiminut verkkovirralla tai paristolla. Hyv\u00e4\u00e4 ainesta projekteihin?<\/p>","protected":false},"excerpt":{"rendered":"<p>Askartelumateriaalia?<\/p>","protected":false},"featured_media":32145,"template":"","meta":[],"_links":{"self":[{"href":"https:\/\/www.radiomarket.fi\/en\/wp-json\/wp\/v2\/product\/32143"}],"collection":[{"href":"https:\/\/www.radiomarket.fi\/en\/wp-json\/wp\/v2\/product"}],"about":[{"href":"https:\/\/www.radiomarket.fi\/en\/wp-json\/wp\/v2\/types\/product"}],"wp:featuredmedia":[{"embeddable":true,"href":"https:\/\/www.radiomarket.fi\/en\/wp-json\/wp\/v2\/media\/32145"}],"wp:attachment":[{"href":"https:\/\/www.radiomarket.fi\/en\/wp-json\/wp\/v2\/media?parent=32143"}],"curies":[{"name":"wp","href":"https:\/\/api.w.org\/{rel}","templated":true}]}}