{"id":32189,"date":"2022-04-18T17:18:21","date_gmt":"2022-04-18T14:18:21","guid":{"rendered":"https:\/\/www.radiomarket.fi\/?post_type=product&#038;p=32189"},"modified":"2022-04-28T19:15:42","modified_gmt":"2022-04-28T16:15:42","slug":"ekub0192-dell-p2210-56cm-22-flat-panel-monitor","status":"publish","type":"product","link":"https:\/\/www.radiomarket.fi\/en\/kohde\/ekub0192-dell-p2210-56cm-22-flat-panel-monitor\/","title":{"rendered":"EKUB0192 Dell P2210f 56cm (22&#8243;) Flat Panel Monitor"},"content":{"rendered":"<p>Multimediamonitori. Advanced viewing angle adjustability. VGA, DVI-D (Digital) with HDCP, DisplayPortTM connectivity. 1680 x 1050 resolution in widescreen format. Energy Star\u00ae compliant. Environmentally Conscious Design: utilizes halogen-reduced materials. Jalusta pikalukituksella kiinni n\u00e4yt\u00f6ss\u00e4.<\/p>","protected":false},"excerpt":{"rendered":"<p>N\u00e4ytt\u00f6 testattu toimivaksi, s\u00e4\u00e4t\u00f6j\u00e4 ei testattu.Verkkojohto ja n\u00e4ytt\u00f6kaapeli mukana.<\/p>","protected":false},"featured_media":32191,"template":"","meta":[],"_links":{"self":[{"href":"https:\/\/www.radiomarket.fi\/en\/wp-json\/wp\/v2\/product\/32189"}],"collection":[{"href":"https:\/\/www.radiomarket.fi\/en\/wp-json\/wp\/v2\/product"}],"about":[{"href":"https:\/\/www.radiomarket.fi\/en\/wp-json\/wp\/v2\/types\/product"}],"wp:featuredmedia":[{"embeddable":true,"href":"https:\/\/www.radiomarket.fi\/en\/wp-json\/wp\/v2\/media\/32191"}],"wp:attachment":[{"href":"https:\/\/www.radiomarket.fi\/en\/wp-json\/wp\/v2\/media?parent=32189"}],"curies":[{"name":"wp","href":"https:\/\/api.w.org\/{rel}","templated":true}]}}