{"id":32315,"date":"2022-05-03T14:25:23","date_gmt":"2022-05-03T11:25:23","guid":{"rendered":"https:\/\/www.radiomarket.fi\/?post_type=product&#038;p=32315"},"modified":"2026-02-25T13:35:04","modified_gmt":"2026-02-25T11:35:04","slug":"ekub0199-glim-lamppu-hohtolamppu-e10","status":"publish","type":"product","link":"https:\/\/www.radiomarket.fi\/en\/kohde\/ekub0199-glim-lamppu-hohtolamppu-e10\/","title":{"rendered":"EKUB0199 glim-lamppu hohtolamppu E10"},"content":{"rendered":"<p>Uusia hohtolamppuja. Merkkilamppu ( pitk\u00e4ik\u00e4inen hohtolamppu ) verkkoj\u00e4nnitteelle. <em>E10<\/em>-kanta. 10 mm kannan halkaisija. Kierrekanta.<\/p>","protected":false},"excerpt":{"rendered":"<p>Kirjetoimitustuotteita kannattaa ostaa useampi kerralla, kukin lis\u00e4tty tuote nostaa perustoimituskulua vain 10 sentill\u00e4 (hinnaston 11\/2025 mukaan).<\/p>","protected":false},"featured_media":32331,"template":"","meta":[],"_links":{"self":[{"href":"https:\/\/www.radiomarket.fi\/en\/wp-json\/wp\/v2\/product\/32315"}],"collection":[{"href":"https:\/\/www.radiomarket.fi\/en\/wp-json\/wp\/v2\/product"}],"about":[{"href":"https:\/\/www.radiomarket.fi\/en\/wp-json\/wp\/v2\/types\/product"}],"wp:featuredmedia":[{"embeddable":true,"href":"https:\/\/www.radiomarket.fi\/en\/wp-json\/wp\/v2\/media\/32331"}],"wp:attachment":[{"href":"https:\/\/www.radiomarket.fi\/en\/wp-json\/wp\/v2\/media?parent=32315"}],"curies":[{"name":"wp","href":"https:\/\/api.w.org\/{rel}","templated":true}]}}