{"id":32348,"date":"2023-02-28T14:52:02","date_gmt":"2023-02-28T12:52:02","guid":{"rendered":"https:\/\/www.radiomarket.fi\/?post_type=product&#038;p=32348"},"modified":"2023-02-28T20:35:14","modified_gmt":"2023-02-28T18:35:14","slug":"ekub0196-kenttapuhelinlaite","status":"publish","type":"product","link":"https:\/\/www.radiomarket.fi\/en\/kohde\/ekub0196-kenttapuhelinlaite\/","title":{"rendered":"EKUB0196 AN\/GRC6 radion kaukok\u00e4ytt\u00f6laite US-Army"},"content":{"rendered":"Yksik\u00f6t C-434\/GRC ja C-433\/GRC sek\u00e4 laukku CW-189\/GR. Luuri H-33\/PT puuttuu.","protected":false},"excerpt":{"rendered":"<p>Yksik\u00f6t C-434\/GRC ja C-433\/GRC sek\u00e4 laukku CW-189\/GR. Luuri H-33\/PT puuttuu.<\/p>","protected":false},"featured_media":36443,"template":"","meta":[],"_links":{"self":[{"href":"https:\/\/www.radiomarket.fi\/en\/wp-json\/wp\/v2\/product\/32348"}],"collection":[{"href":"https:\/\/www.radiomarket.fi\/en\/wp-json\/wp\/v2\/product"}],"about":[{"href":"https:\/\/www.radiomarket.fi\/en\/wp-json\/wp\/v2\/types\/product"}],"wp:featuredmedia":[{"embeddable":true,"href":"https:\/\/www.radiomarket.fi\/en\/wp-json\/wp\/v2\/media\/36443"}],"wp:attachment":[{"href":"https:\/\/www.radiomarket.fi\/en\/wp-json\/wp\/v2\/media?parent=32348"}],"curies":[{"name":"wp","href":"https:\/\/api.w.org\/{rel}","templated":true}]}}