{"id":32367,"date":"2022-05-10T04:20:29","date_gmt":"2022-05-10T01:20:29","guid":{"rendered":"https:\/\/www.radiomarket.fi\/?post_type=product&#038;p=32367"},"modified":"2022-05-22T12:29:41","modified_gmt":"2022-05-22T09:29:41","slug":"ekum0608-skanneri-lehti-8-91-20u","status":"publish","type":"product","link":"https:\/\/www.radiomarket.fi\/en\/kohde\/ekum0608-skanneri-lehti-8-91-20u\/","title":{"rendered":"EKUM0608 Skanneri-lehti 8\/91 (20u)"},"content":{"rendered":"<p>Skanneri (my\u00f6s nimill\u00e4 Skanneri-radio, Skanneri radio, Skanneri Radio ja SkanneriRadio) oli vuodesta 1987 vuoteen 2003 ilmestynyt radiotekniikkaan keskittynyt harrastelehti. P\u00e4\u00e4asiallisena aihepiirin\u00e4 ilmestymisen ajan oli radioskannerilaitteet ja niiden k\u00e4ytt\u00f6, mutta juttujen aiheet kattoivat monipuolisesti radioteknist\u00e4 harrastusta aina radioamat\u00f6\u00f6ritoiminnasta piraattiradioihin, antennisuunnittelusta taajuustietoihin ja satelliittitelevisiol\u00e4hetysten salauksen purkamisesta tutkanpaljastimiin.<\/p><p>Varastosaldoon on laskettu uudet ja k\u00e4ytetyt lehdet. Uudet lehdet myyd\u00e4\u00e4n ensin.\u00a0<\/p><p><strong>1991 sis\u00e4llysluettelo<\/strong><\/p><p>Kunkin otsikon per\u00e4ss\u00e4 oleva numero (1-8 ja PS) ilmaisee sen lehden numeron, jossa kyseinen juttu on julkaistu. Numero 1 = 1\/91, 2 = 2\/91, jne. ja PS = Police Special).<\/p><p>Antennit<br \/>-1\/4-aallon GP (6)<br \/>-CB lanka-antenni koksista (8)<br \/>-Diamond RH-72-teleskooppi (3)<br \/>-Discone (1)<br \/>-Howes aktiiviantenni AA4 (3)<br \/>-Lis\u00e4varusteltu Skoda 120L (6)<br \/>-Panin autopiiska DV-27 x 2 (2)<br \/>-Paras ja nopein 2 mb piiska (6)<br \/>-Spitfire (4)<br \/>-Sukeltavia antenneja (2)<br \/>-Suuntimaan VHF:lle (1)<br \/>-Tarviketeleskoopista todettua (5)<br \/>-Teleskooppiantenni Regency HX-2000:en (4) <br \/>-Varo magneettijalkaa (6)<br \/>-VR-radioantenni (8)<\/p><p>HF (&amp; alemmat)-taajuudet<br \/>-Australian MW-taajuuksia (8)<br \/>-DX-kuunnellaan keskipitki\u00e4 (7)<br \/>-KW Special Frequenzliste 87-88 (4)<br \/>-Radiotaajuuksien k\u00e4ytt\u00f6tarkoitusjako, osa 1 (2)<br \/>-Radiotaajuuksien k\u00e4ytt\u00f6tarkoitusjako,<br \/>osa 2 (3)<br \/>-Radiotaajuusalueiden nimet (1)<br \/>-Sukellusveneit\u00e4 VLF:ll\u00e4 (1)<br \/>-Suomen hy\u00f6tyliikenneasemia lyhytaalloil\u00adla (1)<br \/>-Ulkoministeri\u00f6 (4)<\/p><p>HF-vastaanottimet<br \/>-Dux 1070 (5)<br \/>-Lowe HF-150 (8)<br \/>-Lowe HF-225 (6)<br \/>-Luxor RP 9158 (5)<br \/>-Phillips AE 3205 (5)<br \/>-Selena B-212 (5)<\/p><p>Huumoria<br \/>-Jos naapurisi valittaa&#8230; (7)<br \/>-J\uf06ergen Hauptbanhof (3)<\/p><p>Ilmailuradio<br \/>-Helsinki-Malmin lennonjohto parakissa (7)<br \/>-Helsinki-Vantaan lentoasema (2)<br \/>-Helsinki-Vantaan l\u00e4hestymisj\u00e4rjestelm\u00e4\u00e4 (8)<br \/>-Ilmailua 30-80 MHz:ll\u00e4? (1)<br \/>-Learjet kuiskaava tiedustelija Utista (7)<br \/>-Neuvostoilmavoimilla kerosiini v\u00e4hiss\u00e4 (6)<br \/>-Neuvostoliiton ilmavoimien uutisia (1)<br \/>-Y\u00f6ll\u00e4 jossain Afrikan yll\u00e4 (7)<\/p><p>Kaupank\u00e4ynti<br \/>-Heikki on taikonut toista tuhatta skan\u00adneria (1)<br \/>-Kenwoodit pois Komalta (5)<br \/>-Kuluttajansuojalakia radion ostajalle (5)<br \/>-K\u00e4ytettyjen laitteiden hintavertailu (6)<br \/>-Liioittelua? (8)<br \/>-Maahantuonnin sy\u00f6vereiss\u00e4 (3)<br \/>-Mikrolog huoltaa (5)<br \/>-Miten k\u00e4y kauppa? (4)<br \/>-P\u00e4\u00e4kirjoitus (1)<br \/>-Radioiden maahantuontia (2)<br \/>-Rahastusta Ruotsin malliin (6)<br \/>-Tero Arteli-haastattelu (8)<br \/>-World Comp tiivist\u00e4\u00e4 toimintaansa (8)<br \/>-Wuttke lopetti (8)<\/p><p>Kirjat<br \/>-Barelli ja merirosvoradio (3)<br \/>-Conrad Electronic 91 Hauptkatalog (4)<br \/>-DX-kuuntelun maailma (7)<br \/>-Frekvenskatalog (4)<br \/>-Frequentietabellen voor scanners (6)<br \/>-Scanner Modification Handbook (5)<br \/>-SRS Aktuellt Nr 4 1990 (4)<br \/>-UKW Sprechfunk-Handbuck (6)<br \/>-Viestimiehen s\u00e4hk\u00f6oppi (7)<\/p><p>Laki ja sen k\u00e4ytt\u00f6<br \/>-Alemmat oikeusasteet noudattavat KKO:n p\u00e4\u00e4t\u00f6st\u00e4 (8)<br \/>-HF-rigit m\u00e4\u00e4r\u00e4aikaiseen takavarikkoon (3)<br \/>-Kuluttajansuojalakia radion ostajalle (5) <br \/>-Mit\u00e4 sanoo laki? (PS)<br \/>-Oikeudenk\u00e4ynti Vaasassa (2)<br \/>-Oikeudesta laitteet takaisin (6)<br \/>-Onko Filmnet-kooderisi laillinen? (7)<br \/>-Poliisia saa kuunnella (5)<br \/>-Radiolakia (1)<br \/>-Rikesakko radioamat\u00f6\u00f6rilupakopiosta (2)<br \/>-Sikaradiosta ehdotonta (6)<br \/>-Uusien LA-puhelimien kauppa loppuu (8)<\/p><p>LA\/PR-puhelimet ja lis\u00e4laitteet<br \/>-CTE Invader 200 (2)<br \/>-Ham Multimode 3 (1,5)<br \/>-Hamssikoneella LA-kanaville? (7)<br \/>-K\u00e4ytettyjen laitteiden hintavertailu (6)<br \/>-Lis\u00e4varusteltu Skoda 120 L (6)<br \/>-Matoja Uniden 2830:ss\u00e4? (6)<br \/>-PR-puhelimet lyhyesti (1)<br \/>-Skytronics CB 753 (1)<br \/>-Uutuuksia bandeille (4)<br \/>-Varokaa RMS K-160 transistorilinukoita (3)<\/p><p>LA-puhelinliikenn\u00f6inti<br \/>-Auto auki &#8211; l\u00e4ll\u00e4rill\u00e4 (6)<br \/>-CB-taajuuksia (3)<br \/>-CEPT sy\u00f6 AM:n (8)<br \/>-Gruppo Radio Italia Alfa Tango (7)<br \/>-Joensuun LA-v\u00e4ki (1)<br \/>-LA h\u00e4iritsee matolaatikkoa (3)<br \/>-Neuvostokansalle LA-puhelimia (2)<br \/>-Oikeudesta laitteet takaisin (6)<br \/>-Oma LA-systeemi Neuvostoliittoon (3)<br \/>-PR-27-puhelimien tilap\u00e4inen k\u00e4ytt\u00f6 CEPT-maissa (4)<br \/>-PR-kutsukanava (3)<br \/>-Santa Claus DX Group (6)<br \/>-Seiskalla h\u00e4iri\u00f6it\u00e4 (5)<br \/>-Tuki-kerhon terveisi\u00e4 (5)<br \/>-Tup-La Salosta (4)<br \/>-Uudet verkot (3)<br \/>-Uusien LA-puhelimien kauppa loppuu (8)<\/p><p>Lehdet<br \/>-Free Radio News (5)<br \/>-Ilmaviesti (1)<br \/>-QTC (7)<br \/>-RAM (1)<br \/>-Television Engineering (5)<br \/>-TH\u00c4:n \u00e4\u00e4nitelista (2)<br \/>-Vox-90 (1)<\/p><p>Lukijakirjeet, pakinat<br \/>-Ainoa tiedotonko? (2)<br \/>-George Ball: Antennin varjosta (1)<br \/>-J\uf06ergen Hauptbanhof (3)<br \/>-Kakarana varkaissa (2)<br \/>-Kapteeni von Hertz: Kuolemmeko sukupuut\u00adtoon? (5)<br \/>-Kapteeni von Hertz: Radiolaitteet &#8211; mik\u00e4 niiss\u00e4 maksaa? (2)<br \/>-Kokemuksia Icom R100:sta (3)<br \/>-Korvakuulolla skannaillen (3)<br \/>-Miten minusta tuli hamssi (2)<br \/>-Palo-special osin vanhentunut (5)<br \/>-Radioiden maahantuontia (2)<br \/>-Remontoisin 2 mb:n amat\u00f6\u00f6rikapulaa (2)<br \/>-Skannerista LA-kerho (2)<br \/>-Tarviketeleskoopista todettua (5)<br \/>-Tietokoneboksi skannaajille? (8)<br \/>-Vainko rahastusta? (3)<br \/>-Vastaus Kapteeni von Hertzille (6)<br \/>-Vastaus kirjoitukseen &#8220;S\u00e4pin\u00e4\u00e4 Sein\u00e4\u00adjoella&#8221; (4)<br \/>-Viel\u00e4 Ringsidest\u00e4 (4)<\/p><p>Matkakertomukset<br \/>-Internationale Funkaustellung Berlin (7)<br \/>-Kaitsekodu (8)<br \/>-Matkakuulumisia (6)<br \/>-Messuilla: Vision 90 (1)<br \/>-Miss\u00e4 radiotkin ovat halpoja, osa 2 (1)<br \/>-Miss\u00e4 radiotkin ovat halpoja, osa 3 (2)<br \/>-Miss\u00e4 radiotkin ovat halpoja, osa 4 (4)<br \/>-Skannaillen Yhdysvalloissa, osa 5 (5)<br \/>-Skanneri matkustaa (5)<\/p><p>Modifioinnit, virittely<br \/>-Alan 44,48,34,68 (3)<br \/>-Alinco DJ-160 (5)<br \/>-Alinco DJ-500 (2)<br \/>-Alinco DJ-560 (2)<br \/>-Alinco DR-570 (5)<br \/>-Amecom 45\/850 (7)<br \/>-Cobra 148 GTL (8)<br \/>-Cobra 2000 GTL (7)<br \/>-Cybernetin l\u00e4ll\u00e4rit (6)<br \/>-Grundig 650 (3)<br \/>-Ham Int. Alpha 1000 SF (6)<br \/>-Ham Int. Alpha 1000 (7)<br \/>-Icom IC-2G-sarja (1)<br \/>-Icom IC-2SRE (7)<br \/>-Icom IC-24ET (4,6)<br \/>-Icom IC-2410 (7)<br \/>-Icom IC-3220 (1)<br \/>-Icom IC-735 (1)<br \/>-Icom IC-970E (4)<br \/>-Intek M340S,500S (3)<br \/>-Kenwood RZ-1 (3)<br \/>-Kenwood TS-430 (6)<br \/>-Kraco 2440 (5)<br \/>-Major (1)<br \/>-Major M 120 FI (7)<br \/>-Micro 4023 (8)<br \/>-Mocoma 9\/9S<br \/>-Mocoma 88 (8)<br \/>-Mocoma 7400 (8)<br \/>-Mocomat (1)<br \/>-Puuttuuko piippa? (5)<br \/>-President Lincoln (7)<br \/>-Realistic Pro-34 (1)<br \/>-Super Tomcat (7)<br \/>-Uniden HR-2510 (7)<br \/>-Uniden 2830 (7)<br \/>-Uniden Bearcat BC\/UBC 200 XLT (5,6,7)<br \/>-Yaesu FT-727R (3)<br \/>-Yaesu FT-747 GX (2)<br \/>-Yaesu FT-767 GX (1)<br \/>-Zodiac 5126 (5)<\/p><p>Paikallisradiot<br \/>-Classic Radio (8)<br \/>-P\u00e4k\u00e4n FM-l\u00e4hetin l\u00f6ytyi (6)<br \/>-Radio J\u00e4ms\u00e4 (8)<br \/>-Satah\u00e4me vaihtoi taajuutta (5)<br \/>-Varkaita Radio P\u00e4k\u00e4ll\u00e4 (6)<\/p><p>Poliisiradio<br \/>-Alemmat oikeusasteet noudattavat KKO:n p\u00e4\u00e4t\u00f6st\u00e4 (8)<br \/>-Enon poliisi puhuu ven\u00e4j\u00e4\u00e4 (8)<br \/>-Mobiran v\u00e4litaajuus (2)<br \/>-Police Special (PS)<br \/>-Poliisia saa kuunnella (5)<br \/>-Poliisi eri maissa (4)<br \/>-Poliisi kusettaa skannerikuuntelijoita (8)<br \/>-Sikaradiosta ehdotonta (6)<br \/>-Sonab HR 4016 P (2)<\/p><p>Puhelin<br \/>-Ei radiopuhelimia sairaalaan (3)<br \/>-Mobira Ringside (3)<br \/>-NMT-450 it\u00e4naapuriin (4)<br \/>-NMT-450 k\u00e4sipuhelimia (7)<br \/>-NMT:n seuraaja GSM (7)<br \/>-Nyt soitellaan Eestiss\u00e4kin NMT-450:ll\u00e4 (3)<br \/>-THK:n tyyppihyv\u00e4ksym\u00e4t CT1-puhelimet (5)<br \/>-Uudet laittomat langattomat (5) <br \/>-Viel\u00e4 Ringsidest\u00e4 (4)<\/p><p>P\u00e4\u00e4kirjoitukset<br \/>-It\u00e4-Saksa (5)<br \/>-Kaupank\u00e4ynti (1,3,4,5,6,7)<br \/>-Mainonta (8)<br \/>-NMT-450 k\u00e4sipuhelimia (7)<br \/>-Police Special (8)<br \/>-Poliisiradio (PS)<br \/>-PR-kutsukanava (3)<br \/>-Radioamat\u00f6\u00f6rit (6)<br \/>-Rekkamiehet (5)<br \/>-Skannerikuuntelu (8)<br \/>-Valvontayhteiskunta (2)<\/p><p>Radioamat\u00f6\u00f6rilaitteet<br \/>-Alinco DJ-500 (2)<br \/>-Alinco DJ-560 (2)<br \/>-Alinco DR-570 (5)<br \/>-Hamssikoneella LA-kanaville? (7)<br \/>-Icom IC-3220 (1)<br \/>-Icom IC-2SRE (7)<br \/>-Icom IC-2410 (7)<br \/>-Icomilta 70cm\/skanneri (3)<br \/>-Icom IC-W2E (8)<br \/>-Standard C5600 (8)<br \/>-Taas uutta Icomilta (5)<br \/>-Uutuuksia bandeille (4)<\/p><p>Radioamat\u00f6\u00f6ritoiminta<br \/>-2 metrin ripiitterit Ruotsissa (6)<br \/>-70 sentin ripiitterit Ruotsissa (8)<br \/>-HF-rigit m\u00e4\u00e4r\u00e4aikaiseen takavarikkoon (3)<br \/>-J\u00e4ms\u00e4n toistin (4)<br \/>-Kes\u00e4tapahtumia (4)<br \/>-Miten minusta tuli hamssi (2)<br \/>-Rikesakko radioamat\u00f6\u00f6riluvasta (2)<br \/>-Uudet verkot (3)<br \/>-Vainko rahastusta? (3)<\/p><p>Rakentelu<br \/>-6,2 MHz l\u00e4hetin (8)<br \/>-Autotape (8)<br \/>-LA h\u00e4iritsee matolaatikkoa? (3)<br \/>-PMP-modeemi (8)<br \/>-R\u00e4tin\u00e4\u00e4 romiskossa (3)<br \/>-Ratin\u00e4\u00e4 romiskossa II (4)<br \/>-R\u00e4tin\u00e4\u00e4 romiskossa osa 3 (5)<br \/>-R\u00e4tin\u00e4\u00e4 romiskossa osa 4 (6)<br \/>-Skannerit ja l\u00e4ll\u00e4rit stereolinjaan (4)<br \/>-TV-piraatti (2)<\/p><p>Skannailu (ei taajuudet)<br \/>-Poliisin koodit (PS)<br \/>-SAKU-koodit (4)<br \/>-Skannailun alkeita (3)<br \/>-Tietokoneboksi skannaajille? (8)<\/p><p>Skannerivastaanottimet<br \/>-11 skanneria herkkyystestiss\u00e4 (8)<br \/>-AOR1000 hyl\u00e4tty (6)<br \/>-Icom IC-R1F (2)<br \/>-Icom IC-R9000 (5)<br \/>-Kaiser NFT-1000 (7)<br \/>-Kenwood RZ-1 (8)<br \/>-Kokemuksia Icom R100:sta (3)<br \/>-Konvertteri AR2002 &amp; IC-R7000 vastaanot\u00adtimiin (6)<br \/>-Korvakuulolla skannaillen (3)<br \/>-K\u00e4ytettyjen laitteiden hintavertailu (6)<br \/>-Millainen skannerisi on? (8)<br \/>-Realistic Pro-2006 (2)<br \/>-Shinwa SR 001 (1)<br \/>-Standard AX700 (6)<br \/>-&#8220;T\u00e4\u00e4lt\u00e4 l\u00f6ytyy hiiri\u00e4&#8221; (5)<br \/>-Uniden Bearcatit ristiin taulukoiden (7)<br \/>-Uutuuksia Suomeen (8)<br \/>-Yupiteru MVT-7000 (6)<\/p><p>Sotilasradio<br \/>-Kakarana varkaissa (2)<br \/>-Kuopiossa armeijan s\u00e4\u00e4tietoja TV:st\u00e4 (6)<br \/>-Maanalaista radiotoimintaa (6)<br \/>-Neuvostoilmavoimilla kerosiini v\u00e4hiss\u00e4 (6)<br \/>-Persianlahtea VHF:ll\u00e4 (3)<br \/>-Radion kanssa Rovalla (5)<br \/>-Suomen sotilaita UHF:ll\u00e4 (3)<br \/>-War is over&#8230; (3)<\/p><p>Surveillance<br \/>-Bionic Ear-vakoilumikrofoni (4)<br \/>-LA-harrastajat salakuuntelevat? (1)<br \/>-Lottoaminen on vanha tapa rikastua (2)<br \/>-Persianlahden sota (2)<br \/>-Poliisikuulustelun videointi (2)<\/p><p>Tekniikka ja teoria<br \/>-EMP polttaa trankut (2)<br \/>-QRG eli tutkitaanpa taajuutta (6)<br \/>-Tiedon siirto ja modulaatio, osa 1 (1)<br \/>-Tiedon siirto ja modulaatio, osa 2 (2)<br \/>-Tiedon siirto ja modulaatio, osa 3 (3)<br \/>-Tiedon siirto ja modulaatio, osa 4 (4)<br \/>-Tiedon siirto ja modulaatio, osa 5 (5)<br \/>-Varo maadoitusta (2)<\/p><p>Telehallintokeskus<br \/>-Kuumassa k\u00e4ry\u00e4\u00e4? (4)<br \/>-S\u00e4pin\u00e4\u00e4 Sein\u00e4joella (3)<br \/>-TV-lupatarkkailua (1)<br \/>-Uudet verkot (3)<br \/>-Ylistaron radiotarkkailuasema (2)<\/p><p>Vapaa Radio, piraatit<br \/>-6,2 MHz l\u00e4hetin (8)<br \/>-Barelli ja merirosvoradio (3)<br \/>-FRCF (7)<br \/>-Monacorin &#8220;piraattikaiku&#8221; (6)<br \/>-Neuvostoliiton piraatit (6)<br \/>-Porin piraatti armahdettiin (3)<br \/>-Radio Aallot (8)<br \/>-Radio Bonanza (8)<br \/>-Radio Bristol (1,5,7)<br \/>-Radio Caroline: The legend lives on CD (7)<br \/>-Radio City\u00e4 h\u00e4irittiin (3)<br \/>-Radio Diablo (5,7,8)<br \/>-Radio Galaxy (3,8)<br \/>-Radio Helsingin H\u00f6ng\u00e4ys (7)<br \/>-Radio Mayday (1,2,3,5,7,8)<br \/>-Radio Meteor (1,3,5,7,8)<br \/>-Radio Milliwatti (5,8)<br \/>-Radio Scanwood (1,3)<br \/>-Radio Trafo (6)<br \/>-Radio Wawes (1)<br \/>-Right-Wing Radio (7)<br \/>-Soita hollantilaisille MW-piraateille (6)<br \/>-T-paitoja (4)<br \/>-TV-piraatti (2)<br \/>-Vapaa Radio tapaaminen Saksassa (4)<br \/>-Voice of Free Radio (7,8)<br \/>-Wuttke lopetti (8)<\/p><p>Vekottimia<br \/>-Langaton mikrofoni: ABA-88 (6)<br \/>-Monacorin &#8220;piraattikaiku&#8221; (6)<br \/>-Peilauksen iloja: R &amp; S PA 025 (4)<br \/>-Shinwa Hunter SH 601 P (7)<br \/>-Yleismittari Testmate 175 (5)<\/p><p>VHF-UHF-taajuudet<br \/>-2 metrin ripiitterit Ruotsissa (6)<br \/>-70 sentin ripiitterit Ruotsissa (8)<br \/>-Arabiaa VHF:ll\u00e4 Kotkassa (1)<br \/>-Espoo Special (6)<br \/>-Frequency Allocation Table (7)<br \/>-Helsingin palolaitos (5)<br \/>-Helsinki-Malmin lennonjohto parakissa (7)<br \/>-Helsinki-Vantaan lentoasema (2)<br \/>-Ilmailua 30-80 MHz:ll\u00e4? (1)<br \/>-It\u00e4naapuri breikkaa (2)<br \/>-Juv\u00e4skyl\u00e4n Suurajot 1991 (7)<br \/>-J\u00e4ms\u00e4n amat\u00f6\u00f6ritoistin (4)<br \/>-Kuunnellaan Helsingin Radio Ykk\u00f6st\u00e4 (1)<br \/>-K\u00e4ytt\u00f6\u00f6n tulevat GSM-taajuudet (3)<br \/>-Lis\u00e4\u00e4 taajuuksia kaivataan (8)<br \/>-Mobira Ringside (3)<br \/>-Meri-VHF (5)<br \/>-NMT-900 KGB:ll\u00e4 (4)<br \/>-NMT:n seuraaja GSM (7)<br \/>-OIRT-FM (6)<br \/>-Oy Yleisradio Ab:n UHF-kaukovalvonta\u00adverkosto (3)<br \/>-Palokuntien ja v\u00e4est\u00f6nsuojelun radiotoi\u00adminta (4)<br \/>-Palo-special osin vanhentunut (5)<br \/>-Persianlahtea VHF:ll\u00e4 (3)<br \/>-Pienoismalliautot 38 MHz (1)<br \/>-Police Special (PS)<br \/>-Poliisi eri maissa (4)<br \/>-Pori special (2)<br \/>-Puola siirtyy Euro-ULA:an (5)<br \/>-Radion kanssa Rovalla (5)<br \/>-Radio-ohjauskanavia (7)<br \/>-Radiotaajuuksien k\u00e4ytt\u00f6tarkoitusjako, osa 3 (4)<br \/>-Radiotaajuuksien k\u00e4ytt\u00f6tarkoitusjako, osa 4 (5)<br \/>-Radiotaajuuksien k\u00e4ytt\u00f6tarkoitusjako, osa 5 (6)<br \/>-Radiotaajuuksien k\u00e4ytt\u00f6tarkoitusjako, osa 6 (7)<br \/>-Radiotaajuusalueiden nimet (1)<br \/>-Suomen sotilaita UHF:ll\u00e4 (3)<br \/>-Suomen Teollisuuden Vartiointi (7)<br \/>-Vaasa special (4)<br \/>-Viking Line VHF:ll\u00e4 (5)<\/p><p>&#8220;\u00d6-mappi&#8221;<br \/>-CEPT (5)<br \/>-CTCSS (1)<br \/>-Green Stamp (1)<br \/>-Helsingin taksi TaxiPakissa (3)<br \/>-Kiinnostaisiko koulutus? (5)<br \/>-Lis\u00e4varusteltu Skoda 120L (6)<br \/>-Maanalaista radiotoimintaa (6)<br \/>-Miss\u00e4 opiskellaan? (6)<br \/>-Murto K\u00e4rk\u00f6l\u00e4n poliisiasemalle (8)<br \/>-Radio Caroline: The legend lives on CD (7)<br \/>-Radiovarkaat erottuvat (5)<br \/>-Sis\u00e4llysluettelo 1987-1990 (1)<br \/>-Suojelupoliisin toimistot (7)<br \/>-Suuntimaan: koiratutka (4)<br \/>-TV-satellites (6)<br \/>-Varkaita Radio P\u00e4k\u00e4ll\u00e4 (5)<\/p>","protected":false},"excerpt":{"rendered":"<p>Loppuunmyydyksi merkittyjen lehtien yksitt\u00e4isist\u00e4 artikkeleista voi tilata kopioita tai skannauksia.<\/p>","protected":false},"featured_media":0,"template":"","meta":[],"_links":{"self":[{"href":"https:\/\/www.radiomarket.fi\/en\/wp-json\/wp\/v2\/product\/32367"}],"collection":[{"href":"https:\/\/www.radiomarket.fi\/en\/wp-json\/wp\/v2\/product"}],"about":[{"href":"https:\/\/www.radiomarket.fi\/en\/wp-json\/wp\/v2\/types\/product"}],"wp:attachment":[{"href":"https:\/\/www.radiomarket.fi\/en\/wp-json\/wp\/v2\/media?parent=32367"}],"curies":[{"name":"wp","href":"https:\/\/api.w.org\/{rel}","templated":true}]}}