{"id":32375,"date":"2022-05-10T04:32:17","date_gmt":"2022-05-10T01:32:17","guid":{"rendered":"https:\/\/www.radiomarket.fi\/?post_type=product&#038;p=32375"},"modified":"2024-02-12T23:19:56","modified_gmt":"2024-02-12T21:19:56","slug":"ekum0616-skanneri-lehti-8-92-28u","status":"publish","type":"product","link":"https:\/\/www.radiomarket.fi\/en\/kohde\/ekum0616-skanneri-lehti-8-92-28u\/","title":{"rendered":"EKUM0616 Skanneri-lehti 8\/92 (28u)"},"content":{"rendered":"<p>Skanneri (my\u00f6s nimill\u00e4 Skanneri-radio, Skanneri radio, Skanneri Radio ja SkanneriRadio) oli vuodesta 1987 vuoteen 2003 ilmestynyt radiotekniikkaan keskittynyt harrastelehti. P\u00e4\u00e4asiallisena aihepiirin\u00e4 ilmestymisen ajan oli radioskannerilaitteet ja niiden k\u00e4ytt\u00f6, mutta juttujen aiheet kattoivat monipuolisesti radioteknist\u00e4 harrastusta aina radioamat\u00f6\u00f6ritoiminnasta piraattiradioihin, antennisuunnittelusta taajuustietoihin ja satelliittitelevisiol\u00e4hetysten salauksen purkamisesta tutkanpaljastimiin.<\/p><p>Varastosaldoon on laskettu uudet ja k\u00e4ytetyt lehdet. Uudet lehdet myyd\u00e4\u00e4n ensin. Lis\u00e4\u00e4 Skanneri-lehti\u00e4 https:\/\/www.radiomarket.fi\/page\/1\/?s=skanneri-lehti&amp;product_cat=0&amp;post_type=product<\/p><p><strong>1992 sis\u00e4llysluettelo<\/strong><\/p><p>Kunkin otsikon per\u00e4ss\u00e4 oleva numero (1-8, TL1 ja TL2) ilmaisee sen lehden numeron, jossa kysei\u00adnen juttu on julkaistu. Numero 1 = 1\/92, 2 = 2\/92, jne. TL1 = Taa\u00adjuuslista 1 ja TL2 = Taajuus\u00adlista 2.<\/p><p>Antennit ja mastot<br \/>-Create CLP-5130-2 (testi) (5)<br \/>-CX-2 (testi) (6)<br \/>-Kuusi skanneriantennia vertai\u00adlussa (testi) (7)<br \/>-LA-suunta-antenni (rak.ohje) (8)<br \/>-LP-15 toimii (4)<br \/>-Maaseutumasto (rak.ohje) (2)<br \/>-Millainen skannerin ulkoantennin tulisi olla (5)<br \/>-Multistick-DX (testi) (4)<br \/>-Piiskaa VHF:lle (rak.ohje) (3)<br \/>-Puhelinlangat laulaa (ohje) (6,7,8)<br \/>-Spitfiren viritys (ohje) (2)<br \/>-TV-sateliittipeilien perustyypit (1)<br \/>-Veturiantenniko? (8)<\/p><p>DX-kuuntelulliset<br \/>-China Radio (8)<br \/>-ITU kasvaa (8)<br \/>-Kes\u00e4tapahtumia (3,6)<br \/>-Lains\u00e4\u00e4d\u00e4nt\u00f6 tukemaan USA:n yleisradioasemaketjuja (8)<br \/>-Sender Freies Berlinin rakennus myynniss\u00e4 (2)<br \/>-Tsekkoslovakia PAL:iin (8)<\/p><p>HF- &amp; alempia taajuustietoja<br \/>-Ammutaan my\u00f6s HF:ll\u00e4 (6)<br \/>-ES-ringi (1)<br \/>-Fax you (3)<br \/>-Hollannin merivartiosto (4)<br \/>-It\u00e4naapurit faxaavat (8)<br \/>-Klingenfuss haukkuu Gilferin pystyyn (6)<br \/>-Kuunnellaan sukellusveneit\u00e4 (2)<br \/>-Laittomat langattomat (4)<br \/>-NASA:n k\u00e4ytt\u00e4m\u00e4t taajuudet (2)<br \/>-Poliisin kaukoradioverkko uudis\u00adtuu (3)<br \/>-Radio Polis (5)<br \/>-VLF, osa 1 (2)<br \/>-VLF, osa 2 (3)<\/p><p>HF-vastaanottimet ja lis\u00e4laitteet<br \/>-Icom IC-R7000: 100 kHz-2 GHz (testi) (5)<br \/>-Lowe HF-150 (testi) (6)<br \/>-VLF-konvertteri (rak.ohje) (3)<\/p><p>Historiaa<br \/>-Kuka haluaa radiomuseon? (6)<br \/>-Mink\u00e4 arvoinen on antiikkiradio (4)<br \/>-P\u00e4\u00e4kirjoitus (7)<br \/>-S\u00e4kkij\u00e4rven polkka (3)<\/p><p>Huumoria<br \/>-L\u00e4ll\u00e4ri, amat\u00f6\u00f6ri ja THK-mies ongella (7)<\/p><p>Ilmailuradio<br \/>-Air Force One (6)<br \/>-Amerikkalaisten kutsuja (2)<br \/>-Kuolassa uusi tukikohta (1)<br \/>-Lis\u00e4\u00e4 IVY:n koneita Petroskoihin (6)<br \/>-Taajuusmuutoksia Suomessa (3)<br \/>-Open Skies valvoo laillisesti (8)<br \/>-Siniset Enkelit Suomeen (6)<br \/>-Skannaillaan ilmavoimia: Baltia &amp; Ven\u00e4j\u00e4 (1)<br \/>-Suomen rajoilla ydinaseita (1)<br \/>-Teoreettinen radiohorisontti ilmailukuuntelussa (4)<br \/>-Ven\u00e4l\u00e4iset valvovat Suomen ilma\u00adtilaa (8)<br \/>-VOR\/DME (8)<br \/>-Y\u00f6lento (4)<\/p><p>Kaupank\u00e4ynti<br \/>-Arteli (Tero) vaihtaa firmaa (Renlund, Multimode) (4,7)<br \/>-Ham Radio Oy (1,7)<br \/>-Kari Kantolan T:mi Viestint\u00e4tar\u00advike (7)<br \/>-P\u00e4\u00e4kirjoitus (2)<br \/>-Skannereita Uumajasta (7)<\/p><p>Kirjat<br \/>-Handboek voor skanners (4)<br \/>-Radiolinkit (8)<br \/>-Savitaipaleen LA-yhdistyksen kutsuluettelo (5)<\/p><p>Koodit<br \/>-Palosanastoa (8)<br \/>-Sairaankuljetuskoodit (TL2)<\/p><p>Laki ja sen k\u00e4ytt\u00f6<br \/>-Radio Diablon ratsia ep\u00e4onnistui (8)<br \/>-Poliisi RA-piraattien per\u00e4ss\u00e4 Nivalassa (3)<br \/>-P\u00e4\u00e4kirjoitus (2,3)<br \/>-Radiolakia (viestint\u00e4rikos) (7)<br \/>-Rikollista poliisin kuuntelua (2)<br \/>-THK iski hirviporukoihin (8) <br \/>-THK tarkkailee kauppiaita (6)<\/p><p>LA\/PR\/CB-puhelimet ja lis\u00e4lait\u00adteet<br \/>-Alan 58E (testi) (8)<br \/>-Fintec FC-400 (testi) (8)<br \/>-General Electric (testi) (7)<br \/>-Hyv\u00e4ksytyt LA-puhelimet (4)<br \/>-Hyv\u00e4ksytyt PR-puhelimet (6)<br \/>-Mac MC-30 (testi) (5)<br \/>-Mocoma 59S (testi) (5)<br \/>-Skanneri LA-puhelimeen (rak.oh\u00adje) (2)<br \/>-Super Star 3900 (testi) (5)<br \/>-Vahvistinmikrofoni laiton (5)<br \/>-Wanhat LA-puhelimet ja THK (1)<\/p><p>LA\/PR\/CB-puhelinliikenn\u00f6inti<br \/>-CB-kerhot yhteen (7)<br \/>-Japanissa UHF-CB (3)<br \/>-LA-pikkujoulut Mikkeliss\u00e4 (7)<br \/>-P\u00e4\u00e4kirjoitus (1,6,8)<br \/>-Tilulilu Viikiss\u00e4 (5)<br \/>-Tunnelmaa y\u00f6ss\u00e4 (4)<\/p><p>Lehdet<br \/>-FMBB lopettaa (8)<br \/>-Pirate Connection (8)<\/p><p>Lukijakirjeet, pakinat<br \/>-Alan\/Commex-skannerista (5)<br \/>-Feedback Police Special (3)<br \/>-Harhaluuloja skannailusta (6)<br \/>-Helsingin poliisiradioliiken\u00adteest\u00e4 (3)<br \/>-Kapteeni von Hertz: Salailun syit\u00e4 (5)<br \/>-LP-15-antenni toimii (4)<br \/>-Naisn\u00e4kemys radioharrastukseen (5)<br \/>-Oikeus ja kohtuus? (4)<br \/>-Radioamat\u00f6\u00f6rilaitteiden &#8220;v\u00e4\u00e4rin\u00adk\u00e4ytt\u00f6&#8221;, vainko kympin ongelma? (4)<br \/>-Radioamat\u00f6\u00f6rit ja CW (6,8)<br \/>-Saicossa laajemmat bandit (4)<br \/>-Terveisi\u00e4 Libanonista (YK) (1)<br \/>-Tilulilun tekij\u00e4t vastaavat (8)<br \/>-Todelliset h\u00e4irik\u00f6t (6)<br \/>-Tutkahuomioita (6)<br \/>-Uutisia Ilves-Teamista (3)<br \/>-Vai LA-harrastajia naulitaan (5)<br \/>-Vakuutus korvaa varkauden (6)<br \/>-Veturiantenniko? (8)<\/p><p>Matkakertomukset<br \/>-Ammutaan aamunkoitteessa (3)<br \/>-Checkpoint Charlie (5)<br \/>-Ei vain l\u00e4ski\u00e4 auringossa: Kanarian Saaret (3)<br \/>-ETYK-isku (6)<br \/>-Kirjeit\u00e4 Washingtonista: Visii\u00adtill\u00e4 Viennassa (8)<br \/>-Linnan kutsuilla yli 300 (6)<br \/>-Miss\u00e4 Tukholman varastetut radi-ot myyd\u00e4\u00e4n (6)<br \/>-Radio Mallorcalta &#8211; aina ei voi onnistua (1)<br \/>-Skanneri Upinniemess\u00e4 (5)<br \/>-S\u00e4teilyvaara (6)<br \/>-Uutta Tukholman k\u00e4vij\u00f6ille (4)<br \/>-Y\u00f6lento (4)<\/p><p>Modifioinnit, huolto, virittely<br \/>-Alinco DR-599 (7)<br \/>-Alinco DJ560 (4)<br \/>-Alinco DR 1100 (1)<br \/>-Alpha 1000 AM\/FM (1)<br \/>-AOR AR-1000 (1,4)<br \/>-AOR AR-2000 (4)<br \/>-AOR AR-3000 (5)<br \/>-Autoradasta osia (1)<br \/>-Cobra 20+ (3)<br \/>-Cobra 148DX (1)<br \/>-Cybernettien virityspisteit\u00e4 (3)<br \/>-Danita 640 (2)<br \/>-Fair Mate HP-100 (1,4)<br \/>-Fair Mate FP-200 (4)<br \/>-Handic 924 SF (1)<br \/>-Hembro Higain Silver (5)<br \/>-Icom IC-28A\/H (1)<br \/>-Icom IC-32 (5)<br \/>-Icom IC-R71 (3)<br \/>-Icom IC-725 (2)<br \/>-Icom IC-R7000 scan delay (4)<br \/>-Icom IC-R7000: 100 kHz-2 GHz (5)<br \/>-Icom-RS (4)<br \/>-Jos liikennetutkat toimisivat S-bandilla (5)<br \/>-Kenwood TH-25AT (4)<br \/>-Kusojet (4)<br \/>-Kytkimen asentamisen vaikeudet (4)<br \/>-LA-tukikeppiin parannusta (3)<br \/>-Lis\u00e4\u00e4 tehoa normaalil\u00e4ll\u00e4reihin (4)<br \/>-Majoriin 120 kanavaa (5)<br \/>-Micro 4023 (6)<br \/>-Midland Alan 28 (6)<br \/>-Mocoma 59\/59S (8)<br \/>-Mocoma 7400 (4)<br \/>-Nordland Viking (3)<br \/>-Panin antenninvaihdin (3)<br \/>-President Jackson (1,4)<br \/>-Realistic Pro-34 (4)<br \/>-R\u00e4tin\u00e4n poistoon kes\u00e4ksi (2)<br \/>-Shinwa SR001\/A (1,4,5,8)<br \/>-S-mittari skanneriin (3)<br \/>-Spitfire-antenni (2)<br \/>-SSB:t\u00e4 skannerilla (3)<br \/>-Uniden Bearcat UBC\/BC-200XLT (3,5)<br \/>-Uniden Bearcat BC-200XLT (4)<br \/>-Uniden Pro 420E (5)<br \/>-Yaesu FT-747GX (5)<br \/>-Yaesu FRG-7700 (8)<br \/>-Zodiac M-5126 (3,4)<\/p><p>Paikallisradiot ja l\u00e4hi-TV:t<br \/>-Digitaaliradio Ruotsiin (4)<br \/>-L\u00e4hi-TV:t l\u00e4henev\u00e4t (3)<br \/>-Paikallisradiot katastrofitiedo\u00adtuskanavaksi (7)<br \/>-P\u00e4\u00e4kirjoitus (4,8)<br \/>-Radiomaailma Tampere (6)<br \/>-Radio Nova, Ruotsi (4)<br \/>-Saimaat Aallot (3)<\/p><p>Poliisiradio<br \/>-Helsingin salattu poliisira\u00addio (1,3,5)<br \/>-H\u00e4irik\u00f6inti\u00e4 (2)<br \/>-H\u00e4iri\u00f6it\u00e4 Kuopiossa (2)<br \/>-Kapteeni von Hertz: Salailun syyt (5)<br \/>-Kauppalehden protestilistalta poimittua (5)<br \/>-Oulun poliisilaitoksen portin\u00adavaus (5)<br \/>-Police Specialista vaiettiin (1)<br \/>-Poliisilaitokset HF:ll\u00e4 (5)<br \/>-Poliisin kaukoradioverkko uudis\u00adtuu (3)<br \/>-Poliisin radioverkkoa h\u00e4iritty Porin seudulla (5)<br \/>-Poliisiradio futismellakoissa Ruotsissa (6)<br \/>-P\u00e4\u00e4kirjoitus (2)<br \/>-Rikollista poliisin kuuntelua (2)<br \/>-Rytk\u00f6l\u00e4 Vammalasta (5)<br \/>-Tampereen poliisin koodi (5)<br \/>-Tilastotietoa poliisista (8)<br \/>-Vanha 40 MHz:n verkko pelaa (6)<br \/>-Virve, seuraava viranomaisverkko (7)<\/p><p>Puhelin<br \/>-Arpista EV (5)<br \/>-ARP:n ja VHF-puhelimen v\u00e4linen yhteys (2)<br \/>-CT-2-puhelimet tulevat (1)<br \/>-Kuuluuko puhelimesi huonosti? (7)<br \/>-Laittomat langattomat (4,5,8)<br \/>-NMT450 Tsekkoslovakiaan (1)<br \/>-NMT900 Viroon (1)<br \/>-Nokia 101 NMT900:n k\u00e4yt\u00f6nopastus (5)<br \/>-Panasonic langaton puhelin (tes\u00adti) (2)<br \/>-Puhelimen soittokello (rak.ohje) (4)<br \/>-P\u00e4\u00e4kirjoitus (2)<br \/>-Sveitsi seuraa CEPT:i\u00e4 (7)<\/p><p>P\u00e4\u00e4kirjoitukset<br \/>-In memoriam (6)<br \/>-Kauniit ja rohkeat (8)<br \/>-LA-toiminta (1,6,8)<br \/>-Lutikat (5)<br \/>-L\u00e4hi-TV (4)<br \/>-Neuvostoliiton kuunteluasema (1)<br \/>-Postimaksut nousee (1)<br \/>-Poliisin puhelinkuuntelu (3)<br \/>-Radioamat\u00f6\u00f6ritoiminta (6,8)<br \/>-Rikokset: kaupank\u00e4ynti &amp; Police Special (2)<br \/>-Skannerin historia (7)<br \/>-Surveillance (5)<br \/>-Telehallintokeskus (6)<br \/>-Yleisradiol\u00e4hetykset (8)<\/p><p>Radioamat\u00f6\u00f6rilaitteet<br \/>-Azden PCS-7000 (testi) (2)<br \/>-Icom IC-P2ET (testi) (6)<br \/>-Kenwoodilta puolidualbandereita (4)<br \/>-Kerro kerro kuvastin, ken on laajin Icomin (4)<br \/>-Radioamat\u00f6\u00f6ripuhelimesta skanne\u00adri, meri-VHF ja ARP (1)<br \/>-Taas uutta Icomilta (2)<\/p><p>Radioamat\u00f6\u00f6ritoiminta<br \/>-144 MHz toistimet (4)<br \/>-432 MHz toistimet (5)<br \/>-Kes\u00e4tapahtumia (3,8)<br \/>-Lokaattorikartat (8)<br \/>-Oikeus ja kohtuus? (4)<br \/>-Poliisi RA-piraattien per\u00e4ss\u00e4 Nivalassa (3)<br \/>-P\u00e4\u00e4kirjoitus (6,8)<br \/>-Radioamat\u00f6\u00f6rikurssit (7)<br \/>-Radioamat\u00f6\u00f6rilaitteiden &#8220;v\u00e4\u00e4rin\u00adk\u00e4ytt\u00f6&#8221;, vainko kympin ongelma? (4)<br \/>-Radioamat\u00f6\u00f6rit ja CW (6,8)<br \/>-Skannerin p\u00e4\u00e4toimittajalle potkut SRAL:sta? (3)<br \/>-SRAL:n talvip\u00e4iv\u00e4t (1)<\/p><p>Rakennusohjeita<br \/>-Autotape II (1)<br \/>-C-MOS Super Keyer II (8)<br \/>-LED-pylv\u00e4sn\u00e4ytt\u00f6 (6)<br \/>-Lis\u00e4\u00e4 tehoa normaalil\u00e4ll\u00e4reihin (4)<br \/>-L\u00e4hetysvahvistin PR-puhelimeen (5)<br \/>-Maaseutumasto (2)<br \/>-Monofoni (surplus) k\u00e4sikapulaan (8)<br \/>-Puhelimen soittokello (4)<br \/>-Rakennetaan antennituneri (4)<br \/>-Ramsey FM-10 (6)<br \/>-RF-Probe (6)<br \/>-Skanneri LA-puhelimeen (2)<br \/>-S-mittari ledeist\u00e4 (5)<br \/>-S-mittari skanneriin (3)<br \/>-SSB:t\u00e4 skannerilla (3)<br \/>-S\u00e4\u00e4dett\u00e4v\u00e4 vaimennin (2)<br \/>-VLF-konvertteri (3)<\/p><p>Sateliitit<br \/>-It\u00e4naapurit avaruudessa (2)<br \/>-Skannaa satelliitteja (8)<br \/>-Vieraita avaruudesta? (2)<\/p><p>Skannailu (ei taajuudet)<br \/>-ETYK-isku (6)<br \/>-Harhaluuloja (6)<br \/>-Linkitkin sekoilevat (4)<br \/>-Mik\u00e4 skanneri on se oikea (1)<br \/>-Pikatesti: Opton taajuuslaskuri 2810 (5)<br \/>-Vankilakitaristi (8)<\/p><p>Skannerivastaanottimet ja lis\u00e4\u00adlaitteet <br \/>-Ai ett\u00e4 mik\u00e4 skanneri (6,7)<br \/>-Alincolta skanneri DJ-X1(1)<br \/>-AOR AR-900J (testi) (2)<br \/>-AOR AR-1500 tulossa (6)<br \/>-AOR AR-2515 (5)<br \/>-AOR AR-3000 (testi) (5)<br \/>-Commex\/Alan 1 skannerista (3,5)<br \/>-Commex Scanner 1 (testi) (4)<br \/>-DLS-70 (testi) (7)<br \/>-Icom IC-R7000 (testi) (8)<br \/>-Icom IC-R7000:n S-mittari (3)<br \/>-Icom IC-R7100 (testi) (6)<br \/>-Jim M-100 vastaanottovahvistin (testi) (1)<br \/>-Mik\u00e4 skanneri on se oikea (1)<br \/>-Saico SC-292 (testi) (3)<br \/>-Saico SC-7000 (testi) (7)<br \/>-Saico SC-9000 (7)<br \/>-Saicossa laajemmat bandit (4)<br \/>-Uniden Bearcatin kytkikset (6)<br \/>-Yupiteru MVT-7000 (testi) (1,2)<br \/>-Yupiteru MVT-7100 tulossa (6)<br \/>-Yupiteru MVT-8000 (testi) (1,2)<\/p><p>Sotilasradio<br \/>-Ammutaan aamunkoitteessa (3)<br \/>-Ammutaan my\u00f6s HF:ll\u00e4 (6)<br \/>-Checkpoint Charlie (5)<br \/>-Etsit\u00e4\u00e4n armeija-aktiviteetti\u00e4 (5)<br \/>-Ilmavoimien Viestikoulu (5)<br \/>-Inttipiraatti (5)<br \/>-P\u00e4\u00e4esikunnan viestiosasto valmistautuu ydinsotaan (3)<br \/>-Skanneri Upinniemess\u00e4 (5)<br \/>-Sotilaita ala-VHF:ll\u00e4 (8)<br \/>-Sukellusvenekolari kuultiin Suomessa (3)<br \/>-S\u00e4kkij\u00e4rven polkka (3)<br \/>-S\u00e4teilyvaara (6)<br \/>-Terveisi\u00e4 Libanonista (YK) (1)<br \/>-Tutkahuomioita (6)<br \/>-Varusmieheksi (1)<br \/>-Viestikillat (3)<\/p><p>Suomen Radiohistoriallinen Seura<br \/>-RaHiSee kokoontuu (7,8)<br \/>-Perustaminen (1)<br \/>-Uutisia (3)<\/p><p>Surveillance<br \/>-Deco model WAT-50 (testi) (4)<br \/>-KGB on uhka Suomelle (1)<br \/>-Paikallisradiot katastrofitiedo\u00adtuskanavaksi (7)<br \/>-P\u00e4\u00e4kirjoitus (1,5)<br \/>-Skannaillaan kuvaputkia (3)<br \/>-Spektri\u00e4 selaamaan: R&amp;S Mini Panorama (1)<br \/>-Valonvahvistinlaitteet (NZT-1, Sova, NK-23, Wild Big 3-1) (8)<br \/>-Ven\u00e4l\u00e4iset valvovat Suomen ilmatilaa (8)<\/p><p>Tekniikka ja teoria<br \/>-ARP:n ja VHF-puhelimen v\u00e4linen yhteys (2)<br \/>-Digitaalisen viestinn\u00e4n histori\u00adaa ja nykyaikaa (1)<br \/>-Normeja ennen EY:t\u00e4 (6)<br \/>-TV-kuvan haamunaiheuttaja (6)<br \/>-V niin kuin fax (6)<\/p><p>Telehallintokeskus<br \/>-P\u00e4\u00e4kirjoitus (6)<br \/>-Radio Diablon ratsia ep\u00e4onnistui (8)<br \/>-Telen laboratorio (5)<br \/>-THK iski hirviporukoihin (8)<br \/>-THK pelottelee (1)<br \/>-THK tarkkailee (6)<br \/>-THK vuonna 1990 (1)<\/p><p>Tietokoneet ja ohjelmat<br \/>-Digitaalisen viestinn\u00e4n histori\u00adaa ja nykyaikaa (1)<br \/>-Fax you (3)<br \/>-Ham Com 2.0 (2)<br \/>-Icom-RS (4)<br \/>-Skanneri-MBBS (1,2,5)<br \/>-Skannerin boxiaineistoa mm. The Missing Miraclessa (4,5)<br \/>-Syrj\u00e4sen skanneriohjelmapankki (4)<\/p><p>Vapaa radio, piraatit<br \/>-DJ Mega Hertsin haastattelu (6)<br \/>-DJ Tuho (7)<br \/>-Eestin piraatit (3)<br \/>-Hell&#8217;s Chest (4,6)<br \/>-Jaala (6)<br \/>-Jenkkipiraatteja kuultu Suomessa (1)<br \/>-Mets\u00e4radio (2,6,8)<br \/>-Radio Bristol (1,4)<br \/>-Radio Caroline Lahti (8)<br \/>-Radio Diablo (2,4,6,8)<br \/>-Radio Galaxy (1,4,6,7)<br \/>-Radio is my bomb (2)<br \/>-Radio Kale (6,8)<br \/>-Radio Matilda (4)<br \/>-Radio Mayday (1,2,4,6)<br \/>-Radio Mega (2)<br \/>-Radio Meteor (1,2,3,4,7)<br \/>-Radio Nightmare (4)<br \/>-Radio Vapaa Per\u00e4meri (2)<br \/>-Radio Wega (2,4,6,7)<br \/>-Radio Without Borders (4)<br \/>-Ramsey FM-10 (6)<br \/>-Rick Random-haastattelu (3)<br \/>-Right-Wing Radio (1)<br \/>-Sonylt\u00e4 &#8220;piraattil\u00e4hetin&#8221; (7)<br \/>-Studio 7 (6)<br \/>-Voice of Free Radio (1,2,4)<br \/>-Wuppertalin boxin k\u00e4ytt\u00e4j\u00e4t (8)<\/p><p>Vekottimia<br \/>-Deco model WAT-50 (testi) (4)<br \/>-Icom IC-S16 (testi) (4)<br \/>-Langaton ovikello (testi) (3)<br \/>-Monacor MD-5000 kuulokkeet (testi) (2)<br \/>-Opton taajuuslaskuri 2810 (testi) (5)<br \/>-Tilulilu Viikiss\u00e4 (h\u00e4irint\u00e4l\u00e4he\u00adtin) (5)<br \/>-Tilulilun tekij\u00e4t vastaavat (8)<br \/>-Video-Transmitter VT-3 videoko\u00adpiosuojauksen purkulaite (tes\u00adti)(4)<\/p><p>VHF-UHF-taajuudet<br \/>-68 MHz:n taajuudet (7)<br \/>-144 MHz ra-toistimet (4)<br \/>-432 MHz ra-toistimet (5)<br \/>-AHK ihmetytt\u00e4\u00e4 (3)<br \/>-Arpista EV (5)<br \/>-CT-2-puhelimet tulevat (1)<br \/>-Etsit\u00e4\u00e4n armeija-aktiviteetti\u00e4 (5)<br \/>-Helsingin h\u00e4lytysalueen radio\u00adkanavat (1)<br \/>-Helsingin poliisiliikenteest\u00e4 (3)<br \/>-Ilmailuradion taajuusmuutoksia Suomessa (3)<br \/>-It\u00e4naapurit avaruudessa (2)<br \/>-Kauppiaiden esittelytaajuudet (1,3)<br \/>-Korjaus Police Speciaaliin (3)<br \/>-Laittomia langattomia (8)<br \/>-Nosturien kauko-ohjaus (6)<br \/>-Radio Cityn, Helsinki, liikenne\u00adhelikopteri (6)<br \/>-Radio-ohjattuja lintujen pelot\u00adtimia (6)<br \/>-Siniset Enkelit Suomeen (6)<br \/>-Skannaillaan ilmavoimia: Baltia &amp; Ven\u00e4j\u00e4 (1)<br \/>-Sotilaita ala-VHF:ll\u00e4 (8)<br \/>-Suurajot 1991 (2)<br \/>-Suurajot tulossa (6)<br \/>-Taajuusallokointitaulukko taa\u00adjuusv\u00e4lille 26,175 &#8211; 960 MHz (7)<br \/>-Taajuuslistausasiaa (1,4)<br \/>-Taajuustietokanta-asiaa (1,5)<br \/>-Tallinnan ambulanssit (5)<br \/>-Tallinnan kodinturvajoukot (5)<br \/>-Tallinn politsei (4)<br \/>-Telenokian matkapuhelinkokeilu\u00adtaajuuksia (6)<br \/>-VHF-UHF-taajuusluettelo 1992 (TL1)<br \/>-VHF-UHF-taajuusluettelo 2\/1992 (TL2)<br \/>-Vieraita avaruudesta? (2)<br \/>-VOR\/DME (8)<br \/>-VR-radio (8)<\/p><p>Viron radiotoiminta<br \/>-Eestin piraatit (3)<br \/>-KGB on uhka Suomelle, NMT900 &amp; LA (1)<br \/>-Radio- ja TV-l\u00e4hetystoimintaa Eestiss\u00e4 (1,2,3)<br \/>-Tallinnan ambulanssit (5)<br \/>-Tallinnan kodinturvajoukot (5)<br \/>-Tallinnan teletorni (2)<br \/>-Tallinn politsei (4)<\/p><p>&#8220;\u00d6&#8221;-mappi<br \/>-1991 sis\u00e4llysluettelo (2)<br \/>-It\u00e4saksalaiset nuoret (8)<br \/>-Jos liikennetutkat toimisivat S-bandilla (5)<br \/>-Kapitalistista kilpailua (6)<br \/>-Kaukohakua (8)<br \/>-Kauniit ja rohkeat (8)<br \/>-Kuukauden mietelause (7)<br \/>-Loviisan ydinvoimalan radiot (5)<br \/>-Luonto\u00e4\u00e4nikasetti (3)<br \/>-Neuvostolaatu tappaa (6)<br \/>-Normeja ennen EY:t\u00e4 (6)<br \/>-Olkiluodon ydinvoimala (5)<br \/>-Osoitelapun saloja (2)<br \/>-Radioharrastep\u00e4iv\u00e4t 23.5.1992 M\u00e4nts\u00e4l\u00e4ss\u00e4 (4)<br \/>-Skanneri koepolttaa (5)<br \/>-Skannerin p\u00e4\u00e4toimittajalle potkut SRAL:sta? (3)<br \/>-Vakuutus korvaa (6)<br \/>-Valokuvauskilpailu (7,8)<br \/>-Varta-laturin toiminta (7)<br \/>-Varusmieheksi (1)<\/p>","protected":false},"excerpt":{"rendered":"<p>Loppuunmyydyksi merkittyjen lehtien yksitt\u00e4isist\u00e4 artikkeleista voi tilata kopioita tai skannauksia.<\/p>","protected":false},"featured_media":36792,"template":"","meta":[],"_links":{"self":[{"href":"https:\/\/www.radiomarket.fi\/en\/wp-json\/wp\/v2\/product\/32375"}],"collection":[{"href":"https:\/\/www.radiomarket.fi\/en\/wp-json\/wp\/v2\/product"}],"about":[{"href":"https:\/\/www.radiomarket.fi\/en\/wp-json\/wp\/v2\/types\/product"}],"wp:featuredmedia":[{"embeddable":true,"href":"https:\/\/www.radiomarket.fi\/en\/wp-json\/wp\/v2\/media\/36792"}],"wp:attachment":[{"href":"https:\/\/www.radiomarket.fi\/en\/wp-json\/wp\/v2\/media?parent=32375"}],"curies":[{"name":"wp","href":"https:\/\/api.w.org\/{rel}","templated":true}]}}