{"id":32376,"date":"2022-05-10T04:36:19","date_gmt":"2022-05-10T01:36:19","guid":{"rendered":"https:\/\/www.radiomarket.fi\/?post_type=product&#038;p=32376"},"modified":"2023-11-02T12:51:15","modified_gmt":"2023-11-02T10:51:15","slug":"ekum0617-skanneri-lehti-1-93-29u","status":"publish","type":"product","link":"https:\/\/www.radiomarket.fi\/en\/kohde\/ekum0617-skanneri-lehti-1-93-29u\/","title":{"rendered":"EKUM0617 Skanneri-lehti 1\/93 (29u)"},"content":{"rendered":"<p>Skanneri (my\u00f6s nimill\u00e4 Skanneri-radio, Skanneri radio, Skanneri Radio ja SkanneriRadio) oli vuodesta 1987 vuoteen 2003 ilmestynyt radiotekniikkaan keskittynyt harrastelehti. P\u00e4\u00e4asiallisena aihepiirin\u00e4 ilmestymisen ajan oli radioskannerilaitteet ja niiden k\u00e4ytt\u00f6, mutta juttujen aiheet kattoivat monipuolisesti radioteknist\u00e4 harrastusta aina radioamat\u00f6\u00f6ritoiminnasta piraattiradioihin, antennisuunnittelusta taajuustietoihin ja satelliittitelevisiol\u00e4hetysten salauksen purkamisesta tutkanpaljastimiin.<\/p><p>Varastosaldoon on laskettu uudet ja k\u00e4ytetyt lehdet. Uudet lehdet myyd\u00e4\u00e4n ensin. Lis\u00e4\u00e4 Skanneri-lehti\u00e4 https:\/\/www.radiomarket.fi\/page\/1\/?s=skanneri-lehti&amp;product_cat=0&amp;post_type=product<\/p><p><strong>1993 sis\u00e4llysluettelo<\/strong><\/p><p>Kunkin otsikon per\u00e4ss\u00e4 oleva numero (1-8) ilmaisee sen lehden numeron, jossa kyseinen juttu on julkaistu. Numero 1 = 1\/93, 2 = 2\/93, jne.<\/p><p>Antennit ja mastot<br \/>-3,9 MHz antenni (1)<br \/>-Antenniasennusta (1)<br \/>-Antenni oksasahan varteen (6)<br \/>-Antennin sijoittaminen (1)<br \/>-Antennireleboxi (3)<br \/>-Butternut SC-3000 (testi) (5)<br \/>-Diamond D-707 (testi) (6)<br \/>-Dressler ARA-60 (testi) (6)<br \/>-Dressler ARA-1500 (testi) (6)<br \/>-Gainia disconeen (rak.ohje) (1)<br \/>-Lama-ajan korvikkeita (1)<br \/>-Lanka-antenni LA:lle (rak.ohje) (7)<br \/>-LP-15 suunta-antenni (lukijan\u00adkirje) (3)<br \/>-MBM-autoradioantenni (testi) (8)<br \/>-Mittatilausantenni (3)<br \/>-S\u00e4\u00e4sateliittiantenni (raken\u00adnusohje) (1)<br \/>-Tiirismaan yleisradiomasto (1)<br \/>-Valmiita vinkkej\u00e4 antennin asennukseen (4)<br \/>-Vertailussa aktiiviantennit (6)<br \/>-Veturiantenni (1)<br \/>-V\u00e4ri\u00e4 el\u00e4m\u00e4\u00e4n (2)<\/p><p>DX-kuuntelulliset<br \/>-DX-kuunnellaan keskipitki\u00e4 aaltoja (2)<br \/>-Kes\u00e4kohteita (4)<br \/>-Maailman yleisradiot hyppysiss\u00e4\u00adsi (3)<br \/>-Moskovan lankaradioverkko (4)<br \/>-Peditionin huumaa (8)<br \/>-P\u00e4\u00e4kirjoitus (1)<br \/>-Radio Jerevan uutisia (4)<br \/>-Turkki sulkee yksityiset radio\u00adasemat (7)<\/p><p>HF- &amp; alempia taajuustietoja<br \/>-Agentteja lyhytaalloilla (2)<br \/>-CONELRADin mystiset kolmiot (6)<br \/>-HF-toimintaa, lukijakirje (1)<br \/>-Klingenfuss Monitoring Mission (4)<br \/>-Lis\u00e4\u00e4 numerot\u00e4tej\u00e4 (3,4)<br \/>-Moskovan s\u00e4\u00e4palvelulla FAXit vireeseen (8)<br \/>-Sumutorvi VLF:ll\u00e4 (2)<br \/>-Suomessa kuuluu vakoojia (5)<br \/>-Utility (6)<\/p><p>HF-vastaanottimet ja lis\u00e4laitteet<br \/>-Eddystone 840 C (testi) (1)<br \/>-Grove SW-1000 (1)<br \/>-Lowe (5)<br \/>-Lowe SRX-50 (testi) (4)<br \/>-Philips D2345 (testi) (1)<br \/>-Watkins-Johnson WJ-8711 (6)<\/p><p>Historiaa<br \/>-Ammuitko rikki radioputkia? (2)<br \/>-Beverage Harold H. on poissa (2)<br \/>-Kes\u00e4kohteita (4)<br \/>-Oldtimer Club (1,2,7)<br \/>-Poliisiradio kuuntelijoita varten (1)<br \/>-Putkiradioremonttia (4)<br \/>-Radio-Ranta murhattu (2)<\/p><p>Ilmailuradio<br \/>-155 tonnia Hki-Vantaalla (8)<br \/>-ASW-kone visiitill\u00e4 (5)<br \/>-Aurara-kone (2)<br \/>-Malmin majakka ATIS:n naapuriksi (5)<br \/>-Miksei radiolaitteita saa k\u00e4ytt\u00e4\u00e4 lentokoneessa? (6)<br \/>-Petroskoin lennonjohto kuuluu (2)<br \/>-Suomalaisia J\u00e4nisj\u00e4rvell\u00e4 (5)<br \/>-Uusi ilmailutaajuus (4)<br \/>-Ven\u00e4l\u00e4isille radiolennokkeja (1)<\/p><p>Kaupank\u00e4ynti<br \/>-Armeijan myym\u00e4l\u00e4 avattu Tikka\u00adkoskella (5)<br \/>-CTE onkin paperifirma? (5)<br \/>-Icom-edustus (Hki) SRAT:lle (8)<br \/>-Eki-Center konkurssiin (4)<br \/>-Etel\u00e4-Korea poistanut SW-rx myyntikiellon (7)<br \/>-Haluatko ulkomailta roinaa (7,8)<br \/>-Harmaatuojat kuriin (3)<br \/>-Huutokaupalla merirosvoradio (7)<br \/>-Multimode Oy konkurssissa (2)<br \/>-Myym\u00e4l\u00e4 Lyvi (6)<br \/>-Myytk\u00f6 laittomuuksia? (8)<br \/>-Radiolaitteita Virosta (7)<br \/>-Radiomiehen huuto (4)<br \/>-Ruotsin hintatietoja (7)<br \/>-Tele-Simonen konkurssiin (4)<br \/>-Tilaa postitse ulkomailta (4)<br \/>-Viestint\u00e4tarvikkeelta varastettu tavaraa (2)<br \/>-\u00c4l\u00e4 l\u00e4hde radio-ostoksille (4)<\/p><p>Kirjat<br \/>-Anno DX 93 (2)<br \/>-Fine Tuning&#8217;s Proceedings 1992-1993 (2)<br \/>-Radiopuhelimet (1)<br \/>-Skannerikuuntelijan k\u00e4sikirjasta \u00e4\u00e4nikasettiversio (7)<br \/>-Where do we go next (2)<\/p><p>Koodit<br \/>-Can the A5 algorith be cracked? (6)<br \/>-Helsingin PALO-koodit (7)<br \/>-Helsinki: l\u00e4hiymp\u00e4rist\u00f6n ambu\u00adlanssien sairaalakoodeja (8)<br \/>-Matolaatikko (8)<br \/>-Ruotsin poliisin koodeja (2)<br \/>-Salakirjoitustaitoja (6)<br \/>-Slangia aalloilla (2)<\/p><p>Laki ja sen k\u00e4ytt\u00f6<br \/>-Bionic Ear(kin) rikollisissa k\u00e4siss\u00e4 (6)<br \/>-Harmaatuojat kuriin (3)<br \/>-LA:lla herjauksesta tuomio Kuopiossa (7)<br \/>-Luvattomia hirvipuhelimia pois vaikka k\u00e4sirysyll\u00e4 (8)<br \/>-Myytk\u00f6 laittomuuksia? (8)<br \/>-Poliisia saa kuunnella (8)<br \/>-Poliisiradion kuuntelu autossa hyv\u00e4ksytty (1)<br \/>-Poliisit ker\u00e4\u00e4v\u00e4t skannereita Haminassa (6)<br \/>-Radio Simax tuomiolla Mikkeliss\u00e4 (6)<br \/>-Rikos ja rangaistus (lukijakir\u00adje) (5)<br \/>-Skannerin toimitus oikeuteen? (7,8)<br \/>-Skanneri pankkirosvolla (5)<br \/>-Tosi laiton radio (1)<\/p><p>LA\/PR\/CB-puhelimet ja lis\u00e4lait\u00adteet<br \/>-Cobra 67LTD (testi) (8)<br \/>-Contact 8 (testi) (7)<br \/>-Lafayette HE-20c (4,5)<br \/>-LA-FINN TRC23AC (testi) (7)<br \/>-Mocoma 7040 (testi) (2,4)<br \/>-Mocoma 7440 (painovirhe jutussa, kyseess\u00e4 on 7440, ei 7040) (4)<br \/>-Sky Master TRC-23AC (testi) (7)<\/p><p>LA\/PR\/CB-puhelinliikenn\u00f6inti<br \/>-CB=PR=LA Maailman suosituin radiopuhelin (3)<br \/>-CB-DX &#8211; laittomia yhteyksi\u00e4 (3)<br \/>-LA-harrastajien kes\u00e4leiri (4)<br \/>-LA:lla herjauksesta tuomio Kuopiossa (7)<br \/>-LA-piirien modifiointi (4)<br \/>-LA-piraattitarinani (7)<br \/>-SSB-ker\u00e4ys (3)<br \/>-Suolan kesiksess\u00e4 (6)<br \/>-THK:n kutsulaitteita (8)<\/p><p>Lehdet<br \/>-FMBB jatkaa (1)<br \/>-Lappeenrannan Radioharrastajat (5)<br \/>-Monitori (3)<\/p><p>Lukijakirjeet<br \/>-Antennin sijoittaminen (1)<br \/>-Echo Master (8)<br \/>-HE-20c -lis\u00e4tietoa (5)<br \/>-HF-toimintaa (1)<br \/>-Kommentteja lehteen 6\/93 (8)<br \/>-Kysymyksi\u00e4 (8)<br \/>-LA-piirien modifiointi (4)<br \/>-LA-piraattitarinani (7)<br \/>-LP-15 suunta-antennista (3)<br \/>-Mocoma 7440 (painovirhe jutussa, laite on 7440 eik\u00e4 7040) (4)<br \/>-Onnellinen skannaaja (2)<br \/>-Palautetta tutkanpaljastimista (2)<br \/>-Puberteettihuumoria (7)<br \/>-Rikos ja rangaistus (5)<br \/>-Tietoliikenneluokka (1)<br \/>-Veturiantenni (1)<\/p><p>Matkakertomukset<br \/>-Internationale Funkaustellung Berlin 27.8.-5.9.1993 (7)<br \/>-Kehitysapua Baltiaan (5)<br \/>-Mets\u00e4radion matkassa (1)<br \/>-Monitoring Man From Head To Toes, kirjeit\u00e4 Washingtonista (8)<br \/>-Peditionin huumaa (8)<br \/>-SA Int Haapasaari (4)<br \/>-Sierra Foxtrotin kokous (7)<br \/>-Skannaillen Afrikassa (4)<br \/>-Skanneri kertaa (8)<br \/>-Suolan kesiksess\u00e4 (6)<\/p><p>Matkapuhelin<br \/>-87,87 matkapuhelinta (7)<br \/>-Can the A5 algorithm be cracked? (6)<br \/>-Laittomia ja laillisia langatto\u00admia puhelimia (3)<br \/>-Matkapuhelimia vangeilla (3)<br \/>-Matkapuhelinverkkojen salaisuuk\u00adsia ja trikkej\u00e4 (6)<br \/>-P\u00e4\u00e4kirjoitus (2)<br \/>-Sissit H\u00e4lv\u00e4l\u00e4ss\u00e4 (5)<br \/>-Suolan kesiksess\u00e4 (6)<br \/>-Vaarat (2)<\/p><p>Measuring devices<br \/>-Grove SDU-100<br \/>-Opto Interceptor (1)<br \/>-Yleismittari l\u00e4mp\u00f6mittariksi (6)<\/p><p>Modifioinnit, huolto, virittely<br \/>-Alinco RD410E (7)<br \/>-Bearcatin valo jatkuvaksi (6)<br \/>-Bearcat-vinkki (2)<br \/>-Cobra 40 (2)<br \/>-Cobra 40+ (LR) (4)<br \/>-Ette l\u00f6yd\u00e4 Syrj\u00e4sen korjaamoa (6)<br \/>-Fintec FC-400 (7)<br \/>-Handic 0050 (4)<br \/>-Handic 224S (4)<br \/>-Icom IC-720 (7)<br \/>-Icom IC-900 (4)<br \/>-Icom IC-R7100 (1)<br \/>-Kenwood 940 (7)<br \/>-Kenwood TH-77E (6)<br \/>-Kenwood TH-215A (7,8)<br \/>-Kenwood TS-430 (7)<br \/>-L\u00e4hettimen tai antennin viritt\u00e4\u00adminen (1)<br \/>-Midland Alan 48 (1)<br \/>-Mocoma 9 (5)<br \/>-Mocoma 27 (1)<br \/>-Mocoma 45 (1)<br \/>-Mocoma 59:st\u00e4 59sss:ksi (2)<br \/>-Mocoma 99 vireeseen (6)<br \/>-Mocoma 7040 (7)<br \/>-Mocomat (2)<br \/>-Pohjant\u00e4hti FM (4)<br \/>-President Grant DX (4)<br \/>-President Jackson (8)<br \/>-President Lincoln (1)<br \/>-Putkiradioremonttia (4)<br \/>-Ramsey FM-10 (5)<br \/>-Ranger AR-3300 (8)<br \/>-Saico SC-292 (2)<br \/>-Stabo SH8000 (4)<br \/>-Suojaa vastaanottimesi staatti\u00adselta s\u00e4hk\u00f6lt\u00e4 (6)<br \/>-Super Star 360 FM DX SSB (1)<br \/>-Super Star 3900 (4)<br \/>-THK:n kutsulaitteita (8)<br \/>-Uniden 2830 (1)<br \/>-Varo h\u00e4iri\u00f6nsuojausta (3)<br \/>-Yaesu FRG-7700 (6)<br \/>-Yaesu FT-1000 (7)<br \/>-Yupiteru MVT-7100 Japanista (5)<\/p><p>Paikallisradiot<br \/>-Kampaa hiuksesi ennen haastatte\u00adlua (2)<br \/>-Lokin tilalle Albatrossi (6)<br \/>-Radio 99 konkurssiin (6)<br \/>-Ruotsiin kaupalliset radioasemat syksyll\u00e4 (4)<br \/>-Sanomia 91,167 MHz:lla (6)<br \/>-Suomalainen paikallisradio (2)<\/p><p>Poliisiradio<br \/>-Kuuntelu autossa hyv\u00e4ksytty (1)<br \/>-Mummutkin kuuntelee (3)<br \/>-Poliisia saa kuunnella (8)<br \/>-Poliisina Helsingin vesille (5)<br \/>-P\u00e4\u00e4kirjoitus (1,2)<br \/>-Tosi laiton radio (1)<br \/>-Uusi viranomaisverkko (1)<\/p><p>Puhelin (salakuuntelulaitteet otsikon &#8220;Surveillance&#8221; alla)<br \/>-HPY ei koukkaa (8)<br \/>-Jenkeist\u00e4 ei soitella Kuubaan (2)<br \/>-Kun soitat, tied\u00e4tk\u00f6 mihin puhelusi menee? (4)<br \/>-Laillisia ja laittomia langatto\u00admia puhelimia (3)<br \/>-Norjan Supokin kuunteli (8)<br \/>-Puhelinkeskusten ihmeellisyyksi\u00e4 (5)<br \/>-Puhelinkone (6)<br \/>-Soitetut puhelut n\u00e4kyviin (6)<br \/>-Telekilpailu (p\u00e4\u00e4kirjoitus) (7)<br \/>-Tuontinumerolukijakin toimii Suomen puhelinverkossa (8)<\/p><p>P\u00e4\u00e4kirjoitukset<br \/>-Armeijan radiot myynniss\u00e4 (7)<br \/>-Arvonlis\u00e4vero (8)<br \/>-Lahden pitk\u00e4aaltoasema (1)<br \/>-Matkapuhelin(kuuntelu) (2)<br \/>-Merisotaharjoitukset (4)<br \/>-Poliisi(radio) (1,2)<br \/>-Postisalaisuus (7)<br \/>-Salailu (8)<br \/>-Salakuuntelu (3)<br \/>-Skanneri-lehti oikeuteen? (7,8)<br \/>-Skanneri pankkirosvolla (5)<br \/>-Skannerit kiellettyj\u00e4 Euroopassa (8)<br \/>-Telekilpailu (7)<br \/>-Yleisradio (6)<\/p><p>Radioamat\u00f6\u00f6rilaitteet<br \/>-Kenwood TH-78 (testi) (5)<br \/>-Rexon RV-100 (testi) (2)<br \/>-Rexon RL-401 (testi) (4)<\/p><p>Radioamat\u00f6\u00f6ritoiminta<br \/>-Kes\u00e4kohteita (4)<br \/>-Radioamateriys on tuki tosi harrastajalle (3)<br \/>-Radioamat\u00f6\u00f6rej\u00e4 sukkulassa (3)<br \/>-Ruotsi-Balkan radiolla (7)<br \/>-Tietoliikenneluokka (1)<\/p><p>Rakennusohjeet<br \/>-Ajastin (7)<br \/>-Akkulaturi 1,2 V akuille (8)<br \/>-Antennireleboxi (3)<br \/>-H\u00e4lytin m\u00f6kille (6)<br \/>-Paniikkih\u00e4lytin (8)<br \/>-Peruspoweri (6)<br \/>-Pienkeskus (4)<br \/>-Simppeli salakuuntelumikki (8)<br \/>-Testaa itse tutkanpaljastimesi (4)<br \/>-Xandi Electronics-tx (1)<\/p><p>Sateliitit<br \/>-Kiina kielt\u00e4\u00e4 sateliittivas\u00adtaanoton (7)<br \/>-Mikroaalto-TV:n kanavilla luvatta sateliitteja (6)<br \/>-Norjalaissateliitti kilpailee Suomenkin katsojista (3)<\/p><p>Skannailu (taajuudet otsikon &#8220;VHF-UHF-taajuudet&#8221; alla)<br \/>-AHK-h\u00e4lytysalueet (6)<br \/>-Enskakin kuuntelee (6)<br \/>-H\u00e4irikk\u00f6n\u00e4 Pyh\u00e4salmella (7)<br \/>-NMT:n kuuntelija avusti poliisia (7)<br \/>-Onnellinen skannaaja (2)<br \/>-Poliisiradion kuuntelu pelasti lapsen (3)<br \/>-Puberteettihuumoria (7)<br \/>-Sanelukone skanneriin (6)<br \/>-Skannaillen Afrikassa (4)<br \/>-Skannailua vankilassa (3)<br \/>-Skannailu &#8211; ei vain poliisin kuuntelua (3)<br \/>-Skanneri pankkirosvolla (5)<br \/>-Skannerit Euroopassa kiellettyj\u00e4 (8)<br \/>-Vankila-scan (2)<br \/>-VHF-UHF-kuuntelun tulevaisuus: Kapteeni von Hertz (7)<br \/>-Vieraita tuella? (8)<\/p><p>Skannerivastaanottimet ja lis\u00e4\u00adlaitteet<br \/>-Ai ett\u00e4 mik\u00e4 skanneri (4,6)<br \/>-Alinco DJ-X1 (testi) (5)<br \/>-AOR 1500-versioita (5)<br \/>-Aukottomat Bearcatit (2)<br \/>-Bearcatin ik\u00e4 (1)<br \/>-Bearcatin taajuudet (1)<br \/>-Cobra SR-901 (testi) (4)<br \/>-Commex Scanner 1 (5)<br \/>-Icom IC-R2 (5)<br \/>-Icom IC-R100 (5)<br \/>-Icom IC-R7000 modif. (testi) (1)<br \/>-Nyt skanneriuutuuksia Ruotsista (4)<br \/>-Realistic Pro-30 (testi) (1)<br \/>-Realistic Pro-43 (testi) (6)<br \/>-Robyn P-20 (testi) (7)<br \/>-Shinwa SR001\/A (5)<br \/>-Uniden Bearcat UBC-200XLT (testi) (2)<br \/>-Yupiteru VT-225 (testi) (8)<br \/>-Yupiteru MVT-6000 (5,8)<br \/>-Yupiteru MVT-7100 (testi) (7)<\/p><p>Sotilasradio<br \/>-Armeijan myym\u00e4l\u00e4 avattu Tikka\u00adkoskella (5)<br \/>-HPY ei koukkaa (8)<br \/>-Mossadin kiv\u00e4\u00e4rimiehet Vantaalla (6)<br \/>-Muurmanskin sukellusvenetukikoh\u00addat (6)<br \/>-Myym\u00e4l\u00e4 Lyvi avattu (6)<br \/>-Norjassa puretaan Natoa? (8)<br \/>-P\u00e4\u00e4kirjoitus (4,7)<br \/>-SA Int Haapasaari (4)<br \/>-Skanneri kertaa (8)<br \/>-Sissit H\u00e4lv\u00e4l\u00e4ss\u00e4 (5)<br \/>-U-406 Foxtrot (5)<\/p><p>Suomen Radiohistoriallinen Seura<br \/>-Nyt radioista tietoa SRHS:lle (6)<br \/>-SRHS virallistettu (4)<\/p><p>Surveillance<br \/>-BBC:n sateliittiantennit (6)<br \/>-CIA toimii BBC Monitoring Servicen tiloissa (6)<br \/>-EEV nite-watch P2000 (2)<br \/>-Elektroninen rajanvalvontaj\u00e4r\u00adjestelm\u00e4 (7)<br \/>-Kuunteleeko joku (3)<br \/>-Litton MK845 MK-II (2)<br \/>-Litton M982\/983 (2)<br \/>-Micro Giken AZ-10 kideohjattua vakoilua (8)<br \/>-Micro Giken MC-3 &#8220;telephonemit\u00adter&#8221; (testi) (5)<br \/>-Micro Giken MC-10, puhelinmikki (testi) (4)<br \/>-Modernia Optroniikkaa (2)<br \/>-Murtoh\u00e4lytin on murtoa halvempi (4)<br \/>-Murtosuojaus Special: AC-876 Pienh\u00e4lytinkeskus (7)<br \/>-Norjankin Supo kuunteli (8)<br \/>-Optronikkaa (1)<br \/>-Pienkeskus (4)<br \/>-Porakoneen jyrin\u00e4\u00e4? (4)<br \/>-P\u00e4\u00e4kirjoitus (3)<br \/>-Salakuuntelijan taskulaskin: CLC-1 (testi) (7)<br \/>-Scanlock ECM+ (3)<br \/>-Simppeli salakuuntelumikki (8)<br \/>-Simrad GN1 (1)<br \/>-Soitetut puhelut n\u00e4kyviin (6)<br \/>-Tuontinumerolukijakin toimii Suomen puhelinverkossa (8)<br \/>-Ugo N (1)<br \/>-Xandi Electronics (1)<\/p><p>Tietokoneet ja ohjelmat<br \/>-Purkkiuutisia (6)<br \/>-Skanneria my\u00f6s Pate.BBS:ss\u00e4 (1)<br \/>-Vaasa FreePort BBS (6)<\/p><p>Tutkanpaljastimet ja liikennetut\u00adkat<br \/>-Eye on the sky (4)<br \/>-Kemi-Tornio-Oulu -taajuuksia (8)<br \/>-Laserista silm\u00e4vammoja? (5)<br \/>-Liikennetutkan k\u00e4ytt\u00f6 kielletty Conneticutissa (2)<br \/>-Micro Radar 007 (1)<br \/>-Palautetta tutkanpaljastimista (2)<br \/>-Solo (1)<br \/>-Syrj\u00e4ytt\u00e4\u00e4k\u00f6 LIDAR Radarin? (5)<br \/>-Tekniikkaa (1)<br \/>-Testaa itse tutkanpaljastimesi (4)<br \/>-Trident &#8220;Cop Killer&#8221; (1)<br \/>-Tutkanpaljastimen paljastimen paljastin! (6)<br \/>-Tutkassa n\u00e4kym\u00e4t\u00f6n auto (2)<br \/>-Virolainen testiss\u00e4 (1)<\/p><p>TV<br \/>-Derrikin kanssa ongelmia (8)<br \/>-Kaapelikanavat lainassa (6)<br \/>-Tansaniaan yksityinen TV (4)<br \/>-TV-piraatteja (5)<br \/>-V\u00e4ri\u00e4 el\u00e4m\u00e4\u00e4n (2)<\/p><p>Vapaa radio, piraatit<br \/>-Bristol (1,6,8)<br \/>-Bonanza (6,8)<br \/>-Caroline\/CFM (6,8)<br \/>-Cool Jazz (8)<br \/>-Diablo (3,6,8)<br \/>-Galaxy (1,6)<br \/>-Ei merirosvoradio, vaan vapaa radio (3)<br \/>-Kapina (3,6,8)<br \/>-Matilda (3,4,7,8)<br \/>-Mayday (3,6)<br \/>-Mega (6)<br \/>-Meteor (1,3,6)<br \/>-Mets\u00e4radio (1,3,6)<br \/>-Milliwatti (6)<br \/>-Nightmare (6)<br \/>-Oikaisu Diablo-juttuun (1)<br \/>-Piraatteja ulkomailta (7)<br \/>-Pirate news (1,3,6,8)<br \/>-Right-Wing Radio (8)<br \/>-Simax (6)<br \/>-TV-piraatteja (5)<br \/>-Voice of Free Radio (1,3,6)<br \/>-Wega (2,3,6)<br \/>-Wuppi muuttuu (3)<\/p><p>Vekottimia<br \/>-Revex HP-20-kuulokkeet (4)<\/p><p>VHF-UHF-taajuudet<br \/>-Asfalttityt\u00f6t skannereihin (4)<br \/>-Bearcatin harhat (3)<br \/>-Disney Worldin taajuuksia (8)<br \/>-Ermes tulee (3)<br \/>-Helsingin AHK (8)<br \/>-Helsingin vartiointia (1)<br \/>-Langattoman v\u00e4ri kertoo taajuu\u00adden (5)<br \/>-Malmin majakka ATIS:n naapuriksi (5)<br \/>-Oulun Koskilinjoille oma ra\u00addiopuhelinj\u00e4rjestelm\u00e4 (3)<br \/>-Poliisina Helsingin vesille (5)<br \/>-Radiolinkit (8)<br \/>-Reservil\u00e4iskanava (1)<br \/>-Ruotsin taajuuksia (2)<br \/>-Ruotsin uudet mets\u00e4styskanavat (5)<br \/>-Taajuustietokannan kehitt\u00e4minen (4)<br \/>-Taajuusvinkkej\u00e4 (3)<br \/>-Uusi ilmailutaajuus (4)<br \/>-Uusi viranomaisverkko (1)<br \/>-VY-85 (4)<\/p><p>YLE<br \/>-P\u00e4\u00e4kirjoitus (6)<br \/>-YLE vuokraa TV-kanavia (6)<\/p><p>&#8220;\u00d6&#8221;-mappi<\/p><p>-1992 sis\u00e4llysluettelo (3)<br \/>-Huitelemaan (1)<br \/>-Klingenfuss julkaisi CD-levyn (1)<br \/>-Lukijakyselyn 1993 tuloksia (5)<br \/>-Lukijatutkimus-lomake (2)<br \/>-Matalataajuisen verkkovirran vaarat (2)<br \/>-Mikroaaltouunien vaarat (2)<br \/>-Ongelmia Skanneri-lehtien s\u00e4ilytyksess\u00e4? (5)<br \/>-Poliisi peilaa (omia radioitaan) (2)<br \/>-Postisalaisuus (7)<br \/>-Sukellusvene troolissa (8)<br \/>-Valokuvauskilpailun satoa (2)<\/p>","protected":false},"excerpt":{"rendered":"<p>Loppuunmyydyksi merkittyjen lehtien yksitt\u00e4isist\u00e4 artikkeleista voi tilata kopioita tai skannauksia.<\/p>","protected":false},"featured_media":36791,"template":"","meta":[],"_links":{"self":[{"href":"https:\/\/www.radiomarket.fi\/en\/wp-json\/wp\/v2\/product\/32376"}],"collection":[{"href":"https:\/\/www.radiomarket.fi\/en\/wp-json\/wp\/v2\/product"}],"about":[{"href":"https:\/\/www.radiomarket.fi\/en\/wp-json\/wp\/v2\/types\/product"}],"wp:featuredmedia":[{"embeddable":true,"href":"https:\/\/www.radiomarket.fi\/en\/wp-json\/wp\/v2\/media\/36791"}],"wp:attachment":[{"href":"https:\/\/www.radiomarket.fi\/en\/wp-json\/wp\/v2\/media?parent=32376"}],"curies":[{"name":"wp","href":"https:\/\/api.w.org\/{rel}","templated":true}]}}