{"id":32389,"date":"2022-05-10T04:50:01","date_gmt":"2022-05-10T01:50:01","guid":{"rendered":"https:\/\/www.radiomarket.fi\/?post_type=product&#038;p=32389"},"modified":"2023-01-15T11:39:15","modified_gmt":"2023-01-15T09:39:15","slug":"ekum0630-skanneri-lehti-6-94-42u","status":"publish","type":"product","link":"https:\/\/www.radiomarket.fi\/en\/kohde\/ekum0630-skanneri-lehti-6-94-42u\/","title":{"rendered":"EKUM0630 Skanneri-lehti 6\/94 (42u)"},"content":{"rendered":"<p>Skanneri (my\u00f6s nimill\u00e4 Skanneri-radio, Skanneri radio, Skanneri Radio ja SkanneriRadio) oli vuodesta 1987 vuoteen 2003 ilmestynyt radiotekniikkaan keskittynyt harrastelehti. P\u00e4\u00e4asiallisena aihepiirin\u00e4 ilmestymisen ajan oli radioskannerilaitteet ja niiden k\u00e4ytt\u00f6, mutta juttujen aiheet kattoivat monipuolisesti radioteknist\u00e4 harrastusta aina radioamat\u00f6\u00f6ritoiminnasta piraattiradioihin, antennisuunnittelusta taajuustietoihin ja satelliittitelevisiol\u00e4hetysten salauksen purkamisesta tutkanpaljastimiin.<\/p><p>Varastosaldoon on laskettu uudet ja k\u00e4ytetyt lehdet. Uudet lehdet myyd\u00e4\u00e4n ensin. Lis\u00e4\u00e4 Skanneri-lehti\u00e4: https:\/\/www.radiomarket.fi\/page\/1\/?s=skanneri-lehti&amp;product_cat=0&amp;post_type=product<\/p><p><strong>1994 sis\u00e4llysluettelo<\/strong><\/p><p>Kunkin otsikon per\u00e4ss\u00e4 oleva numero (1-8) ilmaisee sen lehden numeron, jossa kyseinen juttu on julkaistu. Numero 1 = 1\/94, 2 = 2\/94, jne.<\/p><p>Antennit ja mastot<br \/>&#8211; Antenneja autoon (4)<br \/>&#8211; Antennit py\u00f6rim\u00e4\u00e4n (2)<br \/>&#8211; CVA-429 lasiantenni (6)<br \/>&#8211; Halvalla korkealle (5)<br \/>&#8211; J\u00e4\u00e4harus (1)<br \/>&#8211; Kosteusohjattu antenni (5)<br \/>&#8211; Lautasen v\u00e4ri (1)<br \/>&#8211; Loppu peilin k\u00e4\u00e4nn\u00f6lle (7)<br \/>&#8211; Maston ostoon (1)<br \/>&#8211; NMT-900-antenni (5,7)<br \/>&#8211; Paranna Diamond D-505 (1)<br \/>&#8211; Piiloantenneja siviileille (1)<br \/>&#8211; Suojaa lautasantennille (1)<br \/>&#8211; Suuntaa antennille (5)<br \/>&#8211; Wilson-1000 vs. Sirtel LS-145 (6)<br \/>&#8211; Wilson Silver Load (7)<\/p><p>DX-kuuntelulliset<br \/>&#8211; Kestapo toimii (7)<br \/>&#8211; P\u00e4\u00e4kirjoitus (5)<\/p><p>HF- &amp; alempia taajuustietoja<br \/>&#8211; 10mb:n toistin Turkuun (1)<br \/>&#8211; Hy\u00f6tyliikennetaajuuksia (2)<br \/>&#8211; Kotimaisia hy\u00f6tyliikennetaajuuksia (5)<br \/>&#8211; Sotilaita ja vakoilijoita (1)<\/p><p>HF-vastaanottimet ja lis\u00e4laitteet<br \/>&#8211; ASA V471 (2)<br \/>&#8211; Totuus pikkulinukoista (3)<\/p><p>Historiaa<br \/>&#8211; Hangon rintamamuseo (5)<br \/>&#8211; Radioasema-autot (6)<br \/>&#8211; Vaasassa Whiskey-luokan sukellusvene (5)<br \/>&#8211; Vanhat aakkossanat (5)<\/p><p>Aviation<br \/>&#8211; B2 Stealth (4)<br \/>&#8211; Finnair muutti taajuuksia (5)<br \/>&#8211; HF-airaband (4)<br \/>&#8211; Hollolan koneet taas ilmassa (5)<br \/>&#8211; Hollolassa putoaa koneita (2)<br \/>&#8211; Ilmailuven\u00e4j\u00e4\u00e4 (5)<br \/>&#8211; Koneet pudotetaan Keski-Euroopasta k\u00e4sin (6)<br \/>&#8211; Meripelastusharjoitus (1)<br \/>&#8211; Porvoon katve (6)<br \/>&#8211; Seksilinja lennonjohtoon (1)<br \/>&#8211; Sunnan VOR (5)<br \/>&#8211; Taajuudet (2)<br \/>&#8211; Uudet lentov\u00e4yl\u00e4t (1)<\/p><p>Kaupank\u00e4ynti<br \/>&#8211; Business-uutisia (7)<br \/>&#8211; Elstar-uutisia (7)<\/p><p>&#8211; Hintoja ulkomailla (4)<br \/>P\u00e4\u00e4kirjoiitus (7)<br \/>&#8211; Radion ostoon (5)<br \/>&#8211; Skanneri Kanarialla (1)<br \/>&#8211; Sukellusveneit\u00e4 P-Korealle (1)<\/p><p>Kirjat<br \/>&#8211; Kirjasensuuria jenkeiss\u00e4 (4)<br \/>&#8211; Receiver Shopping List (1)<br \/>&#8211; Vainovalkeista valokaapeliin (1)<\/p><p>Koodit<br \/>&#8211; K\u00e4ytt\u00f6\u00f6n uudet poliisikoodit (1)<br \/>&#8211; Lis\u00e4\u00e4 salakirjoitusta (2)<br \/>&#8211; Tampereen poliisikoodit (3)<br \/>&#8211; Uudet poliisikoodit (2)<\/p><p>Laki ja sen k\u00e4ytt\u00f6<br \/>&#8211; Ahola on aktiivinen kaveri (6)<br \/>&#8211; Ei ratsioita Syrj\u00e4selle (4)<br \/>&#8211; Elstar valittaa oikeusasiamiehelle (4)<br \/>&#8211; Elstar voitti THK:n (4)<br \/>&#8211; Ennaltaehk\u00e4ise ongelmat (7)<br \/>&#8211; TV-lupatarkastajan henkil\u00f6llisyys (6)<br \/>&#8211; Kotietsint\u00e4 viiv\u00e4stytti ilmestymisen (3)<br \/>&#8211; Kun sinut ratsataan (1)<br \/>&#8211; Lakitietoutta (7)<br \/>&#8211; Lautasantennikielto Arabian niemimaalla (3)<br \/>&#8211; LA-rangaistuksia (7)<br \/>&#8211; Puolan poliisi ratsaa (6)<br \/>&#8211; P\u00e4\u00e4kirjoitus (3)<br \/>&#8211; Radiorikos ei vanhene (6)<br \/>&#8211; Ratsiaketju jatkuu (4)<br \/>&#8211; Riemullinen ratsia (5)<br \/>&#8211; Rikosilmoitus etsinn\u00e4st\u00e4 (4)<br \/>&#8211; Salakuuntelun m\u00e4\u00e4rittely (6)<br \/>&#8211; Seuraavaksi Hesariin? (6)<br \/>&#8211; Skanneri h\u00e4visi hovissa (5)<br \/>&#8211; Tampereella skanneririkollisia? (7)<br \/>&#8211; THK iski: Bandercom (7)<br \/>&#8211; THK jatkaa ratsioita (6)<br \/>&#8211; Tutkimuspyynt\u00f6 Aholasta (6)<\/p><p>LA\/PR\/CB-puhelimet ja lis\u00e4laitteet<br \/>&#8211; Mocoma 27 FM (7)<br \/>&#8211; Mocoma 7440 (5)<br \/>&#8211; Ranger RCI-2950 (2)<\/p><p>LA\/PR\/CB-puhelinliikenn\u00f6inti<br \/>&#8211; Tavoitteleeko AT-Klubi valtaa? (1)<br \/>&#8211; Romuttaako EU PR27-j\u00e4rjestelm\u00e4n? (1)<br \/>&#8211; Sierra-Foxtrot kokoontui (7)<\/p><p>Lehdet<br \/>&#8211; Enigma (2)<br \/>&#8211; National Scanning (3)<br \/>&#8211; Northeast Scanning News (3)<br \/>&#8211; Radio! (6)<br \/>&#8211; Radio Communication Journal (2)<br \/>&#8211; Radio Monitors Newsletter of Maryland (4)<br \/>&#8211; Radio Review (2)<br \/>&#8211; SF Magazine (3)<br \/>&#8211; Talk Radio (3)<br \/>&#8211; Turvallisuus (6)<\/p><p>Lukijakirjeet<br \/>&#8211; 11 metrin mietteit\u00e4 (2)<br \/>&#8211; Aholta tekee vain ty\u00f6t\u00e4\u00e4n (7)<br \/>&#8211; Amat\u00f6\u00f6rit auttavat sokeita (7)<br \/>&#8211; CB-SSB &amp; 70 sentti\u00e4 (4)<br \/>&#8211; CB-SSB-toiminta (7)<br \/>&#8211; Etsimme UFO-apua (5)<br \/>&#8211; Jouduitko ilonpilaajien uhriksi? (4)<br \/>&#8211; Kenwood kivisein\u00e4\u00e4n (5)<br \/>&#8211; Kiitokset THK:lle (4)<br \/>&#8211; Kohtuus ennenkaikkea (6)<br \/>&#8211; Kotihiiri kirjoittaa (7)<br \/>&#8211; LA-harrastajat &#8211; lainsuojaton v\u00e4hemist\u00f6? (6)<br \/>&#8211; Liikkarit museoon? (2)<br \/>&#8211; Mikkelin kupla? (4)<br \/>&#8211; Mik\u00e4 p\u00e4risee Lahdessa? (4)<br \/>&#8211; Miljoona markkaa vuodessa (7)<br \/>&#8211; Oikeus ja kohtuus (4)<br \/>&#8211; Omituinen antenni (5)<br \/>&#8211; Radiokauppiaat kyll\u00e4stytt\u00e4\u00e4 (2)<br \/>&#8211; Ratsattu piraatti (4)<br \/>&#8211; SF-artikkelista (2,4)<br \/>&#8211; Skannataan kaapelia TV:ll\u00e4 (5)<br \/>&#8211; Skanneri vuonna yksi (5)<br \/>&#8211; Sorto riitt\u00e4\u00e4 (7)<br \/>&#8211; Suomea suomalaisille (2)<br \/>&#8211; Tarkennus juttuun &#8216;Skanneri kertaa&#8217; (2)<br \/>&#8211; Tilaajanumeron n\u00e4ytt\u00f6laitteet (2)<br \/>&#8211; T\u00e4rkeysj\u00e4rjestys (7)<br \/>&#8211; Yupiterusta ja RX-vahvistimesta (1)<br \/>&#8211; ULA-piraattina jo 1969-1972 (1)<\/p><p><br \/>Matkakertomukset<br \/>&#8211; Hong Kong Special (4)<br \/>&#8211; Skanneri Kanarialla (1)<br \/>&#8211; YLE:n Pasilan linkkitorni (6)<\/p><p>&nbsp;<\/p><p>Matkapuhelin<br \/>&#8211; GSM kuuntelu yleistyy (1)<br \/>&#8211; GSM:n avausohjelmat vitsej\u00e4? (5)<br \/>&#8211; Helsingiss\u00e4 varastettiin yli 700 matkapuhelinta (2)<br \/>&#8211; Jos NMT:st\u00e4 kuuluu ven\u00e4j\u00e4\u00e4&#8230; (1)<br \/>&#8211; Kuuluuko GSM? (2)<br \/>&#8211; K\u00e4yet\u00e4\u00e4n viisaammin: Motorola Microtac Classic (3)<br \/>&#8211; Latvian GSM-verkko (7)<br \/>&#8211; NMT-GSM-poliisin tietosuoja (6)<br \/>&#8211; NMT-j\u00e4rjestelm\u00e4 ei ole aukoton (3)<br \/>&#8211; NMT:n ohjelmointia (5)<br \/>&#8211; NMT-ohjeita (5)<br \/>&#8211; NMT:st\u00e4 skanneri (5)<br \/>&#8211; NMT-vastaajan k\u00e4yt\u00f6st\u00e4 (3)<br \/>&#8211; Opettajat k\u00e4nnyk\u00f6it\u00e4 vastaan (7)<br \/>&#8211; Soittajan n\u00e4ytt\u00f6 GSM:\u00e4\u00e4n (5)<br \/>&#8211; Reilua peli\u00e4 Radiolinjalta (5)<br \/>&#8211; Tappava k\u00e4nnykk\u00e4kauppa (6)<br \/>&#8211; Varastettu NMT verkkoon (3)<\/p><p>Measuring devices<br \/>&#8211; Interceptori (6)<br \/>&#8211; Langatonta ajanottoa (7)<\/p><p>Modifoinnit, huolto, virittely<br \/>&#8211; Alpha 1000 (3)<br \/>&#8211; AR-2002 (1)<br \/>&#8211; Danitan suhinat (2)<br \/>&#8211; Fintec FC-220\/FC-400 (5)<br \/>&#8211; Icom IC-751 (1)<br \/>&#8211; Icom M-700 (1)<br \/>&#8211; Icom PB-90:n lataus (7)<br \/>&#8211; Kenwood TM-721A (3)<br \/>&#8211; LV301 ja LV302 (5)<br \/>&#8211; Mocoma 27\/45 (4)<br \/>&#8211; President JFK (3)<br \/>&#8211; Realistic PRO-23 ja 51 (7)<br \/>&#8211; Sony PRO-80 (5)<br \/>&#8211; Superstar 120 (3)<br \/>&#8211; Uniden UBC\/BC-200XLT (1,2)<br \/>&#8211; Yaesu FTH-2006 (4)<br \/>&#8211; Zodiac M-5126 (1)<\/p><p>Paikallisradiot<br \/>&#8211; Digitaaliradio Ruotsissa (5)<br \/>&#8211; P\u00e4\u00e4kirjoitus (7)<br \/>&#8211; RDS-systemi USA:ankin (4)<br \/>&#8211; Valtakunnallisen kanavan hakijat (3)<\/p><p>Poliisiradio<br \/>&#8211; H\u00e4irik\u00f6it\u00e4 kanavilla (6)<br \/>&#8211; Karaokea poliisille (7)<br \/>&#8211; Karjalan poliisi (6)<br \/>&#8211; Kauniita ja Rohkeita kanavilla Turussa (3)<br \/>&#8211; Laittomuuksia Riihim\u00e4ell\u00e4 (6)<br \/>&#8211; P\u00e4\u00e4kirjoitus (2,4)<br \/>&#8211; Radioliikenne sekoilee (7)<br \/>&#8211; Ratkaisuja Riihim\u00e4ell\u00e4 (7)<br \/>&#8211; Salaamatonta liikennett\u00e4 Helsingiss\u00e4 (1)<br \/>&#8211; Salausta purkamaan? (7)<br \/>&#8211; Teatteria poliisikanavalla (2)<\/p><p><br \/>Puhelin<br \/>&#8211; Combi-asentajapuhelin (1)<br \/>&#8211; DTMF dekooderi (6)<br \/>&#8211; Euroset 830-puhelin (1)<br \/>&#8211; Liittym\u00e4 pois k\u00e4yt\u00f6st\u00e4 (6)<br \/>&#8211; Puhelinkopin numero (7)<br \/>&#8211; Puhelukorttien yhteiskokeilu (6)<br \/>&#8211; P\u00e4\u00e4kirjoitus (1,5)<br \/>&#8211; Salainen puhelinnumero (7)<br \/>&#8211; Taskuliittym\u00e4 joka pojalle (1)<br \/>&#8211; Telia osti ilmaissoittolaitteen (7)<br \/>&#8211; Videokuvien tilausta (7)<br \/>&#8211; Vihelt\u00e4m\u00e4ll\u00e4 ilmaiseksi (7)<br \/>&#8211; Viihdelinjaesto eduskuntaan (6)<\/p><p>P\u00e4\u00e4kirjoitukset<br \/>&#8211; Avoimuutta harrastukseen (2)<br \/>&#8211; DX-kes\u00e4kokoukset (5)<br \/>&#8211; EU-tullit (7)<br \/>&#8211; HPY:n mystiset laskut (5)<br \/>&#8211; Hurjia huhuja (5)<br \/>&#8211; H\u00e4irik\u00f6it\u00e4 poliisitaajuudella (4)<br \/>&#8211; H\u00e4irik\u00f6t kuriin (2)<br \/>&#8211; Ilmaislehti\u00e4 tiedoista (1)<br \/>&#8211; Kierr\u00e4tett\u00e4vi\u00e4 radioita (5)<br \/>&#8211; Kiire ennen amat\u00f6\u00f6rej\u00e4 (4)<br \/>&#8211; Kolvailun sankarit (6)<br \/>&#8211; Syyskelej\u00e4 (6)<br \/>&#8211; Taistelu mainosmarkoista (7)<br \/>&#8211; Tampereen amat\u00f6\u00f6rit sotajalalla (1)<br \/>&#8211; Tavallisimmat vastaukset (6)<br \/>&#8211; Telehakkerointi (1)<br \/>&#8211; Toimitus ratsattu (3)<\/p><p>Radioamat\u00f6\u00f6rilaitteet<br \/>&#8211; LV301 ja LV302 (5)<br \/>&#8211; Sea Ranger meri-VHF-puhelin (4)<br \/>&#8211; Tarkennus l\u00e4hetinten ker\u00e4ilyyn ja museointiin (6)<br \/>&#8211; Yaesun k\u00e4ytt\u00f6ohje (3)<\/p><p>Radioamat\u00f6\u00f6ritoiminta<br \/>&#8211; 10mb:n toistin Turkuun (1)<br \/>&#8211; Uusi amat\u00f6\u00f6riliitto? (1)<br \/>&#8211; Kerho hajosi Tampereella (1)<br \/>&#8211; Perusluokalle puheoikeuksia (6)<br \/>&#8211; P\u00e4\u00e4kirjoitus (1,4)<\/p><p>Rakennusohjeet<br \/>&#8211; 50 ohmin keinokuorma (4)<br \/>&#8211; H\u00e4iri\u00f6it\u00e4 puhelimessa (1)<br \/>&#8211; LV302 lailliseksi (6)<br \/>&#8211; NMT-900-antenni (5)<br \/>&#8211; Paristotesteri (4)<br \/>&#8211; Peruspoweri II (5)<br \/>&#8211; Peruspoweri II korjauksia (7)<br \/>&#8211; Pitopiiri-kytkent\u00e4 (1)<br \/>&#8211; Rakenna asemasi oikein (3)<br \/>&#8211; RX-valo j\u00e4rjev\u00e4ksi (6)<br \/>&#8211; Tehokas looppi LA:lle (3)<\/p><p>Satelliitit<br \/>&#8211; Kun USA m\u00e4\u00e4r\u00e4\u00e4 ajan ja paikan (4)<br \/>&#8211; Satelliittipiraatteja (7)<br \/>&#8211; Tosil\u00f6yt\u00f6 US-armylt\u00e4 (5)<\/p><p>Security<br \/>&#8211; Fax-salaisuuteen parannus (2)<br \/>&#8211; Home Sentry (1)<br \/>&#8211; Rannevaroitin (7)<br \/>&#8211; Robottipuhelin on riski (7)<\/p><p>Skannailu<br \/>&#8211; Erika iskee (6)<br \/>&#8211; Estonian poreita (7)<br \/>&#8211; H\u00e4iri\u00f6kohta Kuopiossa (4)<br \/>&#8211; Skannerikielto mielisairaalassa (6)<\/p><p>Skannerivastaanottimet ja lis\u00e4laitteet<br \/>&#8211; Alinco DJ-X1 (3)<br \/>&#8211; AOR AR800E (3)<br \/>&#8211; AOR AR900 (3)<br \/>&#8211; AOR AR2001 (3)<br \/>&#8211; AOR AR2002 (3)<br \/>&#8211; AOR AR2515 (3)<br \/>&#8211; AOR AR3000 (3)<br \/>&#8211; Cobra SR-901 (3)<br \/>&#8211; Commex Scanner 1 (3)<br \/>&#8211; DLS-400 (5)<br \/>&#8211; DLS-70 (3)<br \/>&#8211; Fair-Mate HP-100 (3)<br \/>&#8211; Handic 0016 (1)<br \/>&#8211; Handic 1600 Mk II (3)<br \/>&#8211; Icom IC-A20 Mk II (7)<br \/>&#8211; Icom IC-R1 (3)<br \/>&#8211; Icom IC-R100 (3)<br \/>&#8211; Icom IC-R7000 (3)<br \/>&#8211; Icom IC-R7000 HF (3)<br \/>&#8211; Icom IC-7000 mod. (3)<br \/>&#8211; Icom IC-R7100 (3)<br \/>&#8211; Icom IC-R7100 toimintoja (7)<br \/>&#8211; Icom IC-R9000 (3)<br \/>&#8211; Kaiser NFT-1000 (3)<br \/>&#8211; Kenwood RZ-1 (3)<br \/>&#8211; Kraco PRO-20 MK II (4)<br \/>&#8211; Netset PRO-2032 Hyperscan (6)<br \/>&#8211; Realsitic PRO-30 (3)<br \/>&#8211; Realistic PRO-43 (3)<br \/>&#8211; Realistic PRO-2006 (2)<br \/>&#8211; Road Runner (3)<br \/>&#8211; Robyn P-20 (3)<br \/>&#8211; Saico SC-292 (3)<br \/>&#8211; Saico SC-4000 (3)<br \/>&#8211; Saico SC-7000 (3)<br \/>&#8211; Shinwa SR-001 (3)<br \/>&#8211; Shinwa SR-001\/A (3)<br \/>&#8211; Standard AX700 (3)<br \/>&#8211; Sony AIR-7 (3)<br \/>&#8211; Sony AIR-8 (3)<br \/>&#8211; Sony PRO-70 (3)<br \/>&#8211; Sony PRO-80 (3)<br \/>&#8211; Uniden Bearcat BC-400XLT (7)<br \/>&#8211; Uniden Bearcat UBC-200XLT (3)<br \/>&#8211; Uniden Sportcat SC-150B (6)<br \/>&#8211; Yupiteru VT-225 (3)<br \/>&#8211; Yupiteru MVT-5000 (3)<br \/>&#8211; Yupiteru MVT-6000 (3)<br \/>&#8211; Yupiteru MVT-7000 (3)<br \/>&#8211; Yupiteru MVT-7100 (3)<br \/>&#8211; Yupiteru MVT-8000 (3)<\/p><p><br \/>Sotilasradio<br \/>&#8211; Leijona &#8217;94 (7)<br \/>&#8211; Ilmavoimat harjoitteli (6)<br \/>&#8211; Meripelastusharjoitus (1)<br \/>&#8211; Satlsto &amp; Karlsto (7)<\/p><p>Suomen Radiohistoriallinen Seura<br \/>&#8211; Hallitus valittiin (3)<\/p><p>Surveillance<br \/>&#8211; Aquacade satelliitti (3)<br \/>&#8211; Betonimikki (1)<br \/>&#8211; KGB-l\u00e4hetin-mikrofoni (7)<br \/>&#8211; U-01 puhelimen kuuntelija (5)<br \/>&#8211; Uusi salakuunelupuhelin (7)<br \/>&#8211; Viipurin kuunteluasema munasi (5)<\/p><p>Tietokoneet ja ohjelmat<br \/>&#8211; Metropoli (7)<br \/>&#8211; Muutoksia BBS-linjoilla (1)<br \/>&#8211; Puheentunnistusta (7)<br \/>&#8211; Suuntaa antennille (5)<\/p><p>&nbsp;<\/p><p><br \/>Tutkanpaljastimet ja liikennetutkat<br \/>&#8211; Defender 3 (2)<br \/>&#8211; Lasertutka Ruotsissa (7)<br \/>&#8211; LP:ll\u00e4 4 lasertutkaa (5)<br \/>&#8211; Poliisin tutkat (7)<br \/>&#8211; USA kielsi paljastimet (4)<br \/>&#8211; Valentine p\u00e4\u00e4kaupungissa (4)<\/p><p>TV<\/p><p><br \/>&#8211; DX-100 De Luxe TV-konvertteri (1)<br \/>&#8211; Kaapeli-Filmnet vinkkej\u00e4 (4)<br \/>&#8211; Tappavaa kaukos\u00e4\u00e4t\u00f6\u00e4 (1)<br \/>&#8211; Luvattomat TV:t (1)<br \/>&#8211; Kuva levi\u00e4\u00e4 l\u00e4hivuosina (3)<br \/>&#8211; Satelliittitiirikka (4)<\/p><p>Vapaa radio, piraatit<br \/>&#8211; Bristol (1)<br \/>&#8211; Cool Jazz (1,6)<br \/>&#8211; Diablo (1)<br \/>&#8211; Discoline (5)<br \/>&#8211; Meripiraattiuutisia (2)<br \/>&#8211; Meteor (1)<br \/>&#8211; Moksai (5)<br \/>&#8211; Osoite ulkomailla (4)<br \/>&#8211; Pirate News (1, 5,7)<br \/>&#8211; Radio Discoline k\u00e4rysi (1)<br \/>&#8211; Ruotsi-asemia (7)<br \/>&#8211; USA-asemia (7)<br \/>&#8211; Uusi Kiss FM (1)<br \/>&#8211; Veronica FM kiert\u00e4\u00e4 (1)<br \/>&#8211; Voice of Free Radio (6)<br \/>&#8211; Wega (1)<\/p><p>Vekottimia<br \/>&#8211; Masterola mobile phone (5)<br \/>&#8211; Peleng-stabiskooppi (4)<br \/>&#8211; Satelliittikello (3)<\/p><p>VHF-UHF-taajuudet<br \/>&#8211; Alastaron moottorirata (6)<br \/>&#8211; Forssan STV (7)<br \/>&#8211; Haminan varuskunta (1)<br \/>&#8211; Lappeenrannan RAY (7)<br \/>&#8211; Linnanm\u00e4en taajuuksia (7)<br \/>&#8211; Merikanavat (4)<br \/>&#8211; Moottoritien parannust\u00f6it\u00e4 (6)<br \/>&#8211; P\u00e4\u00e4kaupunkiseudun taajuuksia (5)<br \/>&#8211; Rajavartioston kertausharjoitus (1)<br \/>&#8211; Ruotsin meritaajuuksia (6)<br \/>&#8211; Satlsto &amp; Karlsto (7)<br \/>&#8211; Skannaa vesitorneja (7)<br \/>&#8211; Skannataan kaapelia (2)<br \/>&#8211; Taajuuksia avaruudesta (1)<br \/>&#8211; Taajuuksia lukijoilta (5)<br \/>&#8211; Taajuuksia Sein\u00e4joelta (7)<br \/>&#8211; Turku Special (2)<br \/>&#8211; Ven\u00e4j\u00e4\u00e4 VHF:ll\u00e4 (5,7)<br \/>&#8211; \u00c4\u00e4nentoiston taajuudet (7)<\/p><p>YLE<\/p><p>&#8220;\u00d6&#8221;-mappi<br \/>&#8211; Asiaa VFO-nupista (3)<br \/>&#8211; Ep\u00e4tavalliset poliisiautot (6)<br \/>&#8211; Ilmaislehti\u00e4 (2)<br \/>&#8211; Ilmoita osoitteen muutos (1)<br \/>&#8211; Kev\u00e4iset ukonilmat (3)<br \/>&#8211; Mik\u00e4 on ACE? (3)<br \/>&#8211; Mik\u00e4 on AOR? (3)<br \/>&#8211; Oletko kuullut? (5)<br \/>&#8211; Palautetta (5)<br \/>&#8211; RC-ohjaimen monik\u00e4ytt\u00f6 (7)<br \/>&#8211; Sis\u00e4llys &#8217;93 (3)<br \/>&#8211; Skanneri mukana moottoriurheilussa (7)<br \/>&#8211; Tavallisimmat vastaukset (6)<br \/>&#8211; Tahokkaimmat paristot (1)<br \/>&#8211; THK:n maksuja (7)<br \/>&#8211; THK:n radiotarkkailun yhteystiedot (4)<br \/>&#8211; Uusia taajuusluetteloita (7)<\/p>","protected":false},"excerpt":{"rendered":"<p>Loppuunmyydyksi merkittyjen lehtien yksitt\u00e4isist\u00e4 artikkeleista voi tilata kopioita tai skannauksia.<\/p>","protected":false},"featured_media":36747,"template":"","meta":[],"_links":{"self":[{"href":"https:\/\/www.radiomarket.fi\/en\/wp-json\/wp\/v2\/product\/32389"}],"collection":[{"href":"https:\/\/www.radiomarket.fi\/en\/wp-json\/wp\/v2\/product"}],"about":[{"href":"https:\/\/www.radiomarket.fi\/en\/wp-json\/wp\/v2\/types\/product"}],"wp:featuredmedia":[{"embeddable":true,"href":"https:\/\/www.radiomarket.fi\/en\/wp-json\/wp\/v2\/media\/36747"}],"wp:attachment":[{"href":"https:\/\/www.radiomarket.fi\/en\/wp-json\/wp\/v2\/media?parent=32389"}],"curies":[{"name":"wp","href":"https:\/\/api.w.org\/{rel}","templated":true}]}}