{"id":32392,"date":"2022-05-10T08:28:40","date_gmt":"2022-05-10T05:28:40","guid":{"rendered":"https:\/\/www.radiomarket.fi\/?post_type=product&#038;p=32392"},"modified":"2023-08-23T14:26:56","modified_gmt":"2023-08-23T11:26:56","slug":"huolto-ohje-philips-b5sf84a-b5x84a","status":"publish","type":"product","link":"https:\/\/www.radiomarket.fi\/en\/kohde\/huolto-ohje-philips-b5sf84a-b5x84a\/","title":{"rendered":"Huolto-ohje Philips B5SF84A \/ B5X84A"},"content":{"rendered":"<p>Kielin\u00e4 hollanti, ranska ja saksa<br \/><br \/>Nederlands<br \/>Francais<br \/>Deutsch<\/p><p>Mik\u00e4li et l\u00f6yt\u00e4nyt hakemaasi huolto- tai k\u00e4ytt\u00f6ohjetta Radiomarketista, muistathan my\u00f6s Radio- ja Puhelinmuseon arkistopalvelun. Lis\u00e4tietoja materiaalin saatavuudesta ja hinnoittelusta l\u00f6ytyy Pet\u00e4j\u00e4veden Radio- ja Puhelinmuseon verkkosivuilta.<\/p>","protected":false},"excerpt":{"rendered":"<p>Kielin\u00e4 hollanti, ranska ja saksaNederlandsFrancaisDeutschMik\u00e4li et l\u00f6yt\u00e4nyt hakemaasi huolto- tai k\u00e4ytt\u00f6ohjetta Radiomarketista, muistathan my\u00f6s Radio- ja Puhelinmuseon arkistopalvelun. Lis\u00e4tietoja materiaalin saatavuudesta ja hinnoittelusta l\u00f6ytyy Pet\u00e4j\u00e4veden Radio- ja Puhelinmuseon verkkosivuilta.<\/p>","protected":false},"featured_media":0,"template":"","meta":[],"_links":{"self":[{"href":"https:\/\/www.radiomarket.fi\/en\/wp-json\/wp\/v2\/product\/32392"}],"collection":[{"href":"https:\/\/www.radiomarket.fi\/en\/wp-json\/wp\/v2\/product"}],"about":[{"href":"https:\/\/www.radiomarket.fi\/en\/wp-json\/wp\/v2\/types\/product"}],"wp:attachment":[{"href":"https:\/\/www.radiomarket.fi\/en\/wp-json\/wp\/v2\/media?parent=32392"}],"curies":[{"name":"wp","href":"https:\/\/api.w.org\/{rel}","templated":true}]}}