{"id":32479,"date":"2022-05-11T14:07:21","date_gmt":"2022-05-11T11:07:21","guid":{"rendered":"https:\/\/www.radiomarket.fi\/?post_type=product&#038;p=32479"},"modified":"2023-07-10T11:16:36","modified_gmt":"2023-07-10T08:16:36","slug":"ekub0206-lahtikko-juomakori-vintage","status":"publish","type":"product","link":"https:\/\/www.radiomarket.fi\/en\/kohde\/ekub0206-lahtikko-juomakori-vintage\/","title":{"rendered":"EKUB0206 Lahtikko juomakori vintage"},"content":{"rendered":"Ehj\u00e4 Lahtikko 1970-luvulta. Kuvassa olevat pullot uudempia, ilmoita tilatessasi haluatko my\u00f6s tyhj\u00e4t pullot.","protected":false},"excerpt":{"rendered":"<p>Ehj\u00e4 Lahtikko 1970-luvulta. Kuvassa olevat pullot uudempia, ilmoita tilatessasi haluatko my\u00f6s tyhj\u00e4t pullot.<\/p>","protected":false},"featured_media":32485,"template":"","meta":[],"_links":{"self":[{"href":"https:\/\/www.radiomarket.fi\/en\/wp-json\/wp\/v2\/product\/32479"}],"collection":[{"href":"https:\/\/www.radiomarket.fi\/en\/wp-json\/wp\/v2\/product"}],"about":[{"href":"https:\/\/www.radiomarket.fi\/en\/wp-json\/wp\/v2\/types\/product"}],"wp:featuredmedia":[{"embeddable":true,"href":"https:\/\/www.radiomarket.fi\/en\/wp-json\/wp\/v2\/media\/32485"}],"wp:attachment":[{"href":"https:\/\/www.radiomarket.fi\/en\/wp-json\/wp\/v2\/media?parent=32479"}],"curies":[{"name":"wp","href":"https:\/\/api.w.org\/{rel}","templated":true}]}}