{"id":32552,"date":"2022-05-16T18:43:40","date_gmt":"2022-05-16T15:43:40","guid":{"rendered":"https:\/\/www.radiomarket.fi\/?post_type=product&#038;p=32552"},"modified":"2025-11-08T10:55:19","modified_gmt":"2025-11-08T08:55:19","slug":"ekum0304-nokia-valomainoslevy","status":"publish","type":"product","link":"https:\/\/www.radiomarket.fi\/en\/kohde\/ekum0304-nokia-valomainoslevy\/","title":{"rendered":"EKUM0304 NOKIA valomainoslevy"},"content":{"rendered":"<p>Radiolinjan myym\u00e4l\u00e4rekvisiittaa, poistettu k\u00e4yt\u00f6st\u00e4 noin vuonna 2000. Hyllyn yl\u00e4reunan valomainos. Pleksimuovi Nokia-teippauksella. T\u00e4m\u00e4 on valaistu takaa 18 watin loisteputkella. Osa myyt\u00e4vist\u00e4 plekseist\u00e4 voi olla toimitettaessa kaarevia, koska ne ovat olleet alkujaan asennettuina kaarevaan muotoon. Pleksi on tarkoitettu asennettavaksi yl\u00e4- ja alapuoliseen uraan ja kaarevakin pleksi oikenee tarvittaessa suoraksi. Yl\u00e4reunan muovikalvossa voi olla l\u00e4mp\u00f6ryppyj\u00e4.<br \/><br \/>Kuvassa alempi myyty, j\u00e4ljell\u00e4 1 kpl.<\/p>","protected":false},"excerpt":{"rendered":"<p>Radiolinjan myym\u00e4l\u00e4rekvisiittaa, poistettu k\u00e4yt\u00f6st\u00e4 noin vuonna 2000. Hyllyn yl\u00e4reunan valomainos. Pleksimuovi Nokia-teippauksella. T\u00e4m\u00e4 on valaistu takaa 18 watin loisteputkella. Osa myyt\u00e4vist\u00e4 plekseist\u00e4 voi olla toimitettaessa kaarevia, koska ne ovat olleet alkujaan asennettuina kaarevaan muotoon. Pleksi on tarkoitettu asennettavaksi yl\u00e4- ja alapuoliseen uraan ja kaarevakin pleksi oikenee tarvittaessa suoraksi. Yl\u00e4reunan muovikalvossa voi olla l\u00e4mp\u00f6ryppyj\u00e4.Kuvassa alempi myyty, &hellip;<\/p>\n<p class=\"read-more\"> <a class=\"thunk-readmore button\" href=\"https:\/\/www.radiomarket.fi\/en\/kohde\/ekum0304-nokia-valomainoslevy\/\"> <span class=\"screen-reader-text\">EKUM0304 NOKIA valomainoslevy<\/span>Read More<\/a><\/p>","protected":false},"featured_media":32550,"template":"","meta":[],"_links":{"self":[{"href":"https:\/\/www.radiomarket.fi\/en\/wp-json\/wp\/v2\/product\/32552"}],"collection":[{"href":"https:\/\/www.radiomarket.fi\/en\/wp-json\/wp\/v2\/product"}],"about":[{"href":"https:\/\/www.radiomarket.fi\/en\/wp-json\/wp\/v2\/types\/product"}],"wp:featuredmedia":[{"embeddable":true,"href":"https:\/\/www.radiomarket.fi\/en\/wp-json\/wp\/v2\/media\/32550"}],"wp:attachment":[{"href":"https:\/\/www.radiomarket.fi\/en\/wp-json\/wp\/v2\/media?parent=32552"}],"curies":[{"name":"wp","href":"https:\/\/api.w.org\/{rel}","templated":true}]}}